{"id":7483,"date":"2023-11-14T18:52:10","date_gmt":"2023-11-14T18:52:10","guid":{"rendered":"https:\/\/mamazino.eu\/preke\/sauskelnes-s-dydis\/"},"modified":"2023-11-14T18:52:10","modified_gmt":"2023-11-14T18:52:10","slug":"sauskelnes-s-dydis","status":"publish","type":"product","link":"https:\/\/mamazino.eu\/en\/product\/sauskelnes-s-dydis\/","title":{"rendered":"Sauskeln\u0117s S dydis 4-8kg (88 vnt.)"},"content":{"rendered":"<p><img decoding=\"async\" class=\"alignnone wp-image-5356\" src=\"http:\/\/mamazino.eu\/wp-content\/uploads\/2023\/11\/Aiwibi-logo2.png\" alt=\"\" width=\"228\" height=\"40\" \/><img decoding=\"async\" class=\"alignnone wp-image-5354\" src=\"http:\/\/mamazino.eu\/wp-content\/uploads\/2023\/11\/Dermatest.png\" alt=\"\" width=\"95\" height=\"96\" srcset=\"https:\/\/mamazino.eu\/wp-content\/uploads\/2023\/11\/Dermatest.png 1500w, https:\/\/mamazino.eu\/wp-content\/uploads\/2023\/11\/Dermatest-150x150.png 150w, https:\/\/mamazino.eu\/wp-content\/uploads\/2023\/11\/Dermatest-700x700.png 700w, https:\/\/mamazino.eu\/wp-content\/uploads\/2023\/11\/Dermatest-300x300.png 300w, https:\/\/mamazino.eu\/wp-content\/uploads\/2023\/11\/Dermatest-1024x1024.png 1024w, https:\/\/mamazino.eu\/wp-content\/uploads\/2023\/11\/Dermatest-768x768.png 768w, https:\/\/mamazino.eu\/wp-content\/uploads\/2023\/11\/Dermatest-650x650.png 650w, https:\/\/mamazino.eu\/wp-content\/uploads\/2023\/11\/Dermatest-1300x1300.png 1300w, https:\/\/mamazino.eu\/wp-content\/uploads\/2023\/11\/elementor\/thumbs\/Dermatest-qh20tqsehwrso25bm8o7atr84g5hdwl6wzpg66s4q0.png 100w\" sizes=\"(max-width: 95px) 100vw, 95px\" \/><\/p>\n<p>&nbsp;<\/p>\n<p>&#8211; Ypatingai plonos k\u016bdiki\u0173 sauskeln\u0117s suteikian\u010dios auk\u0161\u010diausi\u0105 komforto poj\u016bt\u012f ma\u017eyliams.<br \/>\n&#8211; Itin \u0161velnus kar\u0161tu oru apdorotas vir\u0161utinis sluoksnis.<br \/>\n&#8211; Puiki absorbcija palaikanti k\u016bdikio odel\u0119 saus\u0105 vis\u0105 laik\u0105.<br \/>\n&#8211; 3D dr\u0117gmei nepralaid\u016bs kra\u0161tai.<br \/>\n&#8211; Ypa\u010d \u0161velnios odai.<br \/>\n&#8211; Kv\u0117puojantis, mink\u0161tas ir \u0161velnus galinis sluoksnis su pie\u0161iniais.<br \/>\n&#8211; Daugkartinio u\u017esegimo Velcro juostel\u0117s.<br \/>\n&#8211; Nepraleid\u017eiantys dr\u0117gm\u0117s kra\u0161teliai.<br \/>\n&#8211; Baltos spalvos ADL (Papildomas difuzinis sluoksnis).<br \/>\n&#8211; Dr\u0117gm\u0117s indikatorius.<br \/>\n&#8211; Elastinga baltos spalvos juosmens juosta.<br \/>\n&#8211; Apatin\u0117s kelnait\u0117s i\u0161formuotos su dr\u0117gm\u0119 sugerian\u010diu centru.<br \/>\n&#8211; 50% Sumitomo polimerai + 50% Sandia SAP (kilm\u0117s \u0161alis Japonija) polimerai.<\/p>\n<p>&nbsp;<\/p>\n<p><strong>Sud\u0117tis:<\/strong><\/p>\n<p><strong>Neaustinis audinys<\/strong> (Non- Wowen Fabric) (Polymer Group, Inc, JAV): pasi\u017eymi i\u0161skirtine \u201eSilkySoft Air\u2122\u201c technologija, u\u017etikrinan\u010dia, kad kiekvienas sluoksnis b\u016bt\u0173 \u0161ilkinio \u0161velnumo. Pagaminta be chloro, fenoli\u0173, sunki\u0173j\u0173 metal\u0173 ar chemini\u0173 pried\u0173, hipoalergi\u0161ki ir saug\u016bs odai.<\/p>\n<p><strong>Klijai<\/strong> (Henkel LOCTITE\u00ae, Vokietija): naudojami auk\u0161tos kokyb\u0117s Henkel LOCTITE\u00ae klijai, saug\u016bs jautriai odai, kurie u\u017etikrina, jog komponentai tvirtai laikyt\u0173si.<\/p>\n<p><strong>Itin sugeriantis polimeras <\/strong>(SDP Global Co., Ltd, Japan &amp; Sumitomo, Japonija): su 2 mm itin plonu Air\u2122 sugerian\u010diu sluoksniu u\u017etikrina greit\u0105 didelio kiekio skys\u010dio absorbcij\u0105,- iki 1200 ml; neper\u0161lampa, tod\u0117l oda i\u0161lieka sausa.<\/p>\n<p><strong>Milijonai kv\u0117puojan\u010di\u0173 mikropor\u0173 technologija<\/strong> (Ausepic Group Pty., Ltd, Australija): \u0161i technologija, pritaikyta PE pl\u0117velei, kuri turi milijonus mikropor\u0173, u\u017etikrinan\u010di\u0173 puik\u0173 kv\u0117pavim\u0105, u\u017ekerta keli\u0105 vystykl\u0173 b\u0117rimui, nes oda i\u0161lieka sausa.<\/p>\n<p><strong>Magi\u0161kos lipnios juostel\u0117s <\/strong>(3M\u2122, JAV): atsparios vandeniui ir patvarios, su unikaliu dizainu- t\u016bkstan\u010diais \u201egryb\u0173 galvu\u010di\u0173\u201c. U\u017etikrina, kad u\u017esegti ir v\u0117l atsegti b\u016bt\u0173 galima tiek kart\u0173, kiek reikia. Priglunda ir i\u0161lieka vietoje.<\/p>\n<p><strong>P\u016bkuota medviln\u0117<\/strong>: ekologi\u0161kas, nat\u016bralus pluo\u0161tas, u\u017etikrinantis optimal\u0173 dr\u0117gm\u0117s pasiskirstym\u0105, mink\u0161tum\u0105 ir komfort\u0105.<\/p>\n<p><strong>I\u0161pl\u0117stas popierius<\/strong>: ekologi\u0161kas, medienos plau\u0161ienos ir sintetini\u0173 pluo\u0161t\u0173 mi\u0161inys, u\u017etikrinantis nat\u016bral\u0173 sugeriamum\u0105 ir ilgaam\u017ei\u0161kum\u0105.<\/p>\n<p><strong>Spandekso pluo\u0161tai<\/strong>: nedidelis kiekis spandekso pluo\u0161to \u012faustas \u012f sauskelni\u0173 kra\u0161telius ir juosmen\u012f. Apsaugo nuo pratek\u0117jimo ir nesukelia dirginimo.<\/p>\n<p>&nbsp;<\/p>\n<p><strong>Svarbu!<\/strong> Specialistai pataria: sauskelnes reik\u0117t\u0173 keisti kiekvien\u0105 kart\u0105, kai vaikelis pasitu\u0161tina ir kai sureaguoja indikatorius arba pra\u0117jo dvi\u2013trys valandos ir yra \u0161lapimo.<\/p>\n","protected":false},"excerpt":{"rendered":"<p>Sauskelni\u0173 skai\u010dius pakuot\u0117je: <strong>88 vnt.<br \/>\n<\/strong>Sauskelni\u0173 dydis: <strong>S\u00a0dydis<br \/>\n<\/strong>K\u016bdikio svoris: <strong>4-8<\/strong>\u00a0<strong>kg\u00a0<\/strong><\/p>\n<p><span style=\"color: #70b8ae;\"><strong>Sud\u0117tyje n\u0117ra formadelhido, fluoro, chloro, bromo, jodo, kvapikli\u0173. Dermatologi\u0161kai patvirtintos, be toksi\u0161k\u0173 dirgikli\u0173, tinkan\u010dios jautriai odai.<\/strong><\/span><\/p>\n","protected":false},"featured_media":7074,"comment_status":"open","ping_status":"closed","template":"","meta":{"_monsterinsights_skip_tracking":false,"_monsterinsights_sitenote_active":false,"_monsterinsights_sitenote_note":"","_monsterinsights_sitenote_category":0},"product_brand":[],"product_cat":[107],"product_tag":[],"class_list":{"0":"post-7483","1":"product","2":"type-product","3":"status-publish","4":"has-post-thumbnail","6":"product_cat-nappies","7":"pa_prekes-zenklas-aiwibi-australia-en","9":"first","10":"instock","11":"taxable","12":"shipping-taxable","13":"product-type-simple"},"aioseo_notices":[],"_links":{"self":[{"href":"https:\/\/mamazino.eu\/en\/wp-json\/wp\/v2\/product\/7483","targetHints":{"allow":["GET"]}}],"collection":[{"href":"https:\/\/mamazino.eu\/en\/wp-json\/wp\/v2\/product"}],"about":[{"href":"https:\/\/mamazino.eu\/en\/wp-json\/wp\/v2\/types\/product"}],"replies":[{"embeddable":true,"href":"https:\/\/mamazino.eu\/en\/wp-json\/wp\/v2\/comments?post=7483"}],"wp:featuredmedia":[{"embeddable":true,"href":"https:\/\/mamazino.eu\/en\/wp-json\/wp\/v2\/media\/7074"}],"wp:attachment":[{"href":"https:\/\/mamazino.eu\/en\/wp-json\/wp\/v2\/media?parent=7483"}],"wp:term":[{"taxonomy":"product_brand","embeddable":true,"href":"https:\/\/mamazino.eu\/en\/wp-json\/wp\/v2\/product_brand?post=7483"},{"taxonomy":"product_cat","embeddable":true,"href":"https:\/\/mamazino.eu\/en\/wp-json\/wp\/v2\/product_cat?post=7483"},{"taxonomy":"product_tag","embeddable":true,"href":"https:\/\/mamazino.eu\/en\/wp-json\/wp\/v2\/product_tag?post=7483"}],"curies":[{"name":"wp","href":"https:\/\/api.w.org\/{rel}","templated":true}]}}