{"id":7477,"date":"2024-07-01T19:48:43","date_gmt":"2024-07-01T17:48:43","guid":{"rendered":"https:\/\/mamazino.eu\/preke\/naturalus-kudikiu-sampunas-ir-kuno-prausiklis-cotton-kiss\/"},"modified":"2024-07-01T19:48:43","modified_gmt":"2024-07-01T17:48:43","slug":"naturalus-kudikiu-sampunas-ir-kuno-prausiklis-cotton-kiss","status":"publish","type":"product","link":"https:\/\/mamazino.eu\/en\/product\/naturalus-kudikiu-sampunas-ir-kuno-prausiklis-cotton-kiss\/","title":{"rendered":"NAT\u016aRALUS K\u016aDIKI\u0172 \u0160AMP\u016aNAS IR K\u016aNO PRAUSIKLIS &#8220;COTTON KISS&#8221;, 300 ML"},"content":{"rendered":"<p id=\"tw-target-text\" class=\"tw-data-text tw-text-large tw-ta\" dir=\"ltr\" data-placeholder=\"Vertimas\" aria-label=\"I\u0161verstas tekstas\" data-ved=\"2ahUKEwjfkqnkyIaHAxXOGRAIHSGYCxAQ3ewLegQIBxAU\"><span class=\"Y2IQFc\" lang=\"lt\">Ribotos serijos k\u016bdiki\u0173 \u0161amp\u016bnas- k\u016bno prausiklis, sudarytas i\u0161 visi\u0161kai nat\u016brali\u0173 ingredient\u0173. Nat\u016bralios putojan\u010dios med\u017eiagos sukuria subtilias ir purias putas, \u0161velnias k\u016bdikio odai. \u0160velnaus ir nealergizuojan\u010dio aromato, sudaryto i\u0161 nat\u016brali\u0173 ir biologi\u0161kai sertifikuot\u0173 \u017eoleli\u0173 ekstrakt\u0173 bei puiki\u0173 eterini\u0173 aliej\u0173. 100% nat\u016bralus ir \u0161velnus vaik\u0173 odai. \u0160vari, nuo\u0161irdi ir efektyvi kosmetika k\u016bdikiams 0+ ir vaikams, tinkanti kasdieniam naudojimui. <\/span><\/p>\n<p class=\"tw-data-text tw-text-large tw-ta\" dir=\"ltr\" data-placeholder=\"Vertimas\" aria-label=\"I\u0161verstas tekstas\" data-ved=\"2ahUKEwjfkqnkyIaHAxXOGRAIHSGYCxAQ3ewLegQIBxAU\"><span class=\"Y2IQFc\" lang=\"lt\">\u0160amp\u016bnas pagamintas tik i\u0161 auk\u0161tos kokyb\u0117s nat\u016brali\u0173 ir biologi\u0161kai sertifikuot\u0173 ingredient\u0173. Gaminys atitinka naujausius ES reikalavimus ir turi u\u017esienio profesional\u0173 saugos ir efektyvumo \u012fvertinim\u0105. \u0160iame produkte n\u0117ra chemini\u0173 med\u017eiag\u0173, naftos darini\u0173, konservant\u0173, GMO ir sintetini\u0173 ingredient\u0173.\u00a0<\/span><\/p>\n<p>INGREDIENTAI: vanduo, kalio kokoatas*, kalio oleatas*, decilgliukozidas, glicerinas*, benzilo alkoholis, kalio citratas, natrio chloridas, citrin\u0173 r\u016bg\u0161tis, kvepalai**<\/p>\n<p>*Biologi\u0161kai sertifikuotas ingredientas<\/p>\n<p>**I\u0161 nat\u016bralios kilm\u0117s<\/p>\n<p id=\"tw-target-text\" class=\"tw-data-text tw-text-large tw-ta\" dir=\"ltr\" data-placeholder=\"Vertimas\" aria-label=\"I\u0161verstas tekstas\" data-ved=\"2ahUKEwjfkqnkyIaHAxXOGRAIHSGYCxAQ3ewLegQIBxAU\"><span class=\"Y2IQFc\" lang=\"lt\">99% nat\u016bralios kilm\u0117s <\/span><\/p>\n<p class=\"tw-data-text tw-text-large tw-ta\" dir=\"ltr\" data-placeholder=\"Vertimas\" aria-label=\"I\u0161verstas tekstas\" data-ved=\"2ahUKEwjfkqnkyIaHAxXOGRAIHSGYCxAQ3ewLegQIBxAU\"><span class=\"Y2IQFc\" lang=\"lt\">20,5% vis\u0173 ingredient\u0173 yra i\u0161 ekologinio \u016bkininkavimo <\/span><\/p>\n<p class=\"tw-data-text tw-text-large tw-ta\" dir=\"ltr\" data-placeholder=\"Vertimas\" aria-label=\"I\u0161verstas tekstas\" data-ved=\"2ahUKEwjfkqnkyIaHAxXOGRAIHSGYCxAQ3ewLegQIBxAU\"><span class=\"Y2IQFc\" lang=\"lt\">COSMOS ORGANIC sertifikuotas Ecocert Greenlife pagal COSMOS standart\u0105.<\/span><\/p>\n<p>Naudojimas: Spustelkite vien\u0105 kart\u0105 ant \u0161lapi\u0173 rank\u0173 ir suformuokite \u0161velnias putas. Gerai jas nuplaukite.<\/p>\n<p>Vengti patekimo \u012f akis! Saugoti nuo vaik\u0173. Nenaudoti esant alergijai.<\/p>\n","protected":false},"excerpt":{"rendered":"<p><span style=\"color: #008080;\"><strong><span class=\"Y2IQFc\" lang=\"lt\"> \u0160velnaus ir nealergizuojan\u010dio aromato, sudaryto i\u0161 nat\u016brali\u0173 ir biologi\u0161kai sertifikuot\u0173 \u017eoleli\u0173 ekstrakt\u0173 bei puiki\u0173 eterini\u0173 aliej\u0173.<\/span><\/strong><\/span><\/p>\n<p><span style=\"color: #008080;\"><strong>99 % nat\u016bralios kilm\u0117s<\/strong><\/span><\/p>\n<p><span style=\"color: #008080;\"><strong>20,5 % vis\u0173 ingredient\u0173 yra i\u0161 ekologinio \u016bkininkavimo<\/strong><\/span><\/p>\n<p><strong>Kiekis 300 ml<\/strong><\/p>\n<p>&nbsp;<\/p>\n","protected":false},"featured_media":7145,"comment_status":"open","ping_status":"closed","template":"","meta":{"_monsterinsights_skip_tracking":false,"_monsterinsights_sitenote_active":false,"_monsterinsights_sitenote_note":"","_monsterinsights_sitenote_category":0},"product_brand":[],"product_cat":[106],"product_tag":[],"class_list":{"0":"post-7477","1":"product","2":"type-product","3":"status-publish","4":"has-post-thumbnail","6":"product_cat-baby-bath","7":"pa_prekes-zenklas-wooden-spoon-en","9":"first","10":"instock","11":"taxable","12":"shipping-taxable","13":"product-type-simple"},"aioseo_notices":[],"_links":{"self":[{"href":"https:\/\/mamazino.eu\/en\/wp-json\/wp\/v2\/product\/7477","targetHints":{"allow":["GET"]}}],"collection":[{"href":"https:\/\/mamazino.eu\/en\/wp-json\/wp\/v2\/product"}],"about":[{"href":"https:\/\/mamazino.eu\/en\/wp-json\/wp\/v2\/types\/product"}],"replies":[{"embeddable":true,"href":"https:\/\/mamazino.eu\/en\/wp-json\/wp\/v2\/comments?post=7477"}],"wp:featuredmedia":[{"embeddable":true,"href":"https:\/\/mamazino.eu\/en\/wp-json\/wp\/v2\/media\/7145"}],"wp:attachment":[{"href":"https:\/\/mamazino.eu\/en\/wp-json\/wp\/v2\/media?parent=7477"}],"wp:term":[{"taxonomy":"product_brand","embeddable":true,"href":"https:\/\/mamazino.eu\/en\/wp-json\/wp\/v2\/product_brand?post=7477"},{"taxonomy":"product_cat","embeddable":true,"href":"https:\/\/mamazino.eu\/en\/wp-json\/wp\/v2\/product_cat?post=7477"},{"taxonomy":"product_tag","embeddable":true,"href":"https:\/\/mamazino.eu\/en\/wp-json\/wp\/v2\/product_tag?post=7477"}],"curies":[{"name":"wp","href":"https:\/\/api.w.org\/{rel}","templated":true}]}}