{"id":7476,"date":"2024-07-01T19:58:36","date_gmt":"2024-07-01T17:58:36","guid":{"rendered":"https:\/\/mamazino.eu\/preke\/naturalus-ranku-muilas-kudikiams-ir-vaikams-300-ml\/"},"modified":"2024-07-01T19:58:36","modified_gmt":"2024-07-01T17:58:36","slug":"naturalus-ranku-muilas-kudikiams-ir-vaikams-300-ml","status":"publish","type":"product","link":"https:\/\/mamazino.eu\/en\/product\/naturalus-ranku-muilas-kudikiams-ir-vaikams-300-ml\/","title":{"rendered":"NAT\u016aRALUS RANK\u0172 MUILAS K\u016aDIKIAMS IR VAIKAMS, 300 ML"},"content":{"rendered":"<p id=\"tw-target-text\" class=\"tw-data-text tw-text-large tw-ta\" dir=\"ltr\" data-placeholder=\"Vertimas\" aria-label=\"I\u0161verstas tekstas\" data-ved=\"2ahUKEwjfkqnkyIaHAxXOGRAIHSGYCxAQ3ewLegQIBxAU\"><span class=\"Y2IQFc\" lang=\"lt\">\u0160velnus ir maitinantis k\u016bdiki\u0173 rank\u0173 muilas, pagamintas i\u0161 nat\u016brali\u0173 ir ekologi\u0161k\u0173 ingredient\u0173. \u0160velniai nuplauna rankas. Nat\u016bralios putojan\u010dios med\u017eiagos sukuria mink\u0161tas ir purias putas. \u0160vari, nuo\u0161irdi ir efektyvi odos prie\u017ei\u016bra k\u016bdikiams nuo 0 m. ir vaikams. Tinka kasdieniam naudojimui. Muilo sud\u0117tyje yra tik auk\u0161\u010diausios kokyb\u0117s nat\u016brali\u0173 ingredient\u0173. <\/span><\/p>\n<p class=\"tw-data-text tw-text-large tw-ta\" dir=\"ltr\" data-placeholder=\"Vertimas\" aria-label=\"I\u0161verstas tekstas\" data-ved=\"2ahUKEwjfkqnkyIaHAxXOGRAIHSGYCxAQ3ewLegQIBxAU\"><span class=\"Y2IQFc\" lang=\"lt\"> Produktas atitinka naujausius ES reikalavimus ir turi i\u0161orin\u012f profesional\u0173 saugos ir efektyvumo \u012fvertinim\u0105. \u0160iame produkte n\u0117ra chemini\u0173 med\u017eiag\u0173, naftos darini\u0173, konservant\u0173, GMO ir sintetini\u0173 ingredient\u0173.<\/span><\/p>\n<p>INGREDIENTAI: vanduo, kalio kokoatas*, kalio oleatas*, decilo gliukozidas, glicerinas**, benzilo alkoholis, kalio citratas, natrio chloridas, citrin\u0173 r\u016bg\u0161tis, lavandulos angustifolia (levand\u0173) g\u0117li\u0173 aliejus**, linalolas***;<\/p>\n<p>* Sertifikuoti ekologi\u0161ki ingredientai<\/p>\n<p>**I\u0161 ekologi\u0161kos kilm\u0117s<\/p>\n<p>***I\u0161 ekologi\u0161k\u0173 sertifikuot\u0173 eterini\u0173 aliej\u0173<\/p>\n<p id=\"tw-target-text\" class=\"tw-data-text tw-text-large tw-ta\" dir=\"ltr\" data-placeholder=\"Vertimas\" aria-label=\"I\u0161verstas tekstas\" data-ved=\"2ahUKEwjfkqnkyIaHAxXOGRAIHSGYCxAQ3ewLegQIBxAU\"><span class=\"Y2IQFc\" lang=\"lt\">99% nat\u016bralios kilm\u0117s <\/span><\/p>\n<p class=\"tw-data-text tw-text-large tw-ta\" dir=\"ltr\" data-placeholder=\"Vertimas\" aria-label=\"I\u0161verstas tekstas\" data-ved=\"2ahUKEwjfkqnkyIaHAxXOGRAIHSGYCxAQ3ewLegQIBxAU\"><span class=\"Y2IQFc\" lang=\"lt\">21% vis\u0173 ingredient\u0173 yra i\u0161 ekologinio \u016bkininkavimo<\/span><\/p>\n<p id=\"tw-target-text\" class=\"tw-data-text tw-text-large tw-ta\" dir=\"ltr\" data-placeholder=\"Vertimas\" aria-label=\"I\u0161verstas tekstas\" data-ved=\"2ahUKEwjfkqnkyIaHAxXOGRAIHSGYCxAQ3ewLegQIBxAU\"><span class=\"Y2IQFc\" lang=\"lt\">COSMOS ORGANIC sertifikuotas Ecocert Greenlife pagal COSMOS standart\u0105.<\/span><\/p>\n<p id=\"tw-target-text\" class=\"tw-data-text tw-text-large tw-ta\" dir=\"ltr\" data-placeholder=\"Vertimas\" aria-label=\"I\u0161verstas tekstas\" data-ved=\"2ahUKEwjfkqnkyIaHAxXOGRAIHSGYCxAQ3ewLegQIBxAU\"><span class=\"Y2IQFc\" lang=\"lt\"><strong>Daugiau apie ingredientus:<\/strong> <\/span><\/p>\n<p class=\"tw-data-text tw-text-large tw-ta\" dir=\"ltr\" data-placeholder=\"Vertimas\" aria-label=\"I\u0161verstas tekstas\" data-ved=\"2ahUKEwjfkqnkyIaHAxXOGRAIHSGYCxAQ3ewLegQIBxAU\"><span class=\"Y2IQFc\" lang=\"lt\">\u0160velnus muilo \u017eoleli\u0173 kvapas gaunamas i\u0161 ekologi\u0161k\u0173 sertifikuot\u0173 levand\u0173 eterini\u0173 aliej\u0173. <\/span><\/p>\n<p class=\"tw-data-text tw-text-large tw-ta\" dir=\"ltr\" data-placeholder=\"Vertimas\" aria-label=\"I\u0161verstas tekstas\" data-ved=\"2ahUKEwjfkqnkyIaHAxXOGRAIHSGYCxAQ3ewLegQIBxAU\"><span class=\"Y2IQFc\" lang=\"lt\"><strong>Levand\u0173 eterinis<\/strong> aliejus pasi\u017eymi stipriomis antiseptin\u0117mis, antibakterin\u0117mis ir prie\u0161u\u017edegimin\u0117mis savyb\u0117mis.<\/span><\/p>\n<p>Naudojimas: Nedidel\u012f kiek\u012f produkto i\u0161spausti ant dr\u0117gn\u0173 rank\u0173, lengvai putojant, kruop\u0161\u010diai \u012ftrinti rankas, gerai nuplauti.<\/p>\n<p>Venkite tiesioginio kontakto su akimis! Nenaudoti esant alergijai. Saugoti nuo vaik\u0173.<\/p>\n","protected":false},"excerpt":{"rendered":"<p><span style=\"color: #008080;\"><strong><span class=\"Y2IQFc\" lang=\"lt\">\u0160velnus ir maitinantis k\u016bdiki\u0173 rank\u0173 muilas, pagamintas i\u0161 nat\u016brali\u0173 ir ekologi\u0161k\u0173 ingredient\u0173.<\/span><\/strong><\/span><\/p>\n<p><span style=\"color: #008080;\"><strong>21% ekologi\u0161k\u0173 ingredient\u0173 <\/strong><\/span><\/p>\n<p><span style=\"color: #008080;\"><strong>99% nat\u016brali\u0173 ingredient\u0173<\/strong><\/span><\/p>\n<p><strong>Kiekis 300 ml<\/strong><\/p>\n","protected":false},"featured_media":7146,"comment_status":"open","ping_status":"closed","template":"","meta":{"_monsterinsights_skip_tracking":false,"_monsterinsights_sitenote_active":false,"_monsterinsights_sitenote_note":"","_monsterinsights_sitenote_category":0},"product_brand":[],"product_cat":[106],"product_tag":[],"class_list":{"0":"post-7476","1":"product","2":"type-product","3":"status-publish","4":"has-post-thumbnail","6":"product_cat-baby-bath","7":"pa_prekes-zenklas-wooden-spoon-en","9":"first","10":"outofstock","11":"taxable","12":"shipping-taxable","13":"product-type-simple"},"aioseo_notices":[],"_links":{"self":[{"href":"https:\/\/mamazino.eu\/en\/wp-json\/wp\/v2\/product\/7476","targetHints":{"allow":["GET"]}}],"collection":[{"href":"https:\/\/mamazino.eu\/en\/wp-json\/wp\/v2\/product"}],"about":[{"href":"https:\/\/mamazino.eu\/en\/wp-json\/wp\/v2\/types\/product"}],"replies":[{"embeddable":true,"href":"https:\/\/mamazino.eu\/en\/wp-json\/wp\/v2\/comments?post=7476"}],"wp:featuredmedia":[{"embeddable":true,"href":"https:\/\/mamazino.eu\/en\/wp-json\/wp\/v2\/media\/7146"}],"wp:attachment":[{"href":"https:\/\/mamazino.eu\/en\/wp-json\/wp\/v2\/media?parent=7476"}],"wp:term":[{"taxonomy":"product_brand","embeddable":true,"href":"https:\/\/mamazino.eu\/en\/wp-json\/wp\/v2\/product_brand?post=7476"},{"taxonomy":"product_cat","embeddable":true,"href":"https:\/\/mamazino.eu\/en\/wp-json\/wp\/v2\/product_cat?post=7476"},{"taxonomy":"product_tag","embeddable":true,"href":"https:\/\/mamazino.eu\/en\/wp-json\/wp\/v2\/product_tag?post=7476"}],"curies":[{"name":"wp","href":"https:\/\/api.w.org\/{rel}","templated":true}]}}