{"id":7475,"date":"2024-07-01T20:30:14","date_gmt":"2024-07-01T18:30:14","guid":{"rendered":"https:\/\/mamazino.eu\/preke\/ekologiskas-kudiku-kuno-sviestas\/"},"modified":"2024-07-01T20:30:14","modified_gmt":"2024-07-01T18:30:14","slug":"ekologiskas-kudiku-kuno-sviestas","status":"publish","type":"product","link":"https:\/\/mamazino.eu\/en\/product\/ekologiskas-kudiku-kuno-sviestas\/","title":{"rendered":"EKOLOGI\u0160KAS K\u016aDIK\u0172 K\u016aNO SVIESTAS, 100 ML"},"content":{"rendered":"<p id=\"tw-target-text\" class=\"tw-data-text tw-text-large tw-ta\" dir=\"ltr\" data-placeholder=\"Vertimas\" aria-label=\"I\u0161verstas tekstas\" data-ved=\"2ahUKEwjfkqnkyIaHAxXOGRAIHSGYCxAQ3ewLegQIBxAU\"><span class=\"Y2IQFc\" lang=\"lt\">Ekologi\u0161kas sertifikuotas k\u016bdiki\u0173 sviestas, pagamintas i\u0161 geriausi\u0173 nat\u016brali\u0173 aliej\u0173, kad pamaitint\u0173, nuramint\u0173 ir apsaugot\u0173 gle\u017en\u0105 k\u016bdikio od\u0105. Puri konsistencija tirpsta ant odos ir palieka aksomin\u012f \u0161veln\u0173 poj\u016bt\u012f. Svieste yra tik auk\u0161\u010diausios kokyb\u0117s nat\u016bral\u016bs ingredientai. <\/span><\/p>\n<p class=\"tw-data-text tw-text-large tw-ta\" dir=\"ltr\" data-placeholder=\"Vertimas\" aria-label=\"I\u0161verstas tekstas\" data-ved=\"2ahUKEwjfkqnkyIaHAxXOGRAIHSGYCxAQ3ewLegQIBxAU\"><span class=\"Y2IQFc\" lang=\"lt\"> Gaminys atitinka naujausius ES reikalavimus ir turi u\u017esienio profesional\u0173 \u012fvertinim\u0105 d\u0117l jo saugos ir efektyvumo. \u0160iame produkte n\u0117ra chemini\u0173 med\u017eiag\u0173, naftos darini\u0173, konservant\u0173, GMO ir sintetini\u0173 ingredient\u0173.<\/span><\/p>\n<p>INGREDIENTAI: Butyrospermum parkii (taukmed\u017eio) sviestas*; Cocos nucifera (kokos\u0173) aliejus*; Theobroma cacao (cacao) s\u0117kl\u0173 sviestas*; Prunus amygdalus dulcis (sald\u017ei\u0173j\u0173 migdol\u0173) aliejus*; Argania spinosa (argano) rie\u0161ut\u0173 aliejus*; Makadamij\u0173 (makadamijos) ternifolia s\u0117kl\u0173 aliejus*; Tokoferolis (Vit. \u0415).<\/p>\n<p>*Ekologi\u0161ki sertifikuoti ingredientai<\/p>\n<p><span style=\"color: #808080;\">99,8% ekologi\u0161k\u0173 ingredient\u0173 i\u0161 ekologini\u0173 \u016bki\u0173<\/span><\/p>\n<p><span style=\"color: #808080;\">100% nat\u016brali\u0173 ingredient\u0173<\/span><\/p>\n<p id=\"tw-target-text\" class=\"tw-data-text tw-text-large tw-ta\" dir=\"ltr\" data-placeholder=\"Vertimas\" aria-label=\"I\u0161verstas tekstas\" data-ved=\"2ahUKEwjfkqnkyIaHAxXOGRAIHSGYCxAQ3ewLegQIBxAU\"><span class=\"Y2IQFc\" lang=\"lt\">COSMOS ORGANIC sertifikuotas Ecocert Greenlife pagal COSMOS standart\u0105.<\/span><\/p>\n<p id=\"tw-target-text\" class=\"tw-data-text tw-text-large tw-ta\" dir=\"ltr\" data-placeholder=\"Vertimas\" aria-label=\"I\u0161verstas tekstas\" data-ved=\"2ahUKEwjfkqnkyIaHAxXOGRAIHSGYCxAQ3ewLegQIBxAU\"><span class=\"Y2IQFc\" lang=\"lt\"><strong>Daugiau apie ingredientus: <\/strong><\/span><\/p>\n<p class=\"tw-data-text tw-text-large tw-ta\" dir=\"ltr\" data-placeholder=\"Vertimas\" aria-label=\"I\u0161verstas tekstas\" data-ved=\"2ahUKEwjfkqnkyIaHAxXOGRAIHSGYCxAQ3ewLegQIBxAU\"><span class=\"Y2IQFc\" lang=\"lt\"> <strong>Taukmed\u017eio sviestas<\/strong> i\u0161gaunamas i\u0161 Afrikos taukmed\u017eio rie\u0161ut\u0173. Jame gausu verting\u0173 riebal\u0173 r\u016bg\u0161\u010di\u0173, vitamin\u0173 ir mikroelement\u0173, kurie giliai maitina ir dr\u0117kina od\u0105. Tai padeda greitai regeneruoti ir atkurti labai i\u0161saus\u0117jusi\u0105 od\u0105. <\/span><\/p>\n<p class=\"tw-data-text tw-text-large tw-ta\" dir=\"ltr\" data-placeholder=\"Vertimas\" aria-label=\"I\u0161verstas tekstas\" data-ved=\"2ahUKEwjfkqnkyIaHAxXOGRAIHSGYCxAQ3ewLegQIBxAU\"><span class=\"Y2IQFc\" lang=\"lt\"><strong>Kokos\u0173 aliejus<\/strong> i\u0161gaunamas i\u0161 kokoso vaisiaus vidaus. Jam b\u016bdingas kokoso aromatas ir sniego baltumo konsistencija. Jis dr\u0117kina ir maitina od\u0105.<\/span><\/p>\n<p class=\"tw-data-text tw-text-large tw-ta\" dir=\"ltr\" data-placeholder=\"Vertimas\" aria-label=\"I\u0161verstas tekstas\" data-ved=\"2ahUKEwjfkqnkyIaHAxXOGRAIHSGYCxAQ3ewLegQIBxAU\"><span class=\"Y2IQFc\" lang=\"lt\"><strong>Kakavos sviestas<\/strong> i\u0161gaunamas i\u0161 kakavos pupeli\u0173 ir turi nenugalim\u0105 \u0161okoladin\u012f aromat\u0105. Jis dr\u0117kina od\u0105 ir gerina elastingum\u0105. <\/span><\/p>\n<p class=\"tw-data-text tw-text-large tw-ta\" dir=\"ltr\" data-placeholder=\"Vertimas\" aria-label=\"I\u0161verstas tekstas\" data-ved=\"2ahUKEwjfkqnkyIaHAxXOGRAIHSGYCxAQ3ewLegQIBxAU\"><span class=\"Y2IQFc\" lang=\"lt\"><strong>Sald\u017ei\u0173j\u0173 migdol\u0173 aliejuje<\/strong> gausu vitamin\u0173 A, E, D, B1, B2 ir B6, mineral\u0173 magnio ir kalcio, taip pat daug mononeso\u010di\u0173j\u0173 r\u016bg\u0161\u010di\u0173, omega-3 ir kit\u0173 riebal\u0173 r\u016bg\u0161\u010di\u0173. Tinka kasdieniam jautriausios odos naudojimui. Aliejus maitina, mink\u0161tina ir yra \u017einomas kaip puiki priemon\u0117 i\u0161saus\u0117jimui ir odos sudirgimams mal\u0161inti. <\/span><\/p>\n<p class=\"tw-data-text tw-text-large tw-ta\" dir=\"ltr\" data-placeholder=\"Vertimas\" aria-label=\"I\u0161verstas tekstas\" data-ved=\"2ahUKEwjfkqnkyIaHAxXOGRAIHSGYCxAQ3ewLegQIBxAU\"><span class=\"Y2IQFc\" lang=\"lt\"><strong>Argano aliejus<\/strong> yra galingas antioksidantas. Jis gerai \u012fsigeria \u012f od\u0105, giliai \u012fsiskverbia ir kruop\u0161\u010diai j\u0105 dr\u0117kina. <\/span><\/p>\n<p class=\"tw-data-text tw-text-large tw-ta\" dir=\"ltr\" data-placeholder=\"Vertimas\" aria-label=\"I\u0161verstas tekstas\" data-ved=\"2ahUKEwjfkqnkyIaHAxXOGRAIHSGYCxAQ3ewLegQIBxAU\"><span class=\"Y2IQFc\" lang=\"lt\"><strong>Makadamij\u0173 aliejus<\/strong> turi apsaugin\u012f, mink\u0161tinant\u012f ir raminant\u012f poveik\u012f. Greitai susigeria nepalikdamas nemalonios riebios pl\u0117vel\u0117s. Dr\u0117kinanti ir regeneruojanti priemon\u0117 sausai, pleiskanojan\u010diai ir sudirgusiai odai. <\/span><\/p>\n<p class=\"tw-data-text tw-text-large tw-ta\" dir=\"ltr\" data-placeholder=\"Vertimas\" aria-label=\"I\u0161verstas tekstas\" data-ved=\"2ahUKEwjfkqnkyIaHAxXOGRAIHSGYCxAQ3ewLegQIBxAU\"><span class=\"Y2IQFc\" lang=\"lt\"><strong>Nat\u016bralus vitaminas E<\/strong> yra galingas antioksidantas, kuris ilgiau i\u0161laiko kitus nat\u016bralius ingredientus \u0161vie\u017eius.<\/span><\/p>\n<p>Naudojimas: Pir\u0161tais paimkite nedidel\u012f kiek\u012f sviesto. Palaukite kelias sekundes, kol sviestas prad\u0117s \u0161iek tiek tirpti, tada \u0161velniai \u012fmasa\u017euokite \u012f od\u0105 sukamaisiais judesiais.<\/p>\n<p>Venkite tiesioginio aki\u0173 kontakto! Nenaudoti esant alergijai. Saugoti nuo vaik\u0173.<\/p>\n","protected":false},"excerpt":{"rendered":"<p><span style=\"color: #008080;\"><strong><span class=\"Y2IQFc\" lang=\"lt\">Ekologi\u0161kas sertifikuotas k\u016bdiki\u0173 sviestas, pagamintas i\u0161 geriausi\u0173 nat\u016brali\u0173 aliej\u0173, kad pamaitint\u0173, nuramint\u0173 ir apsaugot\u0173 gle\u017en\u0105 k\u016bdikio od\u0105.<\/span><\/strong><\/span><\/p>\n<p><span style=\"color: #008080;\"><strong>Tinka kasdieniam naudojimui nuo 0+ m\u0117n.<\/strong><\/span><\/p>\n<p><strong><span style=\"color: #008080;\">99,8% ekologi\u0161k\u0173 ingredient\u0173 <\/span><\/strong><\/p>\n<p><strong><span style=\"color: #008080;\">100% nat\u016brali\u0173 ingredient\u0173<\/span><\/strong><\/p>\n<p><strong>Kiekis 100 ml<\/strong><\/p>\n","protected":false},"featured_media":7147,"comment_status":"open","ping_status":"closed","template":"","meta":{"_monsterinsights_skip_tracking":false,"_monsterinsights_sitenote_active":false,"_monsterinsights_sitenote_note":"","_monsterinsights_sitenote_category":0},"product_brand":[],"product_cat":[106],"product_tag":[],"class_list":{"0":"post-7475","1":"product","2":"type-product","3":"status-publish","4":"has-post-thumbnail","6":"product_cat-baby-bath","7":"pa_prekes-zenklas-wooden-spoon-en","9":"first","10":"instock","11":"taxable","12":"shipping-taxable","13":"product-type-simple"},"aioseo_notices":[],"_links":{"self":[{"href":"https:\/\/mamazino.eu\/en\/wp-json\/wp\/v2\/product\/7475","targetHints":{"allow":["GET"]}}],"collection":[{"href":"https:\/\/mamazino.eu\/en\/wp-json\/wp\/v2\/product"}],"about":[{"href":"https:\/\/mamazino.eu\/en\/wp-json\/wp\/v2\/types\/product"}],"replies":[{"embeddable":true,"href":"https:\/\/mamazino.eu\/en\/wp-json\/wp\/v2\/comments?post=7475"}],"wp:featuredmedia":[{"embeddable":true,"href":"https:\/\/mamazino.eu\/en\/wp-json\/wp\/v2\/media\/7147"}],"wp:attachment":[{"href":"https:\/\/mamazino.eu\/en\/wp-json\/wp\/v2\/media?parent=7475"}],"wp:term":[{"taxonomy":"product_brand","embeddable":true,"href":"https:\/\/mamazino.eu\/en\/wp-json\/wp\/v2\/product_brand?post=7475"},{"taxonomy":"product_cat","embeddable":true,"href":"https:\/\/mamazino.eu\/en\/wp-json\/wp\/v2\/product_cat?post=7475"},{"taxonomy":"product_tag","embeddable":true,"href":"https:\/\/mamazino.eu\/en\/wp-json\/wp\/v2\/product_tag?post=7475"}],"curies":[{"name":"wp","href":"https:\/\/api.w.org\/{rel}","templated":true}]}}