{"id":7474,"date":"2024-07-01T20:39:06","date_gmt":"2024-07-01T18:39:06","guid":{"rendered":"https:\/\/mamazino.eu\/preke\/avizu-a-kremas\/"},"modified":"2024-07-01T20:39:06","modified_gmt":"2024-07-01T18:39:06","slug":"avizu-a-kremas","status":"publish","type":"product","link":"https:\/\/mamazino.eu\/en\/product\/avizu-a-kremas\/","title":{"rendered":"AVI\u017d\u0172 A-KREMAS, 100 ML"},"content":{"rendered":"<p id=\"tw-target-text\" class=\"tw-data-text tw-text-large tw-ta\" dir=\"ltr\" data-placeholder=\"Vertimas\" aria-label=\"I\u0161verstas tekstas\" data-ved=\"2ahUKEwjfkqnkyIaHAxXOGRAIHSGYCxAQ3ewLegQIBxAU\"><span class=\"Y2IQFc\" lang=\"lt\">\u0160iame ekologi\u0161kame sertifikuotame kreme yra naujovi\u0161k\u0173 koloidini\u0173 avi\u017e\u0173. Po daugyb\u0117s tyrim\u0173 ir ie\u0161kodami nat\u016bralios alternatyvos jautriai ir atopi\u0161kai linkusiai odai nuraminti, suk\u016br\u0117me savo pirm\u0105j\u012f specializuot\u0105 krem\u0105 vaikams. Didelis koloidini\u0173 avi\u017e\u0173 kiekis veiksmingai padeda atkurti susilpn\u0117jus\u012f odos barjer\u0105. <\/span><\/p>\n<p class=\"tw-data-text tw-text-large tw-ta\" dir=\"ltr\" data-placeholder=\"Vertimas\" aria-label=\"I\u0161verstas tekstas\" data-ved=\"2ahUKEwjfkqnkyIaHAxXOGRAIHSGYCxAQ3ewLegQIBxAU\"><span class=\"Y2IQFc\" lang=\"lt\"><strong>Kas yra koloidin\u0117s avi\u017eos?<\/strong> Vienas i\u0161 nedaugelio nat\u016brali\u0173 ingredient\u0173, aktyvi\u0173 odos apsaugai. Tai specializuoti kosmetin\u0117s klas\u0117s koloidiniai avi\u017e\u0173 miltai, kuriuose gausu veikli\u0173j\u0173 med\u017eiag\u0173. Aktyviai padeda sudirgusiai, paraudusiai ar i\u0161saus\u0117jusiai odai, nie\u017euliui, u\u017edegimui ir egzemai. <strong>Kuo naudingos koloidin\u0117s avi\u017eos?<\/strong> <\/span><\/p>\n<p class=\"tw-data-text tw-text-large tw-ta\" dir=\"ltr\" data-placeholder=\"Vertimas\" aria-label=\"I\u0161verstas tekstas\" data-ved=\"2ahUKEwjfkqnkyIaHAxXOGRAIHSGYCxAQ3ewLegQIBxAU\"><span class=\"Y2IQFc\" lang=\"lt\">\u2013 Supermaistas sausai, jautriai ir sudirgusiai odai. <\/span><\/p>\n<p class=\"tw-data-text tw-text-large tw-ta\" dir=\"ltr\" data-placeholder=\"Vertimas\" aria-label=\"I\u0161verstas tekstas\" data-ved=\"2ahUKEwjfkqnkyIaHAxXOGRAIHSGYCxAQ3ewLegQIBxAU\"><span class=\"Y2IQFc\" lang=\"lt\">&#8211; Padeda atkurti odos barjer\u0105. <\/span><\/p>\n<p class=\"tw-data-text tw-text-large tw-ta\" dir=\"ltr\" data-placeholder=\"Vertimas\" aria-label=\"I\u0161verstas tekstas\" data-ved=\"2ahUKEwjfkqnkyIaHAxXOGRAIHSGYCxAQ3ewLegQIBxAU\"><span class=\"Y2IQFc\" lang=\"lt\">&#8211; Padeda kontroliuoti nie\u017eul\u012f. <\/span><\/p>\n<p class=\"tw-data-text tw-text-large tw-ta\" dir=\"ltr\" data-placeholder=\"Vertimas\" aria-label=\"I\u0161verstas tekstas\" data-ved=\"2ahUKEwjfkqnkyIaHAxXOGRAIHSGYCxAQ3ewLegQIBxAU\"><span class=\"Y2IQFc\" lang=\"lt\">\u2013 Klini\u0161kai patikrintas ingredientas, skirtas atopinei ir \u012f egzem\u0105 linkusiai odai. <\/span><\/p>\n<p class=\"tw-data-text tw-text-large tw-ta\" dir=\"ltr\" data-placeholder=\"Vertimas\" aria-label=\"I\u0161verstas tekstas\" data-ved=\"2ahUKEwjfkqnkyIaHAxXOGRAIHSGYCxAQ3ewLegQIBxAU\"><span class=\"Y2IQFc\" lang=\"lt\">\u2013 I\u0161laiko vandens molekules, tod\u0117l oda tampa lygi ir \u0161velni. <\/span><\/p>\n<p class=\"tw-data-text tw-text-large tw-ta\" dir=\"ltr\" data-placeholder=\"Vertimas\" aria-label=\"I\u0161verstas tekstas\" data-ved=\"2ahUKEwjfkqnkyIaHAxXOGRAIHSGYCxAQ3ewLegQIBxAU\"><span class=\"Y2IQFc\" lang=\"lt\">\u2013 I\u0161saugo nat\u016bral\u0173 odos pH lyg\u012f, skatina optimali\u0105 odos funkcij\u0105. <\/span><\/p>\n<p class=\"tw-data-text tw-text-large tw-ta\" dir=\"ltr\" data-placeholder=\"Vertimas\" aria-label=\"I\u0161verstas tekstas\" data-ved=\"2ahUKEwjfkqnkyIaHAxXOGRAIHSGYCxAQ3ewLegQIBxAU\"><span class=\"Y2IQFc\" lang=\"lt\"><strong>Kaip koloidin\u0117s avi\u017eos skatina prie\u0161u\u017edegiminius procesus? <\/strong><\/span><\/p>\n<p class=\"tw-data-text tw-text-large tw-ta\" dir=\"ltr\" data-placeholder=\"Vertimas\" aria-label=\"I\u0161verstas tekstas\" data-ved=\"2ahUKEwjfkqnkyIaHAxXOGRAIHSGYCxAQ3ewLegQIBxAU\"><span class=\"Y2IQFc\" lang=\"lt\">Kremo veikli\u0105j\u0105 med\u017eiag\u0105 vadiname \u201eodos apsauga\u201c, nes ji nat\u016braliai sukuria lengv\u0105 ir kv\u0117puojant\u012f apsaugin\u012f barjer\u0105. Tyrimai parod\u0117, kad vandens molekul\u0117s i\u0161laikomos odoje ir d\u0117l didelio nat\u016bralaus antioksidanto kiekio suma\u017e\u0117ja toksin\u0173 ir ter\u0161al\u0173 prasiskverbimas i\u0161 i\u0161orin\u0117s aplinkos. <\/span><\/p>\n<p class=\"tw-data-text tw-text-large tw-ta\" dir=\"ltr\" data-placeholder=\"Vertimas\" aria-label=\"I\u0161verstas tekstas\" data-ved=\"2ahUKEwjfkqnkyIaHAxXOGRAIHSGYCxAQ3ewLegQIBxAU\"><span class=\"Y2IQFc\" lang=\"lt\"><strong>Ir dar?<\/strong> <\/span><\/p>\n<p class=\"tw-data-text tw-text-large tw-ta\" dir=\"ltr\" data-placeholder=\"Vertimas\" aria-label=\"I\u0161verstas tekstas\" data-ved=\"2ahUKEwjfkqnkyIaHAxXOGRAIHSGYCxAQ3ewLegQIBxAU\"><span class=\"Y2IQFc\" lang=\"lt\">\u2013 Dermatologi\u0161kai patikrintas <\/span><\/p>\n<p class=\"tw-data-text tw-text-large tw-ta\" dir=\"ltr\" data-placeholder=\"Vertimas\" aria-label=\"I\u0161verstas tekstas\" data-ved=\"2ahUKEwjfkqnkyIaHAxXOGRAIHSGYCxAQ3ewLegQIBxAU\"><span class=\"Y2IQFc\" lang=\"lt\">\u2013Tinka visoms gle\u017enos k\u016bdikio odos vietoms. <\/span><\/p>\n<p class=\"tw-data-text tw-text-large tw-ta\" dir=\"ltr\" data-placeholder=\"Vertimas\" aria-label=\"I\u0161verstas tekstas\" data-ved=\"2ahUKEwjfkqnkyIaHAxXOGRAIHSGYCxAQ3ewLegQIBxAU\"><span class=\"Y2IQFc\" lang=\"lt\">\u2013 Neprid\u0117ta citrinos ar pieno r\u016bg\u0161ties, kad b\u016bt\u0173 i\u0161vengta nemalonaus odos tempimo. <\/span><\/p>\n<p class=\"tw-data-text tw-text-large tw-ta\" dir=\"ltr\" data-placeholder=\"Vertimas\" aria-label=\"I\u0161verstas tekstas\" data-ved=\"2ahUKEwjfkqnkyIaHAxXOGRAIHSGYCxAQ3ewLegQIBxAU\"><span class=\"Y2IQFc\" lang=\"lt\">\u2013 Praturtintas medetk\u0173 ir jona\u017eoli\u0173 \u017eoleli\u0173 ekstraktais. <\/span><\/p>\n<p class=\"tw-data-text tw-text-large tw-ta\" dir=\"ltr\" data-placeholder=\"Vertimas\" aria-label=\"I\u0161verstas tekstas\" data-ved=\"2ahUKEwjfkqnkyIaHAxXOGRAIHSGYCxAQ3ewLegQIBxAU\"><span class=\"Y2IQFc\" lang=\"lt\">\u2013 Formul\u0117 be alergen\u0173. <\/span><\/p>\n<p class=\"tw-data-text tw-text-large tw-ta\" dir=\"ltr\" data-placeholder=\"Vertimas\" aria-label=\"I\u0161verstas tekstas\" data-ved=\"2ahUKEwjfkqnkyIaHAxXOGRAIHSGYCxAQ3ewLegQIBxAU\"><span class=\"Y2IQFc\" lang=\"lt\">\u2013 Raminamasis kremas yra be vandens.<\/span><\/p>\n<p dir=\"ltr\" data-placeholder=\"Vertimas\" aria-label=\"I\u0161verstas tekstas\" data-ved=\"2ahUKEwjfkqnkyIaHAxXOGRAIHSGYCxAQ3ewLegQIBxAU\">\n<p>INGREDIENTAI: Butyrospermum Parkii Butter*, Cocos Nucifera Oil*, Orbignya Oleifera Seed Oil*, Cera Alba*, Avena Sativa Kernel Miltai*, Avena Sativa Kernel Oil*, Helianthus Annuus Seed Oil, Hippophae Rhamnoides Exilcinalis* Fruit Flower. , Hypericum Perforatum g\u0117li\u0173 \/ \u0161akeli\u0173 ekstraktas*, tokoferolis.<\/p>\n<p>* I\u0161 ekologinio \u016bkininkavimo<\/p>\n<p><span style=\"color: #808080;\">100% nat\u016bral\u016bs ingredientai<\/span><\/p>\n<p><span style=\"color: #808080;\">99,8% ekologi\u0161k\u0173 ingredient\u0173<\/span><\/p>\n<p>COSMOS ORGANIC sertifikuotas Ecocert Greenlife pagal COSMOS standart\u0105.<\/p>\n<p>Naudojimas: Tepkite ant sausos ir \u0161varios odos. Problemines vietas tepkite \u0161velniais judesiais ir \u0161variomis rankomis.<\/p>\n<p>Atsargiai: nenaudokite, jei esate alergi\u0161kas. Saugoti nuo vaik\u0173. Vengti patekimo \u012f akis.<\/p>\n","protected":false},"excerpt":{"rendered":"<p><strong><span style=\"color: #008080;\">Biologi\u0161kai sertifikuot\u0173 aliej\u0173 ir didelio aktyvi\u0173 koloidini\u0173 avi\u017e\u0173 kiekio derinys sukuria efektyvi\u0105 jautrios odos, linkusios \u012f sausum\u0105, atopin\u012f dermatit\u0105 ir ro\u017ein\u0119, prie\u017ei\u016br\u0105.<\/span><\/strong><\/p>\n<p><span style=\"color: #008080;\"><strong>Tinka visoms am\u017eiaus grup\u0117ms.<\/strong><\/span><\/p>\n<p><span style=\"color: #008080;\"><strong>100% nat\u016bral\u016bs ingredientai<\/strong><\/span><\/p>\n<p><span style=\"color: #008080;\"><strong>99,8% ekologi\u0161k\u0173 ingredient\u0173<\/strong><\/span><\/p>\n<p><strong>Kiekis 100 ml<\/strong><\/p>\n","protected":false},"featured_media":7150,"comment_status":"open","ping_status":"closed","template":"","meta":{"_monsterinsights_skip_tracking":false,"_monsterinsights_sitenote_active":false,"_monsterinsights_sitenote_note":"","_monsterinsights_sitenote_category":0},"product_brand":[],"product_cat":[106],"product_tag":[],"class_list":{"0":"post-7474","1":"product","2":"type-product","3":"status-publish","4":"has-post-thumbnail","6":"product_cat-baby-bath","7":"pa_prekes-zenklas-wooden-spoon-en","9":"first","10":"instock","11":"taxable","12":"shipping-taxable","13":"product-type-simple"},"aioseo_notices":[],"_links":{"self":[{"href":"https:\/\/mamazino.eu\/en\/wp-json\/wp\/v2\/product\/7474","targetHints":{"allow":["GET"]}}],"collection":[{"href":"https:\/\/mamazino.eu\/en\/wp-json\/wp\/v2\/product"}],"about":[{"href":"https:\/\/mamazino.eu\/en\/wp-json\/wp\/v2\/types\/product"}],"replies":[{"embeddable":true,"href":"https:\/\/mamazino.eu\/en\/wp-json\/wp\/v2\/comments?post=7474"}],"wp:featuredmedia":[{"embeddable":true,"href":"https:\/\/mamazino.eu\/en\/wp-json\/wp\/v2\/media\/7150"}],"wp:attachment":[{"href":"https:\/\/mamazino.eu\/en\/wp-json\/wp\/v2\/media?parent=7474"}],"wp:term":[{"taxonomy":"product_brand","embeddable":true,"href":"https:\/\/mamazino.eu\/en\/wp-json\/wp\/v2\/product_brand?post=7474"},{"taxonomy":"product_cat","embeddable":true,"href":"https:\/\/mamazino.eu\/en\/wp-json\/wp\/v2\/product_cat?post=7474"},{"taxonomy":"product_tag","embeddable":true,"href":"https:\/\/mamazino.eu\/en\/wp-json\/wp\/v2\/product_tag?post=7474"}],"curies":[{"name":"wp","href":"https:\/\/api.w.org\/{rel}","templated":true}]}}