{"id":7473,"date":"2024-07-01T20:50:54","date_gmt":"2024-07-01T18:50:54","guid":{"rendered":"https:\/\/mamazino.eu\/preke\/svelnus-sauskelniu-kremas\/"},"modified":"2024-07-01T20:50:54","modified_gmt":"2024-07-01T18:50:54","slug":"svelnus-sauskelniu-kremas","status":"publish","type":"product","link":"https:\/\/mamazino.eu\/en\/product\/svelnus-sauskelniu-kremas\/","title":{"rendered":"\u0160VELNUS SAUSKELNI\u0172 KREMAS, 100 ML"},"content":{"rendered":"<p id=\"tw-target-text\" class=\"tw-data-text tw-text-large tw-ta\" dir=\"ltr\" data-placeholder=\"Vertimas\" aria-label=\"I\u0161verstas tekstas\" data-ved=\"2ahUKEwjfkqnkyIaHAxXOGRAIHSGYCxAQ3ewLegQIBxAU\"><span class=\"Y2IQFc\" lang=\"lt\">Ekologi\u0161kas sertifikuotas \u0161velnus k\u016bdiki\u0173 sauskelni\u0173 kremas, pagamintas i\u0161 subtili\u0173 nat\u016brali\u0173 aliej\u0173, kartu su ne-nano cinko oksidu ir ramun\u0117li\u0173 eteriniu aliejumi. Tikrai nat\u016brali prie\u017ei\u016bra, kuri maitina ir ramina k\u016bdikio od\u0105 aplink sauskelni\u0173 srit\u012f. Jis turi stipri\u0105 antibakterin\u0119 ir prie\u0161u\u017edegimin\u0119 naud\u0105, ramina dirginim\u0105, paraudim\u0105, vystykl\u0173 b\u0117rim\u0105 ir kovoja su kasdieniais odos i\u0161\u0161\u016bkiais. <\/span><\/p>\n<p class=\"tw-data-text tw-text-large tw-ta\" dir=\"ltr\" data-placeholder=\"Vertimas\" aria-label=\"I\u0161verstas tekstas\" data-ved=\"2ahUKEwjfkqnkyIaHAxXOGRAIHSGYCxAQ3ewLegQIBxAU\"><span class=\"Y2IQFc\" lang=\"lt\">Kremo sud\u0117tyje yra tik auk\u0161\u010diausios kokyb\u0117s nat\u016bral\u016bs ingredientai. Gaminys atitinka naujausius ES reikalavimus ir turi u\u017esienio profesional\u0173 \u012fvertinim\u0105 d\u0117l jo saugos ir efektyvumo. \u0160iame produkte n\u0117ra chemini\u0173 med\u017eiag\u0173, naftos darini\u0173, konservant\u0173, GMO ir sintetini\u0173 ingredient\u0173.<\/span><\/p>\n<p class=\"tw-data-text tw-text-large tw-ta\" dir=\"ltr\" data-placeholder=\"Vertimas\" aria-label=\"I\u0161verstas tekstas\" data-ved=\"2ahUKEwjfkqnkyIaHAxXOGRAIHSGYCxAQ3ewLegQIBxAU\">Naudokite kiekvien\u0105 kart\u0105 keisdami sauskelnes, \u0161velniai tepkite ant \u0161varios odos.<\/p>\n<p>Venkite tiesioginio aki\u0173 kontakto! Nenaudoti esant alergijai. Saugoti nuo vaik\u0173.<\/p>\n<p>INGREDIENTAI: Butyrospermum parkii (taukmed\u017eio) sviestas*; Cocos nucifera (kokos\u0173) aliejus*; Cinko oksidas (11%); Simmondsia chinensis (jojba) s\u0117kl\u0173 aliejus*; Prunus amygdalus dulcis (migdol\u0173) aliejus*; Theobroma kakavos s\u0117kl\u0173 (kakavos) sviestas*; Tapijokos krakmolas (tapijoka)*; tokoferolis (Vit.E); Anthemis nobilis (ramun\u0117li\u0173) g\u0117li\u0173 aliejus*.<\/p>\n<p>* Sertifikuotas ekologi\u0161kas ingredientas<\/p>\n<p id=\"tw-target-text\" class=\"tw-data-text tw-text-large tw-ta\" dir=\"ltr\" data-placeholder=\"Vertimas\" aria-label=\"I\u0161verstas tekstas\" data-ved=\"2ahUKEwjfkqnkyIaHAxXOGRAIHSGYCxAQ3ewLegQIBxAU\"><span class=\"Y2IQFc\" lang=\"lt\">100% nat\u016bralios kilm\u0117s<\/span><\/p>\n<p class=\"tw-data-text tw-text-large tw-ta\" dir=\"ltr\" data-placeholder=\"Vertimas\" aria-label=\"I\u0161verstas tekstas\" data-ved=\"2ahUKEwjfkqnkyIaHAxXOGRAIHSGYCxAQ3ewLegQIBxAU\"><span class=\"Y2IQFc\" lang=\"lt\"> 88,8% vis\u0173 ingredient\u0173 yra i\u0161 ekologinio \u016bkininkavimo<\/span><\/p>\n<p class=\"tw-data-text tw-text-large tw-ta\" dir=\"ltr\" data-placeholder=\"Vertimas\" aria-label=\"I\u0161verstas tekstas\" data-ved=\"2ahUKEwjfkqnkyIaHAxXOGRAIHSGYCxAQ3ewLegQIBxAU\"><span class=\"Y2IQFc\" lang=\"lt\">COSMOS ORGANIC sertifikuotas Ecocert Greenlife pagal COSMOS standart\u0105.<\/span><\/p>\n<p id=\"tw-target-text\" class=\"tw-data-text tw-text-large tw-ta\" dir=\"ltr\" data-placeholder=\"Vertimas\" aria-label=\"I\u0161verstas tekstas\" data-ved=\"2ahUKEwjfkqnkyIaHAxXOGRAIHSGYCxAQ3ewLegQIBxAU\"><span class=\"Y2IQFc\" lang=\"lt\"><strong>Daugiau apie ingredientus:<\/strong><\/span><\/p>\n<p class=\"tw-data-text tw-text-large tw-ta\" dir=\"ltr\" data-placeholder=\"Vertimas\" aria-label=\"I\u0161verstas tekstas\" data-ved=\"2ahUKEwjfkqnkyIaHAxXOGRAIHSGYCxAQ3ewLegQIBxAU\"><span class=\"Y2IQFc\" lang=\"lt\"><strong>Taukmed\u017eio sviestas*<\/strong> i\u0161gaunamas i\u0161 afrikinio taukmed\u017eio rie\u0161ut\u0173. Jame gausu verting\u0173 riebal\u0173 r\u016bg\u0161\u010di\u0173, vitamin\u0173 ir mikroelement\u0173, kurie giliai maitina ir dr\u0117kina od\u0105. Tai padeda greitai regeneruoti ir atkurti labai i\u0161saus\u0117jusi\u0105 od\u0105. <\/span><\/p>\n<p class=\"tw-data-text tw-text-large tw-ta\" dir=\"ltr\" data-placeholder=\"Vertimas\" aria-label=\"I\u0161verstas tekstas\" data-ved=\"2ahUKEwjfkqnkyIaHAxXOGRAIHSGYCxAQ3ewLegQIBxAU\"><span class=\"Y2IQFc\" lang=\"lt\"><strong>Kokos\u0173 aliejus*<\/strong> i\u0161gaunamas i\u0161 kokoso vaisiaus vidaus. Jam b\u016bdingas kokoso aromatas ir sniego baltumo konsistencija. Jis dr\u0117kina ir maitina od\u0105. <\/span><\/p>\n<p class=\"tw-data-text tw-text-large tw-ta\" dir=\"ltr\" data-placeholder=\"Vertimas\" aria-label=\"I\u0161verstas tekstas\" data-ved=\"2ahUKEwjfkqnkyIaHAxXOGRAIHSGYCxAQ3ewLegQIBxAU\"><span class=\"Y2IQFc\" lang=\"lt\"><strong>Kakavos sviestas*<\/strong> i\u0161gaunamas i\u0161 kakavos pupeli\u0173 ir turi nenugalim\u0105 \u0161okolado aromat\u0105. Jis dr\u0117kina od\u0105 ir gerina elastingum\u0105. <\/span><\/p>\n<p class=\"tw-data-text tw-text-large tw-ta\" dir=\"ltr\" data-placeholder=\"Vertimas\" aria-label=\"I\u0161verstas tekstas\" data-ved=\"2ahUKEwjfkqnkyIaHAxXOGRAIHSGYCxAQ3ewLegQIBxAU\"><span class=\"Y2IQFc\" lang=\"lt\"><strong>Sald\u017ei\u0173j\u0173 migdol\u0173 aliejuje*<\/strong> gausu vitamin\u0173 A, E, D, B1, B2 ir B6, mineral\u0173 magnio ir kalcio, taip pat daug mononeso\u010di\u0173j\u0173 r\u016bg\u0161\u010di\u0173, omega-3 ir kit\u0173 riebal\u0173 r\u016bg\u0161\u010di\u0173. Tinka kasdieniam naudojimui net ir jautriausiai odai. Aliejus maitina, mink\u0161tina ir yra \u017einomas kaip puiki priemon\u0117 i\u0161saus\u0117jimui ir odos sudirgimams mal\u0161inti. <\/span><\/p>\n<p class=\"tw-data-text tw-text-large tw-ta\" dir=\"ltr\" data-placeholder=\"Vertimas\" aria-label=\"I\u0161verstas tekstas\" data-ved=\"2ahUKEwjfkqnkyIaHAxXOGRAIHSGYCxAQ3ewLegQIBxAU\"><span class=\"Y2IQFc\" lang=\"lt\"><strong>Nat\u016bralus vitaminas E**<\/strong> yra galingas antioksidantas, kuris ilgiau i\u0161laiko kitus nat\u016bralius ingredientus \u0161vie\u017eius. <\/span><\/p>\n<p class=\"tw-data-text tw-text-large tw-ta\" dir=\"ltr\" data-placeholder=\"Vertimas\" aria-label=\"I\u0161verstas tekstas\" data-ved=\"2ahUKEwjfkqnkyIaHAxXOGRAIHSGYCxAQ3ewLegQIBxAU\"><span class=\"Y2IQFc\" lang=\"lt\"><strong>Nenano cinko oksidas**<\/strong> yra nat\u016bralus mineralas, turintis raminam\u0105j\u012f, gydom\u0105j\u012f, prie\u0161u\u017edegimin\u012f ir sausinant\u012f poveik\u012f. Tai padeda nuo sauskelni\u0173 b\u0117rimo ir nedideli\u0173 odos negalavim\u0173. <\/span><\/p>\n<p class=\"tw-data-text tw-text-large tw-ta\" dir=\"ltr\" data-placeholder=\"Vertimas\" aria-label=\"I\u0161verstas tekstas\" data-ved=\"2ahUKEwjfkqnkyIaHAxXOGRAIHSGYCxAQ3ewLegQIBxAU\"><span class=\"Y2IQFc\" lang=\"lt\"><strong>Jojobos aliejus*<\/strong> palaiko odos dr\u0117gnum\u0105 ir ramina. Mal\u0161ina nie\u017eul\u012f ir ramina labai i\u0161saus\u0117jusi\u0105 od\u0105. <\/span><\/p>\n<p class=\"tw-data-text tw-text-large tw-ta\" dir=\"ltr\" data-placeholder=\"Vertimas\" aria-label=\"I\u0161verstas tekstas\" data-ved=\"2ahUKEwjfkqnkyIaHAxXOGRAIHSGYCxAQ3ewLegQIBxAU\"><span class=\"Y2IQFc\" lang=\"lt\">*Biologi\u0161kai sertifikuotas ingredientas, tinkamas maistui <\/span><\/p>\n<p class=\"tw-data-text tw-text-large tw-ta\" dir=\"ltr\" data-placeholder=\"Vertimas\" aria-label=\"I\u0161verstas tekstas\" data-ved=\"2ahUKEwjfkqnkyIaHAxXOGRAIHSGYCxAQ3ewLegQIBxAU\"><span class=\"Y2IQFc\" lang=\"lt\">**Nat\u016bralus ingredientas<\/span><\/p>\n","protected":false},"excerpt":{"rendered":"<p><span style=\"color: #008080;\"><strong><span class=\"Y2IQFc\" lang=\"lt\">Ekologi\u0161kas sertifikuotas \u0161velnus k\u016bdiki\u0173 sauskelni\u0173 kremas, pagamintas i\u0161 subtili\u0173 nat\u016brali\u0173 aliej\u0173, kartu su ne-nano cinko oksidu ir ramun\u0117li\u0173 eteriniu aliejumi. <\/span><\/strong><\/span><\/p>\n<p><strong><span style=\"color: #008080;\">88% ekologi\u0161k\u0173 ingredient\u0173<\/span><\/strong><\/p>\n<p><strong><span style=\"color: #008080;\">100% nat\u016brali\u0173 ingredient\u0173<\/span><\/strong><\/p>\n<p><strong><span style=\"color: #008080;\">Tinka kasdieniam naudojimui nuo 0+ m\u0117n.<\/span><\/strong><\/p>\n<p><strong>Kiekis 100 ml<\/strong><\/p>\n","protected":false},"featured_media":7151,"comment_status":"open","ping_status":"closed","template":"","meta":{"_monsterinsights_skip_tracking":false,"_monsterinsights_sitenote_active":false,"_monsterinsights_sitenote_note":"","_monsterinsights_sitenote_category":0},"product_brand":[],"product_cat":[106],"product_tag":[],"class_list":{"0":"post-7473","1":"product","2":"type-product","3":"status-publish","4":"has-post-thumbnail","6":"product_cat-baby-bath","7":"pa_prekes-zenklas-wooden-spoon-en","9":"first","10":"instock","11":"taxable","12":"shipping-taxable","13":"product-type-simple"},"aioseo_notices":[],"_links":{"self":[{"href":"https:\/\/mamazino.eu\/en\/wp-json\/wp\/v2\/product\/7473","targetHints":{"allow":["GET"]}}],"collection":[{"href":"https:\/\/mamazino.eu\/en\/wp-json\/wp\/v2\/product"}],"about":[{"href":"https:\/\/mamazino.eu\/en\/wp-json\/wp\/v2\/types\/product"}],"replies":[{"embeddable":true,"href":"https:\/\/mamazino.eu\/en\/wp-json\/wp\/v2\/comments?post=7473"}],"wp:featuredmedia":[{"embeddable":true,"href":"https:\/\/mamazino.eu\/en\/wp-json\/wp\/v2\/media\/7151"}],"wp:attachment":[{"href":"https:\/\/mamazino.eu\/en\/wp-json\/wp\/v2\/media?parent=7473"}],"wp:term":[{"taxonomy":"product_brand","embeddable":true,"href":"https:\/\/mamazino.eu\/en\/wp-json\/wp\/v2\/product_brand?post=7473"},{"taxonomy":"product_cat","embeddable":true,"href":"https:\/\/mamazino.eu\/en\/wp-json\/wp\/v2\/product_cat?post=7473"},{"taxonomy":"product_tag","embeddable":true,"href":"https:\/\/mamazino.eu\/en\/wp-json\/wp\/v2\/product_tag?post=7473"}],"curies":[{"name":"wp","href":"https:\/\/api.w.org\/{rel}","templated":true}]}}