{"id":7472,"date":"2024-07-01T20:58:14","date_gmt":"2024-07-01T18:58:14","guid":{"rendered":"https:\/\/mamazino.eu\/preke\/svelnus-kudiku-aliejus\/"},"modified":"2024-07-01T20:58:14","modified_gmt":"2024-07-01T18:58:14","slug":"svelnus-kudiku-aliejus","status":"publish","type":"product","link":"https:\/\/mamazino.eu\/en\/product\/svelnus-kudiku-aliejus\/","title":{"rendered":"\u0160VELNUS K\u016aDIK\u0172 ALIEJUS, 100 ML"},"content":{"rendered":"<p id=\"tw-target-text\" class=\"tw-data-text tw-text-large tw-ta\" dir=\"ltr\" data-placeholder=\"Vertimas\" aria-label=\"I\u0161verstas tekstas\" data-ved=\"2ahUKEwjfkqnkyIaHAxXOGRAIHSGYCxAQ3ewLegQIBxAU\"><span class=\"Y2IQFc\" lang=\"lt\">\u0160velnus k\u016bdiki\u0173 aliejus sudarytas i\u0161 geriausi\u0173 ir subtiliausi\u0173 ekologi\u0161k\u0173 sertifikuot\u0173 aliej\u0173, praturtint\u0173 \u0161velniomis ramun\u0117l\u0117mis ir nat\u016braliu vitaminu E. Maitina, mink\u0161tina ir r\u016bpinasi gle\u017ena k\u016bdikio oda. Aliejuje yra tik auk\u0161\u010diausios kokyb\u0117s nat\u016bral\u016bs ingredientai. Gaminys atitinka naujausius ES reikalavimus ir turi u\u017esienio profesional\u0173 \u012fvertinim\u0105 d\u0117l jo saugos ir efektyvumo. \u0160iame produkte n\u0117ra chemini\u0173 med\u017eiag\u0173, naftos darini\u0173, konservant\u0173, GMO ir sintetini\u0173 ingredient\u0173.<\/span><\/p>\n<p class=\"tw-data-text tw-text-large tw-ta\" dir=\"ltr\" data-placeholder=\"Vertimas\" aria-label=\"I\u0161verstas tekstas\" data-ved=\"2ahUKEwjfkqnkyIaHAxXOGRAIHSGYCxAQ3ewLegQIBxAU\">Naudojimas: U\u017ela\u0161inkite \u0161iek tiek aliejaus ant rankos, kad jis su\u0161ilt\u0173 iki odos temperat\u016bros. Prad\u0117kite \u0161velniai tepti ant k\u016bdikio odos l\u0117tais ir \u0161velniais sukamaisiais judesiais. \u0160\u012f aliej\u0173 galima naudoti tiek da\u017enai, kiek reikia.<\/p>\n<p>Vengti patekimo \u012f akis! Saugoti nuo vaik\u0173. Nenaudoti esant alergijai.<\/p>\n<p>INGREDIENTAI: Prunus (sald\u017ei\u0173j\u0173 migdol\u0173) Amygdalus Dulcis aliejus*; Slyv\u0173 (abrikos\u0173) Armeniaca branduoli\u0173 aliejus*; Makadamij\u0173 (makadamijos) Ternifolia s\u0117kl\u0173 aliejus*; Tokoferolis (Vit. \u0415), Anthemis Nobilis (ramun\u0117li\u0173) G\u0117li\u0173 aliejus*;<\/p>\n<p><span style=\"color: #808080;\">* Sertifikuotas ekologi\u0161kas ingredientas<\/span><\/p>\n<p><span style=\"color: #808080;\">99% ekologi\u0161k\u0173 sertifikuot\u0173 ingredient\u0173\u00a0<\/span><\/p>\n<p><span style=\"color: #808080;\">100% nat\u016brali\u0173 ingredient\u0173<\/span><\/p>\n<p id=\"tw-target-text\" class=\"tw-data-text tw-text-large tw-ta\" dir=\"ltr\" data-placeholder=\"Vertimas\" aria-label=\"I\u0161verstas tekstas\" data-ved=\"2ahUKEwjfkqnkyIaHAxXOGRAIHSGYCxAQ3ewLegQIBxAU\"><span class=\"Y2IQFc\" lang=\"lt\">COSMOS ORGANIC sertifikuotas Ecocert Greenlife pagal COSMOS standart\u0105.<\/span><\/p>\n<p id=\"tw-target-text\" class=\"tw-data-text tw-text-large tw-ta\" dir=\"ltr\" data-placeholder=\"Vertimas\" aria-label=\"I\u0161verstas tekstas\" data-ved=\"2ahUKEwjfkqnkyIaHAxXOGRAIHSGYCxAQ3ewLegQIBxAU\"><span class=\"Y2IQFc\" lang=\"lt\"><strong>Daugiau apie ingredientus:<\/strong> <\/span><\/p>\n<p class=\"tw-data-text tw-text-large tw-ta\" dir=\"ltr\" data-placeholder=\"Vertimas\" aria-label=\"I\u0161verstas tekstas\" data-ved=\"2ahUKEwjfkqnkyIaHAxXOGRAIHSGYCxAQ3ewLegQIBxAU\"><span class=\"Y2IQFc\" lang=\"lt\"><strong>Vitaminas E<\/strong> yra gaunamas i\u0161 NE GMO nat\u016brali\u0173 saul\u0117gr\u0105\u017e\u0173. Tai galingas antioksidantas, kuris ilgiau i\u0161laiko kitus nat\u016bralius ingredientus \u0161vie\u017eius.<\/span><\/p>\n<p class=\"tw-data-text tw-text-large tw-ta\" dir=\"ltr\" data-placeholder=\"Vertimas\" aria-label=\"I\u0161verstas tekstas\" data-ved=\"2ahUKEwjfkqnkyIaHAxXOGRAIHSGYCxAQ3ewLegQIBxAU\"><span class=\"Y2IQFc\" lang=\"lt\"><strong>Sald\u017ei\u0173j\u0173 migdol\u0173 aliejuje<\/strong> gausu vitamin\u0173 A, \u0415, D, B1, B2 ir B6, magnio ir kalcio bei nepakei\u010diam\u0173 riebal\u0173 r\u016bg\u0161\u010di\u0173. Ramina sudirgimus ir padeda atkurti saus\u0105 ir \u012ftr\u016bkusi\u0105 od\u0105.<\/span><\/p>\n<p class=\"tw-data-text tw-text-large tw-ta\" dir=\"ltr\" data-placeholder=\"Vertimas\" aria-label=\"I\u0161verstas tekstas\" data-ved=\"2ahUKEwjfkqnkyIaHAxXOGRAIHSGYCxAQ3ewLegQIBxAU\"><span class=\"Y2IQFc\" lang=\"lt\"><strong>Abrikos\u0173 aliejuje<\/strong> nat\u016braliai yra daug vitamin\u0173 A, E ir B, taip pat riebi\u0173j\u0173 Omega 6 ir 9 r\u016bg\u0161\u010di\u0173. Masa\u017eas su abrikos\u0173 aliejumi gerina kraujotak\u0105 ir atkuria nat\u016bral\u0173 odos elastingum\u0105, kas yra labai svarbu augan\u010diai k\u016bdikio odai. &#8220;Must- have&#8221; ingredientai kiekvienoje k\u016bdikio odos prie\u017ei\u016bros priemon\u0117je. <\/span><\/p>\n<p class=\"tw-data-text tw-text-large tw-ta\" dir=\"ltr\" data-placeholder=\"Vertimas\" aria-label=\"I\u0161verstas tekstas\" data-ved=\"2ahUKEwjfkqnkyIaHAxXOGRAIHSGYCxAQ3ewLegQIBxAU\"><span class=\"Y2IQFc\" lang=\"lt\"><strong>Makadamij\u0173 aliejus<\/strong> saugo, ramina ir nuramina plon\u0105 k\u016bdikio od\u0105. Greitai susigeria ir nepalieka nemalonaus riebumo poj\u016b\u010dio, padeda odai atsinaujinti ir atkuria odos pusiausvyr\u0105 esant sausai ir skilin\u0117jan\u010diai odai. <\/span><\/p>\n<p class=\"tw-data-text tw-text-large tw-ta\" dir=\"ltr\" data-placeholder=\"Vertimas\" aria-label=\"I\u0161verstas tekstas\" data-ved=\"2ahUKEwjfkqnkyIaHAxXOGRAIHSGYCxAQ3ewLegQIBxAU\"><span class=\"Y2IQFc\" lang=\"lt\"><strong>Ramun\u0117li\u0173 eterinis aliejus<\/strong>, be alergen\u0173, yra gyvybi\u0161kai svarbus sveikai k\u016bdikio odai palaikyti. Jis turi stipri\u0105 antibakterin\u0119 ir prie\u0161u\u017edegimin\u0119 naud\u0105, ramina dirginim\u0105, paraudim\u0105, vystykl\u0173 b\u0117rimus ir kovoja su kasdieniais odos i\u0161\u0161\u016bkiais.<\/span><\/p>\n","protected":false},"excerpt":{"rendered":"<p><span style=\"color: #008080;\"><strong><span class=\"Y2IQFc\" lang=\"lt\">\u0160velnus k\u016bdiki\u0173 aliejus sudarytas i\u0161 geriausi\u0173 ir subtiliausi\u0173 ekologi\u0161k\u0173 sertifikuot\u0173 aliej\u0173, praturtint\u0173 \u0161velniomis ramun\u0117l\u0117mis ir nat\u016braliu vitaminu E. <\/span><\/strong><\/span><\/p>\n<p><span style=\"color: #008080;\"><strong>99% ekologi\u0161k\u0173 sertifikuot\u0173 ingredient\u0173 <\/strong><\/span><\/p>\n<p><span style=\"color: #008080;\"><strong>100% nat\u016brali\u0173 ingredient\u0173<\/strong><\/span><\/p>\n<p><strong>Kiekis 100 ml<\/strong><\/p>\n","protected":false},"featured_media":7152,"comment_status":"open","ping_status":"closed","template":"","meta":{"_monsterinsights_skip_tracking":false,"_monsterinsights_sitenote_active":false,"_monsterinsights_sitenote_note":"","_monsterinsights_sitenote_category":0},"product_brand":[],"product_cat":[106],"product_tag":[],"class_list":{"0":"post-7472","1":"product","2":"type-product","3":"status-publish","4":"has-post-thumbnail","6":"product_cat-baby-bath","7":"pa_prekes-zenklas-wooden-spoon-en","9":"first","10":"instock","11":"taxable","12":"shipping-taxable","13":"product-type-simple"},"aioseo_notices":[],"_links":{"self":[{"href":"https:\/\/mamazino.eu\/en\/wp-json\/wp\/v2\/product\/7472","targetHints":{"allow":["GET"]}}],"collection":[{"href":"https:\/\/mamazino.eu\/en\/wp-json\/wp\/v2\/product"}],"about":[{"href":"https:\/\/mamazino.eu\/en\/wp-json\/wp\/v2\/types\/product"}],"replies":[{"embeddable":true,"href":"https:\/\/mamazino.eu\/en\/wp-json\/wp\/v2\/comments?post=7472"}],"wp:featuredmedia":[{"embeddable":true,"href":"https:\/\/mamazino.eu\/en\/wp-json\/wp\/v2\/media\/7152"}],"wp:attachment":[{"href":"https:\/\/mamazino.eu\/en\/wp-json\/wp\/v2\/media?parent=7472"}],"wp:term":[{"taxonomy":"product_brand","embeddable":true,"href":"https:\/\/mamazino.eu\/en\/wp-json\/wp\/v2\/product_brand?post=7472"},{"taxonomy":"product_cat","embeddable":true,"href":"https:\/\/mamazino.eu\/en\/wp-json\/wp\/v2\/product_cat?post=7472"},{"taxonomy":"product_tag","embeddable":true,"href":"https:\/\/mamazino.eu\/en\/wp-json\/wp\/v2\/product_tag?post=7472"}],"curies":[{"name":"wp","href":"https:\/\/api.w.org\/{rel}","templated":true}]}}