{"id":7471,"date":"2024-07-01T21:02:55","date_gmt":"2024-07-01T19:02:55","guid":{"rendered":"https:\/\/mamazino.eu\/preke\/vaiku-dantu-pasta-su-prebiotikais\/"},"modified":"2024-07-01T21:02:55","modified_gmt":"2024-07-01T19:02:55","slug":"vaiku-dantu-pasta-su-prebiotikais","status":"publish","type":"product","link":"https:\/\/mamazino.eu\/en\/product\/vaiku-dantu-pasta-su-prebiotikais\/","title":{"rendered":"VAIK\u0172 DANT\u0172 PASTA SU PREBIOTIKAIS, 50 ML"},"content":{"rendered":"<p id=\"tw-target-text\" class=\"tw-data-text tw-text-large tw-ta\" dir=\"ltr\" data-placeholder=\"Vertimas\" aria-label=\"I\u0161verstas tekstas\" data-ved=\"2ahUKEwjfkqnkyIaHAxXOGRAIHSGYCxAQ3ewLegQIBxAU\"><span class=\"Y2IQFc\" lang=\"lt\">Kiekviena \u0161eima deda daug pastang\u0173, kad pasir\u016bpint\u0173 gera savo vaik\u0173 burnos higiena. Pasaulyje pirmaujan\u010dios pediatr\u0173 asociacijos pataria, kad vaik\u0173 dant\u0173 prie\u017ei\u016bra tur\u0117t\u0173 prasid\u0117ti nuo pirm\u0173j\u0173 pienini\u0173 dant\u0173 atsiradimo. Kiekvienas t\u0117vas \u017eino, kokia sunki \u0161i u\u017eduotis ir kaip svarbu i\u0161sirinkti dant\u0173 past\u0105 tokiame ankstyvame am\u017eiuje. <\/span><\/p>\n<p class=\"tw-data-text tw-text-large tw-ta\" dir=\"ltr\" data-placeholder=\"Vertimas\" aria-label=\"I\u0161verstas tekstas\" data-ved=\"2ahUKEwjfkqnkyIaHAxXOGRAIHSGYCxAQ3ewLegQIBxAU\"><span class=\"Y2IQFc\" lang=\"lt\">Suk\u016br\u0117me vaiki\u0161k\u0105 dant\u0173 past\u0105 i\u0161 auk\u0161tos kokyb\u0117s nat\u016brali\u0173 ingredient\u0173, kuri tinka vaikams nuo 1 met\u0173. Ji gerai valo dantis, neleid\u017eia kauptis apna\u0161oms, padeda gerosioms bakterijoms burnos ertm\u0117je ir slopina blog\u0173j\u0173 vystym\u0105si.<\/span><\/p>\n<p class=\"tw-data-text tw-text-large tw-ta\" dir=\"ltr\" data-placeholder=\"Vertimas\" aria-label=\"I\u0161verstas tekstas\" data-ved=\"2ahUKEwjfkqnkyIaHAxXOGRAIHSGYCxAQ3ewLegQIBxAU\"><span class=\"Y2IQFc\" lang=\"lt\"><strong>Prebiotikai i\u0161 fermentuot\u0173 kvie\u010di\u0173 gemal\u0173<\/strong> (Lactobacillus);<\/span><\/p>\n<p class=\"tw-data-text tw-text-large tw-ta\" dir=\"ltr\" data-placeholder=\"Vertimas\" aria-label=\"I\u0161verstas tekstas\" data-ved=\"2ahUKEwjfkqnkyIaHAxXOGRAIHSGYCxAQ3ewLegQIBxAU\"><span class=\"Y2IQFc\" lang=\"lt\"><strong>Aloe Vera sultys<\/strong> \u2013 yra galing\u0173 antioksidant\u0173, vadinam\u0173 polifenoliais. Jame gausu vitamin\u0173, mineral\u0173 ir amino r\u016bg\u0161\u010di\u0173, kurios palaiko ger\u0173j\u0173 bakterij\u0173 vystym\u0105si ir padeda slopinti blog\u0105sias. <\/span><\/p>\n<p class=\"tw-data-text tw-text-large tw-ta\" dir=\"ltr\" data-placeholder=\"Vertimas\" aria-label=\"I\u0161verstas tekstas\" data-ved=\"2ahUKEwjfkqnkyIaHAxXOGRAIHSGYCxAQ3ewLegQIBxAU\"><span class=\"Y2IQFc\" lang=\"lt\"><strong>Apelsin\u0173 ekstraktas<\/strong> \u2013 suteikia sulting\u0105 ir gaiv\u0173 citrus\u0173 skon\u012f.<\/span><\/p>\n<p>INGREDIENTAI: sorbitolis, hidratuotas silicio dioksidas, alavijo barbadiensio lap\u0173 sultys*, glicerinas**, ksilitolis, laktobacilos\/rugi\u0173 miltai\/fermentas*, vanduo, laurilo glikozidas, natrio levulinatas, citrin\u0173 r\u016bg\u0161tis, natrio benzoatas, kalio sorbatas, natrio A guva Citrus Sinensis \u017eievel\u0117s aliejus*, Stevia rebaudiana ekstraktas, tokoferolis, Helianthus Annuus s\u0117kl\u0173 aliejus, limonenas.<\/p>\n<p>*Ingredientai i\u0161 ekologinio \u016bkininkavimo<\/p>\n<p>**Pagaminta naudojant ekologi\u0161kus ingredientus<\/p>\n<p>Naudojimas: U\u017etepkite nedidel\u012f kiek\u012f dant\u0173 pastos ant dant\u0173 \u0161epet\u0117lio. Valykite dantis du kartus per dien\u0105 po 2 minutes.<\/p>\n<p>Venkite tiesioginio aki\u0173 kontakto! Nenaudoti esant alergijai.<\/p>\n","protected":false},"excerpt":{"rendered":"<p><span style=\"color: #008080;\"><strong>Be fluoro. Sultingo apelsino skonio.<\/strong><\/span><\/p>\n<p><span style=\"color: #008080;\"><strong>19,8% biologi\u0161kai sertifikuot\u0173 ingredient\u0173 <\/strong><\/span><\/p>\n<p><span style=\"color: #008080;\"><strong>99,6% nat\u016brali\u0173 ingredient\u0173<\/strong><\/span><\/p>\n<p><strong>Kiekis 50 ml<\/strong><\/p>\n","protected":false},"featured_media":7153,"comment_status":"open","ping_status":"closed","template":"","meta":{"_monsterinsights_skip_tracking":false,"_monsterinsights_sitenote_active":false,"_monsterinsights_sitenote_note":"","_monsterinsights_sitenote_category":0},"product_brand":[],"product_cat":[106],"product_tag":[],"class_list":{"0":"post-7471","1":"product","2":"type-product","3":"status-publish","4":"has-post-thumbnail","6":"product_cat-baby-bath","7":"pa_prekes-zenklas-wooden-spoon-en","9":"first","10":"instock","11":"taxable","12":"shipping-taxable","13":"product-type-simple"},"aioseo_notices":[],"_links":{"self":[{"href":"https:\/\/mamazino.eu\/en\/wp-json\/wp\/v2\/product\/7471","targetHints":{"allow":["GET"]}}],"collection":[{"href":"https:\/\/mamazino.eu\/en\/wp-json\/wp\/v2\/product"}],"about":[{"href":"https:\/\/mamazino.eu\/en\/wp-json\/wp\/v2\/types\/product"}],"replies":[{"embeddable":true,"href":"https:\/\/mamazino.eu\/en\/wp-json\/wp\/v2\/comments?post=7471"}],"wp:featuredmedia":[{"embeddable":true,"href":"https:\/\/mamazino.eu\/en\/wp-json\/wp\/v2\/media\/7153"}],"wp:attachment":[{"href":"https:\/\/mamazino.eu\/en\/wp-json\/wp\/v2\/media?parent=7471"}],"wp:term":[{"taxonomy":"product_brand","embeddable":true,"href":"https:\/\/mamazino.eu\/en\/wp-json\/wp\/v2\/product_brand?post=7471"},{"taxonomy":"product_cat","embeddable":true,"href":"https:\/\/mamazino.eu\/en\/wp-json\/wp\/v2\/product_cat?post=7471"},{"taxonomy":"product_tag","embeddable":true,"href":"https:\/\/mamazino.eu\/en\/wp-json\/wp\/v2\/product_tag?post=7471"}],"curies":[{"name":"wp","href":"https:\/\/api.w.org\/{rel}","templated":true}]}}