{"id":7469,"date":"2024-07-01T21:13:33","date_gmt":"2024-07-01T19:13:33","guid":{"rendered":"https:\/\/mamazino.eu\/preke\/naturali-vabzdziu-atbaidymo-priemone-50-ml\/"},"modified":"2024-07-01T21:13:33","modified_gmt":"2024-07-01T19:13:33","slug":"naturali-vabzdziu-atbaidymo-priemone-50-ml","status":"publish","type":"product","link":"https:\/\/mamazino.eu\/en\/product\/naturali-vabzdziu-atbaidymo-priemone-50-ml\/","title":{"rendered":"NAT\u016aRALI VABZD\u017dI\u0172 ATBAIDYMO PRIEMON\u0116, 50 ML"},"content":{"rendered":"<p id=\"tw-target-text\" class=\"tw-data-text tw-text-large tw-ta\" dir=\"ltr\" data-placeholder=\"Vertimas\" aria-label=\"I\u0161verstas tekstas\" data-ved=\"2ahUKEwjfkqnkyIaHAxXOGRAIHSGYCxAQ3ewLegQIBxAU\"><span class=\"Y2IQFc\" lang=\"lt\">Nat\u016bralus pur\u0161kalas nuo vabzd\u017ei\u0173 su unikaliu galing\u0173 eterini\u0173 aliej\u0173 deriniu. Pur\u0161kalas pagamintas i\u0161 atogr\u0105\u017e\u0173 \u017eoleli\u0173, kat\u017eol\u0117s, kuri, kaip \u012frodyta, atbaido uodus ir vis\u0173 r\u016b\u0161i\u0173 vabzd\u017eius. Tai vienintelis pur\u0161kalas su retu kat\u017eoli\u0173 aliejumi, kur\u012f sunkiai randamas, bet labai efektyvus:<\/span><\/p>\n<p class=\"tw-data-text tw-text-large tw-ta\" dir=\"ltr\" data-placeholder=\"Vertimas\" aria-label=\"I\u0161verstas tekstas\" data-ved=\"2ahUKEwjfkqnkyIaHAxXOGRAIHSGYCxAQ3ewLegQIBxAU\"><span class=\"Y2IQFc\" lang=\"lt\"> \u2013 Atbaido skraidan\u010dius vabzd\u017eius;<\/span><\/p>\n<p class=\"tw-data-text tw-text-large tw-ta\" dir=\"ltr\" data-placeholder=\"Vertimas\" aria-label=\"I\u0161verstas tekstas\" data-ved=\"2ahUKEwjfkqnkyIaHAxXOGRAIHSGYCxAQ3ewLegQIBxAU\"><span class=\"Y2IQFc\" lang=\"lt\">\u2013 \u0160velnus net pa\u010di\u0173 jauniausi\u0173 \u0161eimos nari\u0173 odai;<\/span><\/p>\n<p class=\"tw-data-text tw-text-large tw-ta\" dir=\"ltr\" data-placeholder=\"Vertimas\" aria-label=\"I\u0161verstas tekstas\" data-ved=\"2ahUKEwjfkqnkyIaHAxXOGRAIHSGYCxAQ3ewLegQIBxAU\"><span class=\"Y2IQFc\" lang=\"lt\"> \u2013 Malonus gamtai ir vegani\u0161kas;<\/span><\/p>\n<p class=\"tw-data-text tw-text-large tw-ta\" dir=\"ltr\" data-placeholder=\"Vertimas\" aria-label=\"I\u0161verstas tekstas\" data-ved=\"2ahUKEwjfkqnkyIaHAxXOGRAIHSGYCxAQ3ewLegQIBxAU\"><span class=\"Y2IQFc\" lang=\"lt\"> \u2013 Sud\u0117tyje n\u0117ra chemikal\u0173 ir pesticid\u0173. <\/span><\/p>\n<p class=\"tw-data-text tw-text-large tw-ta\" dir=\"ltr\" data-placeholder=\"Vertimas\" aria-label=\"I\u0161verstas tekstas\" data-ved=\"2ahUKEwjfkqnkyIaHAxXOGRAIHSGYCxAQ3ewLegQIBxAU\"><span class=\"Y2IQFc\" lang=\"lt\">Tinka naudoti visai \u0161eimai, \u012fskaitant vyresnius nei 2 met\u0173 vaikus ir suaugusius.<\/span><\/p>\n<p class=\"tw-data-text tw-text-large tw-ta\" dir=\"ltr\" data-placeholder=\"Vertimas\" aria-label=\"I\u0161verstas tekstas\" data-ved=\"2ahUKEwjfkqnkyIaHAxXOGRAIHSGYCxAQ3ewLegQIBxAU\">Naudojimas: gerai suplakti ir purk\u0161ti ant odos. Tolygiai paskirstykite, kol visi\u0161kai \u012fsigers. Pakartotinai naudoti kas 2 valandas.<\/p>\n<p>Vengti patekimo \u012f akis! Saugoti nuo vaik\u0173. Nenaudoti esant alergijai.<\/p>\n<p>INGREDIENTAI: alkoholis Denat., Prunus Amygdalus Dulcis (sald\u017ei\u0173j\u0173 migdol\u0173) aliejus*, Citrus Aurantium Dulcis (sald\u017ei\u0173j\u0173 apelsin\u0173) \u017eieveli\u0173 aliejus*, Nepeta Cataria (kat\u017eol\u0117s) aliejus, Cymbopogon Winterianus (Citronella) \u017eol\u0117s aliejus (Gwereranium*), PelenFloranium* Aliejus*, Rosmarinus Officinalis (rozmarin\u0173) lap\u0173 aliejus*, Thymus Vulgaris (\u010diobreli\u0173) g\u0117li\u0173\/lap\u0173 aliejus*, Melaleuca Alternifolia (arbatmed\u017eio) lap\u0173 aliejus*, Eucalyptus Globulus (eukalipto) lap\u0173 aliejus (Cedrus* Atlantik Bar) , Lavandula Officinalis (levand\u0173) g\u0117li\u0173 aliejus*, Citralis, Geraniolis, Limonenas, Linalolis, Eugenolis, Farnezolis, Citronellolis<\/p>\n<p>* Sertifikuoti ekologi\u0161ki ingredientai<\/p>\n<p id=\"tw-target-text\" class=\"tw-data-text tw-text-large tw-ta\" dir=\"ltr\" data-placeholder=\"Vertimas\" aria-label=\"I\u0161verstas tekstas\" data-ved=\"2ahUKEwjfkqnkyIaHAxXOGRAIHSGYCxAQ3ewLegQIBxAU\"><span class=\"Y2IQFc\" lang=\"lt\">**Nat\u016braliai randamas eteriniuose aliejuose<\/span><\/p>\n<p id=\"tw-target-text\" class=\"tw-data-text tw-text-large tw-ta\" dir=\"ltr\" data-placeholder=\"Vertimas\" aria-label=\"I\u0161verstas tekstas\" data-ved=\"2ahUKEwjfkqnkyIaHAxXOGRAIHSGYCxAQ3ewLegQIBxAU\"><strong><span class=\"Y2IQFc\" lang=\"lt\">Daugiau apie ingredientus:<\/span><\/strong><\/p>\n<p class=\"tw-data-text tw-text-large tw-ta\" dir=\"ltr\" data-placeholder=\"Vertimas\" aria-label=\"I\u0161verstas tekstas\" data-ved=\"2ahUKEwjfkqnkyIaHAxXOGRAIHSGYCxAQ3ewLegQIBxAU\"><span class=\"Y2IQFc\" lang=\"lt\">Sald\u017ei\u0173j\u0173 migdol\u0173 aliejuje gausu vitamin\u0173 A, \u0415, D, B1, B2 ir B6, magnio ir kalcio bei nepakei\u010diam\u0173 riebal\u0173 r\u016bg\u0161\u010di\u0173. Ramina sudirgimus ir padeda atkurti saus\u0105 ir \u012ftr\u016bkusi\u0105 od\u0105.<\/span><\/p>\n<p dir=\"ltr\" data-placeholder=\"Vertimas\" aria-label=\"I\u0161verstas tekstas\" data-ved=\"2ahUKEwjfkqnkyIaHAxXOGRAIHSGYCxAQ3ewLegQIBxAU\">\n","protected":false},"excerpt":{"rendered":"<p><strong><span class=\"Y2IQFc\" lang=\"lt\" style=\"color: #008080;\">Nat\u016bralus pur\u0161kalas nuo vabzd\u017ei\u0173 su unikaliu galing\u0173 eterini\u0173 aliej\u0173 deriniu.<\/span><\/strong><\/p>\n<p><strong><span class=\"Y2IQFc\" lang=\"lt\" style=\"color: #008080;\">Tinka naudoti visai \u0161eimai, \u012fskaitant vyresnius nei 2 met\u0173 vaikus ir suaugusius.<\/span><\/strong><\/p>\n<p><strong>Kiekis 50 ml<\/strong><\/p>\n","protected":false},"featured_media":7155,"comment_status":"open","ping_status":"closed","template":"","meta":{"_monsterinsights_skip_tracking":false,"_monsterinsights_sitenote_active":false,"_monsterinsights_sitenote_note":"","_monsterinsights_sitenote_category":0},"product_brand":[],"product_cat":[106],"product_tag":[],"class_list":{"0":"post-7469","1":"product","2":"type-product","3":"status-publish","4":"has-post-thumbnail","6":"product_cat-baby-bath","7":"pa_prekes-zenklas-wooden-spoon-en","9":"first","10":"instock","11":"taxable","12":"shipping-taxable","13":"product-type-simple"},"aioseo_notices":[],"_links":{"self":[{"href":"https:\/\/mamazino.eu\/en\/wp-json\/wp\/v2\/product\/7469","targetHints":{"allow":["GET"]}}],"collection":[{"href":"https:\/\/mamazino.eu\/en\/wp-json\/wp\/v2\/product"}],"about":[{"href":"https:\/\/mamazino.eu\/en\/wp-json\/wp\/v2\/types\/product"}],"replies":[{"embeddable":true,"href":"https:\/\/mamazino.eu\/en\/wp-json\/wp\/v2\/comments?post=7469"}],"wp:featuredmedia":[{"embeddable":true,"href":"https:\/\/mamazino.eu\/en\/wp-json\/wp\/v2\/media\/7155"}],"wp:attachment":[{"href":"https:\/\/mamazino.eu\/en\/wp-json\/wp\/v2\/media?parent=7469"}],"wp:term":[{"taxonomy":"product_brand","embeddable":true,"href":"https:\/\/mamazino.eu\/en\/wp-json\/wp\/v2\/product_brand?post=7469"},{"taxonomy":"product_cat","embeddable":true,"href":"https:\/\/mamazino.eu\/en\/wp-json\/wp\/v2\/product_cat?post=7469"},{"taxonomy":"product_tag","embeddable":true,"href":"https:\/\/mamazino.eu\/en\/wp-json\/wp\/v2\/product_tag?post=7469"}],"curies":[{"name":"wp","href":"https:\/\/api.w.org\/{rel}","templated":true}]}}