{"id":7468,"date":"2024-07-01T21:19:51","date_gmt":"2024-07-01T19:19:51","guid":{"rendered":"https:\/\/mamazino.eu\/preke\/naturalus-ranku-purskiklis-clean-hands-50-ml\/"},"modified":"2024-07-01T21:19:51","modified_gmt":"2024-07-01T19:19:51","slug":"naturalus-ranku-purskiklis-clean-hands-50-ml","status":"publish","type":"product","link":"https:\/\/mamazino.eu\/en\/product\/naturalus-ranku-purskiklis-clean-hands-50-ml\/","title":{"rendered":"NAT\u016aRALUS RANK\u0172 PUR\u0160KALAS \u201eCLEAN HANDS\u201c, 50 ML"},"content":{"rendered":"<p id=\"tw-target-text\" class=\"tw-data-text tw-text-large tw-ta\" dir=\"ltr\" data-placeholder=\"Vertimas\" aria-label=\"I\u0161verstas tekstas\" data-ved=\"2ahUKEwjfkqnkyIaHAxXOGRAIHSGYCxAQ3ewLegQIBxAU\"><span class=\"Y2IQFc\" lang=\"lt\">Nat\u016bralus valomasis pur\u0161kalas su ekologi\u0161ka sertifikuota baze ir eteriniais aliejais. Nat\u016bralus pagrindas ir eteriniai aliejai, esantys valomajame pur\u0161kiklyje, maitina ir dr\u0117kina od\u0105. Po naudojimo rankos lieka mink\u0161tos ir \u0161velnios. Nat\u016bralus valomasis pur\u0161kiklis \u201eClean Hands\u201c neturi tir\u0161tikli\u0173 ir silikon\u0173, kurie d\u017eiovinant sudaro lipn\u0173 sluoksn\u012f ant rank\u0173.<\/span><\/p>\n<p class=\"tw-data-text tw-text-large tw-ta\" dir=\"ltr\" data-placeholder=\"Vertimas\" aria-label=\"I\u0161verstas tekstas\" data-ved=\"2ahUKEwjfkqnkyIaHAxXOGRAIHSGYCxAQ3ewLegQIBxAU\"><span class=\"Y2IQFc\" lang=\"lt\">\u0160is pur\u0161kiklis yra efektyvus- nuvalymui pakanka dviej\u0173 papur\u0161kim\u0173 vienai rankai. Viename buteliuke yra apie 400 pur\u0161kim\u0173. Po naudojimo skalauti ir \u0161luostyti nereikia. Po naudojimo ant rank\u0173 nelieka kartaus skonio. Tinka naudoti k\u016bdikiams nuo 1 met\u0173, vaikams ir suaugusiems.<\/span><\/p>\n<p>Naudojimas: gerai suplakti ir purk\u0161ti du kartus ant kiekvienos rankos. Tolygiai paskirstykite, kol visi\u0161kai \u012fsigers. Neplaukite. Po naudojimo skalauti ir \u0161luostyti nereikia. Po naudojimo ant rank\u0173 nelieka kartaus skonio.<\/p>\n<p>Vengti patekimo \u012f akis. Saugoti nuo vaik\u0173. Nenaudoti esant alergijai.<\/p>\n<p>INGREDIENTAI: Alcohol Denat., Prunus Amygdalus Dulcis Oil (migdol\u0173)*, Prunus Armeniaca branduoli\u0173 aliejus (abrikos\u0173)*, Hippophae Rhamnoides vaisi\u0173 aliejus (\u0161altalanki\u0173)*, Tokoferolis (Vit. E), Mentha Piperita aliejus (pipirm\u0117\u010di\u0173)*, Citrus\u0173 aliejus sinensis \u017eieveli\u0173 aliejus (kraujinis apelsinas)*, Linalool**, Limonene**, Citral**, Citronellol**, Geraniol**, D-Limonene**<\/p>\n<p>* Sertifikuoti ekologi\u0161ki ingredientai<\/p>\n<p>**Nat\u016braliai randamas eteriniuose aliejuose<\/p>\n<p id=\"tw-target-text\" class=\"tw-data-text tw-text-large tw-ta\" dir=\"ltr\" data-placeholder=\"Vertimas\" aria-label=\"I\u0161verstas tekstas\" data-ved=\"2ahUKEwjfkqnkyIaHAxXOGRAIHSGYCxAQ3ewLegQIBxAU\"><strong><span class=\"Y2IQFc\" lang=\"lt\">Daugiau apie ingredientus:<\/span><\/strong><\/p>\n<p class=\"tw-data-text tw-text-large tw-ta\" dir=\"ltr\" data-placeholder=\"Vertimas\" aria-label=\"I\u0161verstas tekstas\" data-ved=\"2ahUKEwjfkqnkyIaHAxXOGRAIHSGYCxAQ3ewLegQIBxAU\"><span class=\"Y2IQFc\" lang=\"lt\"><strong>Sald\u017ei\u0173j\u0173 migdol\u0173 aliejuje<\/strong> gausu vitamin\u0173 A, \u0415, D, B1, B2 ir B6, magnio ir kalcio bei nepakei\u010diam\u0173 riebal\u0173 r\u016bg\u0161\u010di\u0173. Ramina sudirgimus ir padeda atkurti saus\u0105 ir \u012ftr\u016bkusi\u0105 od\u0105. <\/span><\/p>\n<p class=\"tw-data-text tw-text-large tw-ta\" dir=\"ltr\" data-placeholder=\"Vertimas\" aria-label=\"I\u0161verstas tekstas\" data-ved=\"2ahUKEwjfkqnkyIaHAxXOGRAIHSGYCxAQ3ewLegQIBxAU\"><span class=\"Y2IQFc\" lang=\"lt\"><strong>Abrikos\u0173 aliejuje<\/strong> nat\u016braliai yra daug vitamin\u0173 A, E ir B, taip pat riebi\u0173j\u0173 Omega 6 ir 9 r\u016bg\u0161\u010di\u0173. Masa\u017eas su abrikos\u0173 aliejumi gerina kraujotak\u0105 ir atkuria nat\u016bral\u0173 odos elastingum\u0105, itin svarb\u0173 odai. &#8220;Must- have&#8221; ingredientai kiekvienoje k\u016bdikio odos prie\u017ei\u016bros priemon\u0117je.<\/span><\/p>\n<p>&nbsp;<\/p>\n","protected":false},"excerpt":{"rendered":"<p><span style=\"color: #008080;\"><strong><span class=\"Y2IQFc\" lang=\"lt\">Nat\u016bralus valomasis pur\u0161kalas su ekologi\u0161ka sertifikuota baze ir eteriniais aliejais. Nat\u016bralus pagrindas ir eteriniai aliejai, esantys valomajame pur\u0161kiklyje, maitina ir dr\u0117kina od\u0105. <\/span><\/strong><\/span><\/p>\n<p><span style=\"color: #008080;\"><strong><span class=\"Y2IQFc\" lang=\"lt\">Tinka naudoti k\u016bdikiams nuo 1 met\u0173, vaikams ir suaugusiems.<\/span><\/strong><\/span><\/p>\n<p><span style=\"color: #008080;\"><strong>Viename buteliuke yra apie 400 pur\u0161kim\u0173.\u00a0<\/strong><\/span><\/p>\n<p><span style=\"color: #008080;\"><strong>Po naudojimo ant rank\u0173 nelieka kartaus skonio.<\/strong><\/span><\/p>\n<p><strong>Kiekis 50 ml<\/strong><\/p>\n","protected":false},"featured_media":7156,"comment_status":"open","ping_status":"closed","template":"","meta":{"_monsterinsights_skip_tracking":false,"_monsterinsights_sitenote_active":false,"_monsterinsights_sitenote_note":"","_monsterinsights_sitenote_category":0},"product_brand":[],"product_cat":[106],"product_tag":[],"class_list":{"0":"post-7468","1":"product","2":"type-product","3":"status-publish","4":"has-post-thumbnail","6":"product_cat-baby-bath","7":"pa_prekes-zenklas-wooden-spoon-en","9":"first","10":"instock","11":"taxable","12":"shipping-taxable","13":"product-type-simple"},"aioseo_notices":[],"_links":{"self":[{"href":"https:\/\/mamazino.eu\/en\/wp-json\/wp\/v2\/product\/7468","targetHints":{"allow":["GET"]}}],"collection":[{"href":"https:\/\/mamazino.eu\/en\/wp-json\/wp\/v2\/product"}],"about":[{"href":"https:\/\/mamazino.eu\/en\/wp-json\/wp\/v2\/types\/product"}],"replies":[{"embeddable":true,"href":"https:\/\/mamazino.eu\/en\/wp-json\/wp\/v2\/comments?post=7468"}],"wp:featuredmedia":[{"embeddable":true,"href":"https:\/\/mamazino.eu\/en\/wp-json\/wp\/v2\/media\/7156"}],"wp:attachment":[{"href":"https:\/\/mamazino.eu\/en\/wp-json\/wp\/v2\/media?parent=7468"}],"wp:term":[{"taxonomy":"product_brand","embeddable":true,"href":"https:\/\/mamazino.eu\/en\/wp-json\/wp\/v2\/product_brand?post=7468"},{"taxonomy":"product_cat","embeddable":true,"href":"https:\/\/mamazino.eu\/en\/wp-json\/wp\/v2\/product_cat?post=7468"},{"taxonomy":"product_tag","embeddable":true,"href":"https:\/\/mamazino.eu\/en\/wp-json\/wp\/v2\/product_tag?post=7468"}],"curies":[{"name":"wp","href":"https:\/\/api.w.org\/{rel}","templated":true}]}}