{"id":7463,"date":"2024-09-04T22:38:29","date_gmt":"2024-09-04T20:38:29","guid":{"rendered":"https:\/\/mamazino.eu\/preke\/vaikiskas-ismanusis-telefonas\/"},"modified":"2024-09-04T22:38:29","modified_gmt":"2024-09-04T20:38:29","slug":"vaikiskas-ismanusis-telefonas","status":"publish","type":"product","link":"https:\/\/mamazino.eu\/en\/product\/vaikiskas-ismanusis-telefonas\/","title":{"rendered":"Vaiki\u0161kas i\u0161manusis telefonas"},"content":{"rendered":"<p><strong>\u00a0 \u00a0 \u00a0 Savyb\u0117s:<\/strong><\/p>\n<ul>\n<li>Ekrano dydis: 2.8&#8243;<\/li>\n<li>Ekrano rai\u0161ka: 240*320<\/li>\n<li>Jungtis: Type-C<\/li>\n<li>\u012ekrovimas: 2 h<\/li>\n<li>Baterija: 700mAh<\/li>\n<li>Kamera: 30w<\/li>\n<li>Baterijos darbo laikas: 3 dienos<\/li>\n<li>RAM + ROM: 128 Mb+ 196 MB<\/li>\n<li>Pad\u0117ties nustatymas: GPS WIFI LBS\/LBS+ WIFI<\/li>\n<li><strong>Priedai: Silikoninis d\u0117kliukas telefonui ir pakabukas ant kaklo.<\/strong><\/li>\n<\/ul>\n","protected":false},"excerpt":{"rendered":"<p>\u00a0 \u00a0 \u00a0 Savyb\u0117s: Ekrano dydis: 2.8&#8243; Ekrano rai\u0161ka: 240*320 Jungtis: Type-C \u012ekrovimas: 2 h Baterija: 700mAh Kamera: 30w Baterijos darbo laikas: 3 dienos RAM + ROM: 128 Mb+ 196 MB Pad\u0117ties nustatymas: GPS WIFI LBS\/LBS+ WIFI Priedai: Silikoninis d\u0117kliukas telefonui ir pakabukas ant kaklo.<\/p>\n","protected":false},"featured_media":7183,"comment_status":"open","ping_status":"closed","template":"","meta":{"_monsterinsights_skip_tracking":false,"_monsterinsights_sitenote_active":false,"_monsterinsights_sitenote_note":"","_monsterinsights_sitenote_category":0},"product_brand":[],"product_cat":[105],"product_tag":[],"class_list":{"0":"post-7463","1":"product","2":"type-product","3":"status-publish","4":"has-post-thumbnail","6":"product_cat-smart-child","7":"pa_prekes-zenklas-for-smart-kids","9":"first","10":"instock","11":"sale","12":"taxable","13":"shipping-taxable","14":"product-type-variable"},"aioseo_notices":[],"_links":{"self":[{"href":"https:\/\/mamazino.eu\/en\/wp-json\/wp\/v2\/product\/7463","targetHints":{"allow":["GET"]}}],"collection":[{"href":"https:\/\/mamazino.eu\/en\/wp-json\/wp\/v2\/product"}],"about":[{"href":"https:\/\/mamazino.eu\/en\/wp-json\/wp\/v2\/types\/product"}],"replies":[{"embeddable":true,"href":"https:\/\/mamazino.eu\/en\/wp-json\/wp\/v2\/comments?post=7463"}],"wp:featuredmedia":[{"embeddable":true,"href":"https:\/\/mamazino.eu\/en\/wp-json\/wp\/v2\/media\/7183"}],"wp:attachment":[{"href":"https:\/\/mamazino.eu\/en\/wp-json\/wp\/v2\/media?parent=7463"}],"wp:term":[{"taxonomy":"product_brand","embeddable":true,"href":"https:\/\/mamazino.eu\/en\/wp-json\/wp\/v2\/product_brand?post=7463"},{"taxonomy":"product_cat","embeddable":true,"href":"https:\/\/mamazino.eu\/en\/wp-json\/wp\/v2\/product_cat?post=7463"},{"taxonomy":"product_tag","embeddable":true,"href":"https:\/\/mamazino.eu\/en\/wp-json\/wp\/v2\/product_tag?post=7463"}],"curies":[{"name":"wp","href":"https:\/\/api.w.org\/{rel}","templated":true}]}}