{"id":7460,"date":"2024-09-04T23:50:09","date_gmt":"2024-09-04T21:50:09","guid":{"rendered":"https:\/\/mamazino.eu\/preke\/5974\/"},"modified":"2024-09-04T23:50:09","modified_gmt":"2024-09-04T21:50:09","slug":"5974","status":"publish","type":"product","link":"https:\/\/mamazino.eu\/en\/product\/5974\/","title":{"rendered":"I\u0161manusis laikrodukas"},"content":{"rendered":"<p>Laikrodis ne tik skirtas skambinti, priimti skambu\u010dius, prane\u0161imus, bet gali rodyti tiksli\u0105 vaiko buvimo viet\u0105. Veikiantis su 4G SIM kortele.<\/p>\n<p><strong>\u00a0 \u00a0 \u00a0 Savyb\u0117s:\u00a0<\/strong><\/p>\n<ul>\n<li>4G ry\u0161ys<\/li>\n<li>Baterijos talpa: 750 mAh, li- polimer\u0173 baterija<\/li>\n<li>Bud\u0117jimo laikas: +\/-48 &#8211; 120val.<\/li>\n<li>Ekrano rai\u0161ka: 240&#215;240<\/li>\n<li>Ekrano dydis 1,4 colio<\/li>\n<li>Atsparus vandeniui ir dulk\u0117ms (IP64)<\/li>\n<li>Vietos nustatymas: GPS\/ LBS \/WIFI \/AGPS+Gravity &#8211; itin tikslus net ir patalpose\u00a0 (*esant tam tinkamoms s\u0105lygoms)<\/li>\n<li>Saugumo zonos nustatymas<\/li>\n<li>Garso \u017einut\u0117s<\/li>\n<li>Vaizdo skambu\u010diai<\/li>\n<li>SMS<\/li>\n<li>Fotoaparatas<\/li>\n<li>\u017dingsniamatis<\/li>\n<li>Aktyvaus vaiko programa<\/li>\n<li>SOS mygtukas<\/li>\n<li>Pasiklausymo funkcija<\/li>\n<li>Buvimo viet\u0173 istorijos steb\u0117jimas<\/li>\n<li>\u017dadintuvas, laikmatis<\/li>\n<li>Energijos taupymo r\u0117\u017eimas<\/li>\n<li>Tylos r\u0117\u017eimas<\/li>\n<li>Magnetinis \u012fkroviklis<\/li>\n<li>Veikia su Android ir iOS<\/li>\n<\/ul>\n<p>Laikrod\u017eio i\u0161matavimai: +- Ilgis 4,5, plotis 3,9, auk\u0161tis 1,5.<\/p>\n","protected":false},"excerpt":{"rendered":"<p>Laikrodis ne tik skirtas skambinti, priimti skambu\u010dius, prane\u0161imus, bet gali rodyti tiksli\u0105 vaiko buvimo viet\u0105. Veikiantis su 4G SIM kortele. \u00a0 \u00a0 \u00a0 Savyb\u0117s:\u00a0 4G ry\u0161ys Baterijos talpa: 750 mAh, li- polimer\u0173 baterija Bud\u0117jimo laikas: +\/-48 &#8211; 120val. Ekrano rai\u0161ka: 240&#215;240 Ekrano dydis 1,4 colio Atsparus vandeniui ir dulk\u0117ms (IP64) Vietos nustatymas: GPS\/ LBS \/WIFI [&hellip;]<\/p>\n","protected":false},"featured_media":7184,"comment_status":"open","ping_status":"closed","template":"","meta":{"_monsterinsights_skip_tracking":false,"_monsterinsights_sitenote_active":false,"_monsterinsights_sitenote_note":"","_monsterinsights_sitenote_category":0},"product_brand":[],"product_cat":[105],"product_tag":[],"class_list":{"0":"post-7460","1":"product","2":"type-product","3":"status-publish","4":"has-post-thumbnail","6":"product_cat-smart-child","7":"pa_prekes-zenklas-for-smart-kids","9":"first","10":"instock","11":"sale","12":"taxable","13":"shipping-taxable","14":"product-type-variable"},"aioseo_notices":[],"_links":{"self":[{"href":"https:\/\/mamazino.eu\/en\/wp-json\/wp\/v2\/product\/7460","targetHints":{"allow":["GET"]}}],"collection":[{"href":"https:\/\/mamazino.eu\/en\/wp-json\/wp\/v2\/product"}],"about":[{"href":"https:\/\/mamazino.eu\/en\/wp-json\/wp\/v2\/types\/product"}],"replies":[{"embeddable":true,"href":"https:\/\/mamazino.eu\/en\/wp-json\/wp\/v2\/comments?post=7460"}],"wp:featuredmedia":[{"embeddable":true,"href":"https:\/\/mamazino.eu\/en\/wp-json\/wp\/v2\/media\/7184"}],"wp:attachment":[{"href":"https:\/\/mamazino.eu\/en\/wp-json\/wp\/v2\/media?parent=7460"}],"wp:term":[{"taxonomy":"product_brand","embeddable":true,"href":"https:\/\/mamazino.eu\/en\/wp-json\/wp\/v2\/product_brand?post=7460"},{"taxonomy":"product_cat","embeddable":true,"href":"https:\/\/mamazino.eu\/en\/wp-json\/wp\/v2\/product_cat?post=7460"},{"taxonomy":"product_tag","embeddable":true,"href":"https:\/\/mamazino.eu\/en\/wp-json\/wp\/v2\/product_tag?post=7460"}],"curies":[{"name":"wp","href":"https:\/\/api.w.org\/{rel}","templated":true}]}}