{"id":7457,"date":"2024-10-21T22:03:13","date_gmt":"2024-10-21T19:03:13","guid":{"rendered":"https:\/\/mamazino.eu\/preke\/6223\/"},"modified":"2024-10-21T22:03:13","modified_gmt":"2024-10-21T19:03:13","slug":"6223","status":"publish","type":"product","link":"https:\/\/mamazino.eu\/en\/product\/6223\/","title":{"rendered":"Leo et lea pad\u0117kliukas lokiukas"},"content":{"rendered":"<p>Silikoninis \u201eLeo et lea\u201c pad\u0117kliukas lokiukas, kuris pakei\u010dia valgymo proces\u0105! Neslysta, kad ir koks pavir\u0161ius b\u016bt\u0173, u\u017etikrina, patogum\u0105 k\u016bdikiui valgant. Joki\u0173 bar\u0161kan\u010di\u0173 l\u0117k\u0161\u010di\u0173, judan\u010di\u0173 stiklini\u0173, o k\u016bdikis pama\u017eu mokosi savaranki\u0161kumo.<\/p>\n<p>Lengvai valomas, paprastai naudojamas \u201eLeo et lea\u201c pad\u0117kliukas, lankstus, storas, idealaus dyd\u017eio. Puikiai tiks prie bet kokio nam\u0173 interjero. Patogus transportuoti.<\/p>\n","protected":false},"excerpt":{"rendered":"<p>Silikoninis \u201eLeo et lea\u201c pad\u0117kliukas lokiukas, kuris pakei\u010dia valgymo proces\u0105! Neslysta, kad ir koks pavir\u0161ius b\u016bt\u0173, u\u017etikrina, patogum\u0105 k\u016bdikiui valgant. Joki\u0173 bar\u0161kan\u010di\u0173 l\u0117k\u0161\u010di\u0173, judan\u010di\u0173 stiklini\u0173, o k\u016bdikis pama\u017eu mokosi savaranki\u0161kumo. Lengvai valomas, paprastai naudojamas \u201eLeo et lea\u201c pad\u0117kliukas, lankstus, storas, idealaus dyd\u017eio. Puikiai tiks prie bet kokio nam\u0173 interjero. Patogus transportuoti.<\/p>\n","protected":false},"featured_media":7221,"comment_status":"open","ping_status":"closed","template":"","meta":{"_monsterinsights_skip_tracking":false,"_monsterinsights_sitenote_active":false,"_monsterinsights_sitenote_note":"","_monsterinsights_sitenote_category":0},"product_brand":[],"product_cat":[110],"product_tag":[],"class_list":{"0":"post-7457","1":"product","2":"type-product","3":"status-publish","4":"has-post-thumbnail","6":"product_cat-babys-kitchenette","7":"pa_prekes-zenklas-leo-et-lea-en","9":"first","10":"instock","11":"taxable","12":"shipping-taxable","13":"product-type-variable"},"aioseo_notices":[],"_links":{"self":[{"href":"https:\/\/mamazino.eu\/en\/wp-json\/wp\/v2\/product\/7457","targetHints":{"allow":["GET"]}}],"collection":[{"href":"https:\/\/mamazino.eu\/en\/wp-json\/wp\/v2\/product"}],"about":[{"href":"https:\/\/mamazino.eu\/en\/wp-json\/wp\/v2\/types\/product"}],"replies":[{"embeddable":true,"href":"https:\/\/mamazino.eu\/en\/wp-json\/wp\/v2\/comments?post=7457"}],"wp:featuredmedia":[{"embeddable":true,"href":"https:\/\/mamazino.eu\/en\/wp-json\/wp\/v2\/media\/7221"}],"wp:attachment":[{"href":"https:\/\/mamazino.eu\/en\/wp-json\/wp\/v2\/media?parent=7457"}],"wp:term":[{"taxonomy":"product_brand","embeddable":true,"href":"https:\/\/mamazino.eu\/en\/wp-json\/wp\/v2\/product_brand?post=7457"},{"taxonomy":"product_cat","embeddable":true,"href":"https:\/\/mamazino.eu\/en\/wp-json\/wp\/v2\/product_cat?post=7457"},{"taxonomy":"product_tag","embeddable":true,"href":"https:\/\/mamazino.eu\/en\/wp-json\/wp\/v2\/product_tag?post=7457"}],"curies":[{"name":"wp","href":"https:\/\/api.w.org\/{rel}","templated":true}]}}