{"id":7454,"date":"2024-10-21T22:56:03","date_gmt":"2024-10-21T19:56:03","guid":{"rendered":"https:\/\/mamazino.eu\/preke\/leo-et-lea-seilinukas\/"},"modified":"2024-10-21T22:56:03","modified_gmt":"2024-10-21T19:56:03","slug":"leo-et-lea-seilinukas","status":"publish","type":"product","link":"https:\/\/mamazino.eu\/en\/product\/leo-et-lea-seilinukas\/","title":{"rendered":"Leo et lea seilinukas"},"content":{"rendered":"<p>\u201eLeo et lea\u201c silikoninis seilinukas suteikia galimyb\u0119 ma\u017eyliui pavalgyti \u0161variau ir likti sausam. Ypa\u010d patogus, mink\u0161tas ir \u0161velnus. Gili priekin\u0117 ki\u0161en\u0117 lengvai sulaiko krintant\u012f maist\u0105. Seilinukas pagamintas i\u0161 maistinio silikono, jame n\u0117ra BPA ir ftalat\u0173.<\/p>\n<p>Lengvai nuvalomas muiluotu vandeniu. Rami\u0173 spalv\u0173, minimalistinio dizaino, eleganti\u0161kas seilinukas kiekvienam ma\u017eyliui.<\/p>\n","protected":false},"excerpt":{"rendered":"<p>\u201eLeo et lea\u201c silikoninis seilinukas suteikia galimyb\u0119 ma\u017eyliui pavalgyti \u0161variau ir likti sausam. Ypa\u010d patogus, mink\u0161tas ir \u0161velnus. Gili priekin\u0117 ki\u0161en\u0117 lengvai sulaiko krintant\u012f maist\u0105. Seilinukas pagamintas i\u0161 maistinio silikono, jame n\u0117ra BPA ir ftalat\u0173. Lengvai nuvalomas muiluotu vandeniu. Rami\u0173 spalv\u0173, minimalistinio dizaino, eleganti\u0161kas seilinukas kiekvienam ma\u017eyliui.<\/p>\n","protected":false},"featured_media":7222,"comment_status":"open","ping_status":"closed","template":"","meta":{"_monsterinsights_skip_tracking":false,"_monsterinsights_sitenote_active":false,"_monsterinsights_sitenote_note":"","_monsterinsights_sitenote_category":0},"product_brand":[],"product_cat":[110],"product_tag":[],"class_list":{"0":"post-7454","1":"product","2":"type-product","3":"status-publish","4":"has-post-thumbnail","6":"product_cat-babys-kitchenette","7":"pa_prekes-zenklas-leo-et-lea-en","9":"first","10":"instock","11":"taxable","12":"shipping-taxable","13":"product-type-variable"},"aioseo_notices":[],"_links":{"self":[{"href":"https:\/\/mamazino.eu\/en\/wp-json\/wp\/v2\/product\/7454","targetHints":{"allow":["GET"]}}],"collection":[{"href":"https:\/\/mamazino.eu\/en\/wp-json\/wp\/v2\/product"}],"about":[{"href":"https:\/\/mamazino.eu\/en\/wp-json\/wp\/v2\/types\/product"}],"replies":[{"embeddable":true,"href":"https:\/\/mamazino.eu\/en\/wp-json\/wp\/v2\/comments?post=7454"}],"wp:featuredmedia":[{"embeddable":true,"href":"https:\/\/mamazino.eu\/en\/wp-json\/wp\/v2\/media\/7222"}],"wp:attachment":[{"href":"https:\/\/mamazino.eu\/en\/wp-json\/wp\/v2\/media?parent=7454"}],"wp:term":[{"taxonomy":"product_brand","embeddable":true,"href":"https:\/\/mamazino.eu\/en\/wp-json\/wp\/v2\/product_brand?post=7454"},{"taxonomy":"product_cat","embeddable":true,"href":"https:\/\/mamazino.eu\/en\/wp-json\/wp\/v2\/product_cat?post=7454"},{"taxonomy":"product_tag","embeddable":true,"href":"https:\/\/mamazino.eu\/en\/wp-json\/wp\/v2\/product_tag?post=7454"}],"curies":[{"name":"wp","href":"https:\/\/api.w.org\/{rel}","templated":true}]}}