{"id":7452,"date":"2024-10-21T23:01:34","date_gmt":"2024-10-21T20:01:34","guid":{"rendered":"https:\/\/mamazino.eu\/preke\/leo-et-lea-uzkandziu-puodelis\/"},"modified":"2024-10-21T23:01:34","modified_gmt":"2024-10-21T20:01:34","slug":"leo-et-lea-uzkandziu-puodelis","status":"publish","type":"product","link":"https:\/\/mamazino.eu\/en\/product\/leo-et-lea-uzkandziu-puodelis\/","title":{"rendered":"Leo et lea u\u017ekand\u017ei\u0173 puodelis"},"content":{"rendered":"<p>U\u017ekand\u017ei\u0173 puodelis pagamintas i\u0161 saugaus k\u016bdikiui 100% silikono. Lengvas, su itin mink\u0161tais sparneliais dangteliu, d\u0117l kurio ma\u017eylis gali saugiai skanauti savo m\u0117gstamus u\u017ekand\u017eius. Puikiai pritaikytas ne\u0161iotis rankyt\u0117se, ve\u017etis automobiliu ar ve\u017eim\u0117liu, o u\u017ekand\u017eiai vis tiek lieka viduje. \u0160is u\u017ekand\u017ei\u0173 puodelis turi dulk\u0117ms atspar\u0173 dangtel\u012f, kad ne\u0161varumai nepatekt\u0173 \u012f k\u016bdikio u\u017ekand\u017eius. Kai nenaudojamas, gali b\u016bti sulankstomas, tod\u0117l u\u017eima itin ma\u017eai vietos. Idealiai tinka naudoti viduje ir lauke. Be BPA, PVC, \u0161vino, kadmio ir ftalat\u0173.<br \/>\nValymas ir laikymas: plaukite rankomis \u0161iltu muiluotu vandeniu, kad greitai i\u0161valytum\u0117te. Galima plauti indaplov\u0117je. Nenaudokite a\u0161tri\u0173 \u012franki\u0173 valymui. Laikyti sausoje vietoje.<\/p>\n","protected":false},"excerpt":{"rendered":"<p>U\u017ekand\u017ei\u0173 puodelis pagamintas i\u0161 saugaus k\u016bdikiui 100% silikono. Lengvas, su itin mink\u0161tais sparneliais dangteliu, d\u0117l kurio ma\u017eylis gali saugiai skanauti savo m\u0117gstamus u\u017ekand\u017eius. Puikiai pritaikytas ne\u0161iotis rankyt\u0117se, ve\u017etis automobiliu ar ve\u017eim\u0117liu, o u\u017ekand\u017eiai vis tiek lieka viduje. \u0160is u\u017ekand\u017ei\u0173 puodelis turi dulk\u0117ms atspar\u0173 dangtel\u012f, kad ne\u0161varumai nepatekt\u0173 \u012f k\u016bdikio u\u017ekand\u017eius. Kai nenaudojamas, gali b\u016bti sulankstomas, [&hellip;]<\/p>\n","protected":false},"featured_media":7224,"comment_status":"open","ping_status":"closed","template":"","meta":{"_monsterinsights_skip_tracking":false,"_monsterinsights_sitenote_active":false,"_monsterinsights_sitenote_note":"","_monsterinsights_sitenote_category":0},"product_brand":[],"product_cat":[110],"product_tag":[],"class_list":{"0":"post-7452","1":"product","2":"type-product","3":"status-publish","4":"has-post-thumbnail","6":"product_cat-babys-kitchenette","7":"pa_prekes-zenklas-leo-et-lea-en","9":"first","10":"instock","11":"taxable","12":"shipping-taxable","13":"product-type-variable"},"aioseo_notices":[],"_links":{"self":[{"href":"https:\/\/mamazino.eu\/en\/wp-json\/wp\/v2\/product\/7452","targetHints":{"allow":["GET"]}}],"collection":[{"href":"https:\/\/mamazino.eu\/en\/wp-json\/wp\/v2\/product"}],"about":[{"href":"https:\/\/mamazino.eu\/en\/wp-json\/wp\/v2\/types\/product"}],"replies":[{"embeddable":true,"href":"https:\/\/mamazino.eu\/en\/wp-json\/wp\/v2\/comments?post=7452"}],"wp:featuredmedia":[{"embeddable":true,"href":"https:\/\/mamazino.eu\/en\/wp-json\/wp\/v2\/media\/7224"}],"wp:attachment":[{"href":"https:\/\/mamazino.eu\/en\/wp-json\/wp\/v2\/media?parent=7452"}],"wp:term":[{"taxonomy":"product_brand","embeddable":true,"href":"https:\/\/mamazino.eu\/en\/wp-json\/wp\/v2\/product_brand?post=7452"},{"taxonomy":"product_cat","embeddable":true,"href":"https:\/\/mamazino.eu\/en\/wp-json\/wp\/v2\/product_cat?post=7452"},{"taxonomy":"product_tag","embeddable":true,"href":"https:\/\/mamazino.eu\/en\/wp-json\/wp\/v2\/product_tag?post=7452"}],"curies":[{"name":"wp","href":"https:\/\/api.w.org\/{rel}","templated":true}]}}