{"id":7449,"date":"2024-10-21T23:07:35","date_gmt":"2024-10-21T20:07:35","guid":{"rendered":"https:\/\/mamazino.eu\/preke\/leo-et-lea-saukstelis\/"},"modified":"2024-10-21T23:07:35","modified_gmt":"2024-10-21T20:07:35","slug":"leo-et-lea-saukstelis","status":"publish","type":"product","link":"https:\/\/mamazino.eu\/en\/product\/leo-et-lea-saukstelis\/","title":{"rendered":"Leo et lea \u0161auk\u0161telis"},"content":{"rendered":"<p>\u0160auk\u0161telis pagamintas i\u0161 100% silikono. Mokymasis savaranki\u0161kai maitintis yra svarbus vystymosi etapas. \u201eLeo et lea\u201c \u0161auk\u0161telis skirtas pad\u0117ti k\u016bdikiams i\u0161mokti valgyti savaranki\u0161kai. Mink\u0161tas antgalis padeda apsaugoti jautrias k\u016bdikio dantenas, tod\u0117l valgymas bus malonus.<\/p>\n<p>Valymas ir laikymas: plauti rankomis \u0161iltu muiluotu vandeniu. Galima plauti indaplov\u0117je. Nenaudokite a\u0161tri\u0173 \u012franki\u0173 valymui. Laikyti sausoje vietoje. Naudokite pri\u017ei\u016brint suaugusiems.<\/p>\n","protected":false},"excerpt":{"rendered":"<p>\u0160auk\u0161telis pagamintas i\u0161 100% silikono. Mokymasis savaranki\u0161kai maitintis yra svarbus vystymosi etapas. \u201eLeo et lea\u201c \u0161auk\u0161telis skirtas pad\u0117ti k\u016bdikiams i\u0161mokti valgyti savaranki\u0161kai. Mink\u0161tas antgalis padeda apsaugoti jautrias k\u016bdikio dantenas, tod\u0117l valgymas bus malonus. Valymas ir laikymas: plauti rankomis \u0161iltu muiluotu vandeniu. Galima plauti indaplov\u0117je. Nenaudokite a\u0161tri\u0173 \u012franki\u0173 valymui. Laikyti sausoje vietoje. Naudokite pri\u017ei\u016brint suaugusiems.<\/p>\n","protected":false},"featured_media":7226,"comment_status":"open","ping_status":"closed","template":"","meta":{"_monsterinsights_skip_tracking":false,"_monsterinsights_sitenote_active":false,"_monsterinsights_sitenote_note":"","_monsterinsights_sitenote_category":0},"product_brand":[],"product_cat":[110],"product_tag":[],"class_list":{"0":"post-7449","1":"product","2":"type-product","3":"status-publish","4":"has-post-thumbnail","6":"product_cat-babys-kitchenette","7":"pa_prekes-zenklas-leo-et-lea-en","9":"first","10":"instock","11":"taxable","12":"shipping-taxable","13":"product-type-variable"},"aioseo_notices":[],"_links":{"self":[{"href":"https:\/\/mamazino.eu\/en\/wp-json\/wp\/v2\/product\/7449","targetHints":{"allow":["GET"]}}],"collection":[{"href":"https:\/\/mamazino.eu\/en\/wp-json\/wp\/v2\/product"}],"about":[{"href":"https:\/\/mamazino.eu\/en\/wp-json\/wp\/v2\/types\/product"}],"replies":[{"embeddable":true,"href":"https:\/\/mamazino.eu\/en\/wp-json\/wp\/v2\/comments?post=7449"}],"wp:featuredmedia":[{"embeddable":true,"href":"https:\/\/mamazino.eu\/en\/wp-json\/wp\/v2\/media\/7226"}],"wp:attachment":[{"href":"https:\/\/mamazino.eu\/en\/wp-json\/wp\/v2\/media?parent=7449"}],"wp:term":[{"taxonomy":"product_brand","embeddable":true,"href":"https:\/\/mamazino.eu\/en\/wp-json\/wp\/v2\/product_brand?post=7449"},{"taxonomy":"product_cat","embeddable":true,"href":"https:\/\/mamazino.eu\/en\/wp-json\/wp\/v2\/product_cat?post=7449"},{"taxonomy":"product_tag","embeddable":true,"href":"https:\/\/mamazino.eu\/en\/wp-json\/wp\/v2\/product_tag?post=7449"}],"curies":[{"name":"wp","href":"https:\/\/api.w.org\/{rel}","templated":true}]}}