{"id":7446,"date":"2024-11-18T21:09:09","date_gmt":"2024-11-18T19:09:09","guid":{"rendered":"https:\/\/mamazino.eu\/preke\/kuno-sepetys-sokind\/"},"modified":"2024-11-18T21:09:09","modified_gmt":"2024-11-18T19:09:09","slug":"kuno-sepetys-sokind","status":"publish","type":"product","link":"https:\/\/mamazino.eu\/en\/product\/kuno-sepetys-sokind\/","title":{"rendered":"RENEW YOU DRY BRUSH k\u016bno \u0161epetys"},"content":{"rendered":"<p data-pm-slice=\"1 1 []\"><strong>NAUJIENA!<\/strong>\u00a0<strong>Patirkite transformuojan\u010di\u0105 SoKind atnaujinan\u010dio od\u0105\u00a0sauso \u0161epet\u0117lio gali\u0105, kruop\u0161\u010diai sukurt\u0105 patobulinti j\u016bs\u0173 odos prie\u017ei\u016bros rutin\u0105 ir padaryti j\u016bs\u0173 od\u0105 nepriekai\u0161tingai lygi\u0105, atjaun\u0117jusi\u0105 ir spindin\u010di\u0105.<\/strong><\/p>\n<p data-pm-slice=\"1 1 []\">\u0160is i\u0161skirtinis sausas \u0161epetys atveria daugyb\u0119 privalum\u0173, specialiai pritaikyt\u0173 \u012fvairioms odos problemoms spr\u0119sti ir akivaizd\u017eiai sveikesnei\u00a0 odai.<\/p>\n<p data-pm-slice=\"1 1 []\">K\u016bno \u0161epe\u010dio nauda:<br \/>\n\u2713U\u017ekirsite keli\u0105 ir suma\u017einti strij\u0173 atsiradim\u0105<br \/>\n\u2713 Skatinsite kolageno gamyb\u0105<br \/>\n\u2713 Suma\u017einsite ir u\u017ekirsite keli\u0105 celiulito atsiradimui<br \/>\n\u2713 Pa\u0161alinsite negyvas ir sausas odos l\u0105steles, palikdami od\u0105 lygi\u0105 ir spindin\u010di\u0105<br \/>\n\u2713 Pagerinsite kraujotak\u0105 ir skatinti limfin\u0117s sistemos stimuliavim\u0105<\/p>\n<p data-pm-slice=\"1 1 []\">Kaip naudoti?<\/p>\n<p>1 veiksmas: sausas \u0161epetys yra veiksmingiausias sausai odai, tod\u0117l prie\u0161 prad\u0117dami \u012fsitikinkite, kad j\u016bs\u0173 k\u016bnas yra visi\u0161kai sausas. Saus\u0105 \u0161epet\u012f galite naudoti prie\u0161 du\u0161\u0105 arba po jo, priklausomai nuo j\u016bs\u0173 pageidavim\u0173.<\/p>\n<p>2 veiksmas: prad\u0117kite nuo p\u0117d\u0173 \u2013 prad\u0117kite \u0161veisti p\u0117das, jud\u0117dami auk\u0161tyn link \u0161irdies. Naudokite tvirt\u0105, bet \u0161veln\u0173 spaudim\u0105, nes tikslas yra nu\u0161veisti od\u0105 ir pagerinti kraujotak\u0105, o ne per stipriai \u0161veisti.<\/p>\n<p>3 veiksmas: kelkite kojas auk\u0161tyn \u2013 t\u0119skite \u0161veitim\u0105 ilgais, \u0161luojan\u010diais judesiais auk\u0161tyn kojomis, visada braukite link \u0161irdies. Masa\u017euokite vis\u0105 koj\u0105, \u012fskaitant priek\u012f, nugar\u0105 ir \u0161onus. Lengvai spauskite jautrias vietas ir daugiau d\u0117mesio skirkite tvir\u010diau spaud\u017eiant vietoms, kuriose gali atsirasti celiulitas.<\/p>\n<p>4 \u017eingsnis: masa\u017euokite rankas \u2013 prad\u0117kite nuo pir\u0161t\u0173 ir braukite link \u0161irdies. Nu\u0161veiskite vis\u0105 rank\u0105, \u012fskaitant pa\u017eastis.<\/p>\n<p>5 veiksmas: nu\u0161veiskite. vir\u0161utin\u0119 k\u016bno dal\u012f \u2013 braukite pilv\u0105 ir kr\u016btin\u0119 auk\u0161tyn, link \u0161irdies.<\/p>\n","protected":false},"excerpt":{"rendered":"<p>NAUJIENA!\u00a0Patirkite transformuojan\u010di\u0105 SoKind atnaujinan\u010dio od\u0105\u00a0sauso \u0161epet\u0117lio gali\u0105, kruop\u0161\u010diai sukurt\u0105 patobulinti j\u016bs\u0173 odos prie\u017ei\u016bros rutin\u0105 ir padaryti j\u016bs\u0173 od\u0105 nepriekai\u0161tingai lygi\u0105, atjaun\u0117jusi\u0105 ir spindin\u010di\u0105. \u0160is i\u0161skirtinis sausas \u0161epetys atveria daugyb\u0119 privalum\u0173, specialiai pritaikyt\u0173 \u012fvairioms odos problemoms spr\u0119sti ir akivaizd\u017eiai sveikesnei\u00a0 odai. K\u016bno \u0161epe\u010dio nauda: \u2713U\u017ekirsite keli\u0105 ir suma\u017einti strij\u0173 atsiradim\u0105 \u2713 Skatinsite kolageno gamyb\u0105 \u2713 Suma\u017einsite [&hellip;]<\/p>\n","protected":false},"featured_media":7242,"comment_status":"open","ping_status":"closed","template":"","meta":{"_monsterinsights_skip_tracking":false,"_monsterinsights_sitenote_active":false,"_monsterinsights_sitenote_note":"","_monsterinsights_sitenote_category":0},"product_brand":[],"product_cat":[109],"product_tag":[],"class_list":{"0":"post-7446","1":"product","2":"type-product","3":"status-publish","4":"has-post-thumbnail","6":"product_cat-for-mum","7":"pa_prekes-zenklas-sokind-en","9":"first","10":"instock","11":"taxable","12":"shipping-taxable","13":"product-type-simple"},"aioseo_notices":[],"_links":{"self":[{"href":"https:\/\/mamazino.eu\/en\/wp-json\/wp\/v2\/product\/7446","targetHints":{"allow":["GET"]}}],"collection":[{"href":"https:\/\/mamazino.eu\/en\/wp-json\/wp\/v2\/product"}],"about":[{"href":"https:\/\/mamazino.eu\/en\/wp-json\/wp\/v2\/types\/product"}],"replies":[{"embeddable":true,"href":"https:\/\/mamazino.eu\/en\/wp-json\/wp\/v2\/comments?post=7446"}],"wp:featuredmedia":[{"embeddable":true,"href":"https:\/\/mamazino.eu\/en\/wp-json\/wp\/v2\/media\/7242"}],"wp:attachment":[{"href":"https:\/\/mamazino.eu\/en\/wp-json\/wp\/v2\/media?parent=7446"}],"wp:term":[{"taxonomy":"product_brand","embeddable":true,"href":"https:\/\/mamazino.eu\/en\/wp-json\/wp\/v2\/product_brand?post=7446"},{"taxonomy":"product_cat","embeddable":true,"href":"https:\/\/mamazino.eu\/en\/wp-json\/wp\/v2\/product_cat?post=7446"},{"taxonomy":"product_tag","embeddable":true,"href":"https:\/\/mamazino.eu\/en\/wp-json\/wp\/v2\/product_tag?post=7446"}],"curies":[{"name":"wp","href":"https:\/\/api.w.org\/{rel}","templated":true}]}}