{"id":7445,"date":"2024-11-18T21:26:31","date_gmt":"2024-11-18T19:26:31","guid":{"rendered":"https:\/\/mamazino.eu\/preke\/silky-essential-maitinantis-kuno-losjonas\/"},"modified":"2024-11-18T21:26:31","modified_gmt":"2024-11-18T19:26:31","slug":"silky-essential-maitinantis-kuno-losjonas","status":"publish","type":"product","link":"https:\/\/mamazino.eu\/en\/product\/silky-essential-maitinantis-kuno-losjonas\/","title":{"rendered":"SILKY ESSENTIAL maitinantis k\u016bno losjonas"},"content":{"rendered":"<p><strong>Silky Essential&#8221; tai tobulas k\u016bno losjonas, kurio d\u0117ka oda bus \u0161ilko \u0161velnumo! Su aktyviais ir nat\u016braliais alavijo, j\u016bros dumbli\u0173 ir taukmed\u017eio sviesto ekstraktais, kurie\u00a0 intensyviai dr\u0117kina ir maitina od\u0105.<\/strong><\/p>\n<div id=\"shopify-chat\">\n<div class=\"chat-app chat-app-- chat-app--\">\n<p>Formul\u0117, kurios sud\u0117tyje yra j\u016bros dumbli\u0173 ekstrakto, skatina kolageno gamyb\u0105, padeda apsaugoti od\u0105 nuo laisv\u0173j\u0173 radikal\u0173 daromos \u017ealos ir pagerina nat\u016bral\u0173 hialurono r\u016bg\u0161ties susidarym\u0105, kad oda b\u016bt\u0173 dr\u0117kinama ir elastinga, taip u\u017ekertant keli\u0105 strij\u0173 atsiradimui.<\/p>\n<p>Jojobos ekstraktas padeda odai i\u0161laikyti dr\u0117gm\u0119 ir suma\u017eina paraudim\u0105 bei sudirginim\u0105. D\u0117l lengvos tekst\u016bros \u0161is losjonas greitai susigeria ir palieka od\u0105 \u0161ilko \u0161velnumo poj\u016bt\u012f.<\/p>\n<p>Intensyviai maitinantis k\u016bno losjonas ,,Silky Essential\u201c tinkamas ir saugus naudoti n\u0117\u0161\u010diosioms bei \u017eindan\u010dioms moterims.<\/p>\n<p>Be da\u017eikli\u0173, be alkoholio, be prid\u0117tini\u0173 kvap\u0173, be ftalat\u0173, nebandytas su gyv\u016bnais, vegani\u0161kas.<\/p>\n<p>Talpa: 200 ml.<\/p>\n<\/div>\n<\/div>\n<div><\/div>\n<div>Sud\u0117tis:<\/div>\n<div>\n<p>Aqua, Pentylene Glycol, Glycerin*, Coco-Caprylate\/Caprate, Simmondsia Chinensis Seed Oil*, Butyrospermum Parkii Butter*, Cetearyl Alcohol, Glyceryl Stearate, Glyceryl Stearate Citrate, Cetearyl Olivate, Sorbitan Olivate, Lactobacillus Ferment, Gluconolactone, Lactobacillus, Aloe Barbadensis Leaf Juice Powder*, Alaria Esculenta Extract, Cocos Nucifera Fruit Extract, Glyceryl Caprylate, Caprylic\/Capric Triglyceride, Tocopherol, Hydrolyzed Jojoba Esters, Jojoba Esters, Xanthan Gum, Sodium Gluconate<\/p>\n<p>*organic ingredient.<\/p>\n<\/div>\n","protected":false},"excerpt":{"rendered":"<p>Silky Essential&#8221; tai tobulas k\u016bno losjonas, kurio d\u0117ka oda bus \u0161ilko \u0161velnumo! Su aktyviais ir nat\u016braliais alavijo, j\u016bros dumbli\u0173 ir taukmed\u017eio sviesto ekstraktais, kurie\u00a0 intensyviai dr\u0117kina ir maitina od\u0105. Formul\u0117, kurios sud\u0117tyje yra j\u016bros dumbli\u0173 ekstrakto, skatina kolageno gamyb\u0105, padeda apsaugoti od\u0105 nuo laisv\u0173j\u0173 radikal\u0173 daromos \u017ealos ir pagerina nat\u016bral\u0173 hialurono r\u016bg\u0161ties susidarym\u0105, kad oda [&hellip;]<\/p>\n","protected":false},"featured_media":7251,"comment_status":"open","ping_status":"closed","template":"","meta":{"_monsterinsights_skip_tracking":false,"_monsterinsights_sitenote_active":false,"_monsterinsights_sitenote_note":"","_monsterinsights_sitenote_category":0},"product_brand":[],"product_cat":[109],"product_tag":[],"class_list":{"0":"post-7445","1":"product","2":"type-product","3":"status-publish","4":"has-post-thumbnail","6":"product_cat-for-mum","7":"pa_prekes-zenklas-sokind-en","9":"first","10":"instock","11":"taxable","12":"shipping-taxable","13":"product-type-simple"},"aioseo_notices":[],"_links":{"self":[{"href":"https:\/\/mamazino.eu\/en\/wp-json\/wp\/v2\/product\/7445","targetHints":{"allow":["GET"]}}],"collection":[{"href":"https:\/\/mamazino.eu\/en\/wp-json\/wp\/v2\/product"}],"about":[{"href":"https:\/\/mamazino.eu\/en\/wp-json\/wp\/v2\/types\/product"}],"replies":[{"embeddable":true,"href":"https:\/\/mamazino.eu\/en\/wp-json\/wp\/v2\/comments?post=7445"}],"wp:featuredmedia":[{"embeddable":true,"href":"https:\/\/mamazino.eu\/en\/wp-json\/wp\/v2\/media\/7251"}],"wp:attachment":[{"href":"https:\/\/mamazino.eu\/en\/wp-json\/wp\/v2\/media?parent=7445"}],"wp:term":[{"taxonomy":"product_brand","embeddable":true,"href":"https:\/\/mamazino.eu\/en\/wp-json\/wp\/v2\/product_brand?post=7445"},{"taxonomy":"product_cat","embeddable":true,"href":"https:\/\/mamazino.eu\/en\/wp-json\/wp\/v2\/product_cat?post=7445"},{"taxonomy":"product_tag","embeddable":true,"href":"https:\/\/mamazino.eu\/en\/wp-json\/wp\/v2\/product_tag?post=7445"}],"curies":[{"name":"wp","href":"https:\/\/api.w.org\/{rel}","templated":true}]}}