{"id":7444,"date":"2024-11-18T21:36:11","date_gmt":"2024-11-18T19:36:11","guid":{"rendered":"https:\/\/mamazino.eu\/preke\/bissful-moments-maitinancios-lakstines-kaukes-pilvukui\/"},"modified":"2024-11-18T21:36:11","modified_gmt":"2024-11-18T19:36:11","slug":"bissful-moments-maitinancios-lakstines-kaukes-pilvukui","status":"publish","type":"product","link":"https:\/\/mamazino.eu\/en\/product\/bissful-moments-maitinancios-lakstines-kaukes-pilvukui\/","title":{"rendered":"BISSFUL MOMENTS maitinan\u010dios lak\u0161tin\u0117s kauk\u0117s pilvukui"},"content":{"rendered":"<p data-pm-slice=\"1 1 []\"><strong>Ypatingu n\u0117\u0161tumo metu J\u016bs\u0173 pilvuko oda kaip niekad nusipelno papildomos meil\u0117s ir r\u016bpes\u010dio, nes jis ypa\u010d spar\u010diai auga n\u0117\u0161tumo metu ir v\u0117liau staiga susitraukia.<\/strong><\/p>\n<p data-pm-slice=\"1 1 []\">Tad maitinan\u010dios lak\u0161tin\u0117s kauk\u0117s ,,Blissful Moment\u201c, kurios yra sukurtos n\u0117\u0161\u010di\u0173j\u0173 pilvukui, pad\u0117s jaustis geriau ne tik augan\u010diam pilvukui, bet ir pa\u010diai mamai.<\/p>\n<p data-pm-slice=\"1 1 []\">&#8220;Blissful Moment&#8221; kauk\u0117se yra specialiai parinktas ypa\u010d efektyvus alavijo, kokoso ekstrakto ir agurk\u0173 derinys, kuris kartu suteikia odai maksimali\u0105 prie\u017ei\u016br\u0105, dr\u0117kina, v\u0117sina, ma\u017eina nie\u017e\u0117jimo poj\u016bt\u012f, juntam\u0105 tempiantis odai. B\u016btent tai, ko reikia \u012ftemptai ir nie\u017etin\u010diajai pilvuko odai.<\/p>\n<p>Lak\u0161tines kaukes taip pat galima naudoti ant pilvo ir po n\u0117\u0161tumo, kad oda b\u016bt\u0173 sudr\u0117kinta ir pamaitinta, kol ji susitraukia.<\/p>\n<p>KIEKIS: 4 VNT.<\/p>\n<p>Be da\u017eikli\u0173, be alkoholio, be prid\u0117tini\u0173 kvap\u0173, be ftalat\u0173, nebandytas su gyv\u016bnais, vegani\u0161kas.<\/p>\n<p data-pm-slice=\"1 1 []\">\n<p data-pm-slice=\"1 1 []\">Kaip naudoti:<\/p>\n<p data-pm-slice=\"1 1 []\">Atsargiai i\u0161skleiskite kauk\u0119 ir u\u017ed\u0117kite j\u0105 ant pilvo. Siekiant, jog serumas geriau \u012fsigert\u0173, i\u0161lyginkite kauk\u0119, kad ji prilipt\u0173 prie pilvo. Laikykite kauk\u0119 10\u201315 minu\u010di\u0173. B\u016btinai nuimkite kauk\u0119, kol ji dar dr\u0117gna, ir \u012fmasa\u017euokite serumo pertekli\u0173 \u012f od\u0105, kol visi\u0161kai \u012fsigers.<\/p>\n<p data-pm-slice=\"1 1 []\">Sud\u0117tis:<\/p>\n<p data-pm-slice=\"1 1 []\">Aqua, Glycerin*, Pentylene Glycol, Lactobacillus Ferment, Lactobacillus, Cocos Nucifera Fruit Extract, Aloe Barbadensis Leaf Juice Powder*, Aloe Barbadensis Leaf Water, Cucumis Sativus Fruit, Sorbitol, Caprylyl Glycol, Xanthan Gum, Sodium Gluconate, Citric Acid, Potassium Sorbate, Sodium Benzoate<br \/>\n*organic ingredient<\/p>\n","protected":false},"excerpt":{"rendered":"<p>Ypatingu n\u0117\u0161tumo metu J\u016bs\u0173 pilvuko oda kaip niekad nusipelno papildomos meil\u0117s ir r\u016bpes\u010dio, nes jis ypa\u010d spar\u010diai auga n\u0117\u0161tumo metu ir v\u0117liau staiga susitraukia. Tad maitinan\u010dios lak\u0161tin\u0117s kauk\u0117s ,,Blissful Moment\u201c, kurios yra sukurtos n\u0117\u0161\u010di\u0173j\u0173 pilvukui, pad\u0117s jaustis geriau ne tik augan\u010diam pilvukui, bet ir pa\u010diai mamai. &#8220;Blissful Moment&#8221; kauk\u0117se yra specialiai parinktas ypa\u010d efektyvus alavijo, [&hellip;]<\/p>\n","protected":false},"featured_media":7258,"comment_status":"open","ping_status":"closed","template":"","meta":{"_monsterinsights_skip_tracking":false,"_monsterinsights_sitenote_active":false,"_monsterinsights_sitenote_note":"","_monsterinsights_sitenote_category":0},"product_brand":[],"product_cat":[109],"product_tag":[],"class_list":{"0":"post-7444","1":"product","2":"type-product","3":"status-publish","4":"has-post-thumbnail","6":"product_cat-for-mum","7":"pa_prekes-zenklas-sokind-en","9":"first","10":"instock","11":"taxable","12":"shipping-taxable","13":"product-type-simple"},"aioseo_notices":[],"_links":{"self":[{"href":"https:\/\/mamazino.eu\/en\/wp-json\/wp\/v2\/product\/7444","targetHints":{"allow":["GET"]}}],"collection":[{"href":"https:\/\/mamazino.eu\/en\/wp-json\/wp\/v2\/product"}],"about":[{"href":"https:\/\/mamazino.eu\/en\/wp-json\/wp\/v2\/types\/product"}],"replies":[{"embeddable":true,"href":"https:\/\/mamazino.eu\/en\/wp-json\/wp\/v2\/comments?post=7444"}],"wp:featuredmedia":[{"embeddable":true,"href":"https:\/\/mamazino.eu\/en\/wp-json\/wp\/v2\/media\/7258"}],"wp:attachment":[{"href":"https:\/\/mamazino.eu\/en\/wp-json\/wp\/v2\/media?parent=7444"}],"wp:term":[{"taxonomy":"product_brand","embeddable":true,"href":"https:\/\/mamazino.eu\/en\/wp-json\/wp\/v2\/product_brand?post=7444"},{"taxonomy":"product_cat","embeddable":true,"href":"https:\/\/mamazino.eu\/en\/wp-json\/wp\/v2\/product_cat?post=7444"},{"taxonomy":"product_tag","embeddable":true,"href":"https:\/\/mamazino.eu\/en\/wp-json\/wp\/v2\/product_tag?post=7444"}],"curies":[{"name":"wp","href":"https:\/\/api.w.org\/{rel}","templated":true}]}}