{"id":7443,"date":"2024-11-18T21:42:26","date_gmt":"2024-11-18T19:42:26","guid":{"rendered":"https:\/\/mamazino.eu\/preke\/love-lines-bazamas-strijoms\/"},"modified":"2024-11-18T21:42:26","modified_gmt":"2024-11-18T19:42:26","slug":"love-lines-bazamas-strijoms","status":"publish","type":"product","link":"https:\/\/mamazino.eu\/en\/product\/love-lines-bazamas-strijoms\/","title":{"rendered":"LOVE LINES bazamas strijoms"},"content":{"rendered":"<p><strong>&#8220;Love Lines&#8221; &#8211;\u00a0<\/strong>\u00a0tai\u00a0<strong>nat\u016bralios formul\u0117s strij\u0173 balzamas<\/strong>, padedantis i\u0161vengti strij\u0173 susidarymo ir suma\u017einti j\u0173 matomom\u0105, jeigu jos jau yra. Tai puiki priemon\u0117 strij\u0173 prevencijai n\u0117\u0161tumo metu ir po jo, kuri pasir\u016bpins J\u016bs\u0173 augan\u010dio pilvuko ir besitempian\u010dia k\u016bno oda.<\/p>\n<p>\u0160ilkin\u0117s lengvai \u012fsigerian\u010dios\u00a0 konsistencijos, efektyvios sud\u0117ties, sukurtas su\u00a0veiksmingu ingredientu Regestril\u2122, kuris\u00a0sudarytas i\u0161 lima pupeli\u0173 ekstrakt\u0173 ir peptid\u0173, \u0161viesina pigmentacij\u0105 ir atkuria od\u0105 strij\u0173 srityje ir aplink jas, tod\u0117l jos tampa ma\u017eiau matomos. Tuo pa\u010diu metu peptidai skatina kolageno gamyb\u0105, tod\u0117l pager\u0117ja odos stangrumas ir atstato bei i\u0161lygina pa\u017eeistus audinius, tod\u0117l puikiai tinka cezario pj\u016bvio randui ma\u017einti.<\/p>\n<p>Alavijas,\u00a0 taukmed\u017eio sviestas ir shorea sviestas u\u017etikrina mink\u0161t\u0105 ir gerai dr\u0117kinam\u0105 od\u0105 bei pagerina elastingum\u0105.<\/p>\n<p>Vitamino E ir \u0161altalankiuose esantys antioksidantai turi gydom\u0105j\u012f ir prie\u0161u\u017edegimin\u012f poveik\u012f strijoms ir odai aplink jas.<\/p>\n<p>&#8220;Love Lines&#8221; balzamas\u00a0tinkamas ir saugus naudoti n\u0117\u0161\u010diosioms bei \u017eindan\u010dioms moterims.<\/p>\n<p>Sertifikuota alergolog\u0173 asociacijos,\u00a0be da\u017eikli\u0173, be alkoholio, be prid\u0117tini\u0173 kvap\u0173, be ftalat\u0173, nebandytas su gyv\u016bnais, tinka veganams.<\/p>\n<p>Talpa: 200 ml.<\/p>\n<p>&nbsp;<\/p>\n<p>Kaip naudoti:<\/p>\n<p>Ryte ir vakare sukamaisiais judesiais \u012fmasa\u017euokite balzam\u0105 \u012f strij\u0173 pa\u017eeist\u0105 od\u0105. Rekomenduojama tai daryti\u00a0 po du\u0161o. \u0160velniai glostydami patepkite problemines vietas, kad palengvintum\u0117te odos tempimo jausm\u0105 ir i\u0161vengtum\u0117te strij\u0173 atsiradimo rizikos ar j\u0105 suma\u017eintum\u0117te.<br \/>\nPo atidarymo sunaudoti per 12 m\u0117n.<\/p>\n<p>&nbsp;<\/p>\n<p>Sud\u0117tis:<\/p>\n<p>Aqua, Aloe Barbadensis (Aloe Vera) Leaf Juice*, Pentylene Glycol, Cetyl Palmitate, Coco-Caprylate\/Caprate, Shorea Stenoptera (Sal) Seed Butter, Glycerin*, Cetyl Alcohol, Butyrospermum Parkii (Shea) Butter*, Simmondsia Chinensis (Jojoba) Seed Oil*, Butylene Glycol, Glyceryl Stearate Citrate, Palmitoyl Tripeptide-1, Palmitoyl Tetrapeptide-7, Phaseolus Lunatus Seed Extract, Rutin, Caprylyl Glycol, Tocopherol, Hippophae Rhamnoides (Sea Buckthorn) Fruit Juice, Cetearyl Olivate, Xanthan Gum, Cetyl Hydroxyethylcellulose, Dipotassium Phosphate, Sorbitan Olivate, Sodium Gluconate, Citric Acid, Lactic Acid, Sodium Benzoate, Potassium Sorbate.<br \/>\n*organic ingredient<\/p>\n","protected":false},"excerpt":{"rendered":"<p>&#8220;Love Lines&#8221; &#8211;\u00a0\u00a0tai\u00a0nat\u016bralios formul\u0117s strij\u0173 balzamas, padedantis i\u0161vengti strij\u0173 susidarymo ir suma\u017einti j\u0173 matomom\u0105, jeigu jos jau yra. Tai puiki priemon\u0117 strij\u0173 prevencijai n\u0117\u0161tumo metu ir po jo, kuri pasir\u016bpins J\u016bs\u0173 augan\u010dio pilvuko ir besitempian\u010dia k\u016bno oda. \u0160ilkin\u0117s lengvai \u012fsigerian\u010dios\u00a0 konsistencijos, efektyvios sud\u0117ties, sukurtas su\u00a0veiksmingu ingredientu Regestril\u2122, kuris\u00a0sudarytas i\u0161 lima pupeli\u0173 ekstrakt\u0173 ir peptid\u0173, \u0161viesina [&hellip;]<\/p>\n","protected":false},"featured_media":7266,"comment_status":"open","ping_status":"closed","template":"","meta":{"_monsterinsights_skip_tracking":false,"_monsterinsights_sitenote_active":false,"_monsterinsights_sitenote_note":"","_monsterinsights_sitenote_category":0},"product_brand":[],"product_cat":[109],"product_tag":[],"class_list":{"0":"post-7443","1":"product","2":"type-product","3":"status-publish","4":"has-post-thumbnail","6":"product_cat-for-mum","7":"pa_prekes-zenklas-sokind-en","9":"first","10":"instock","11":"taxable","12":"shipping-taxable","13":"product-type-simple"},"aioseo_notices":[],"_links":{"self":[{"href":"https:\/\/mamazino.eu\/en\/wp-json\/wp\/v2\/product\/7443","targetHints":{"allow":["GET"]}}],"collection":[{"href":"https:\/\/mamazino.eu\/en\/wp-json\/wp\/v2\/product"}],"about":[{"href":"https:\/\/mamazino.eu\/en\/wp-json\/wp\/v2\/types\/product"}],"replies":[{"embeddable":true,"href":"https:\/\/mamazino.eu\/en\/wp-json\/wp\/v2\/comments?post=7443"}],"wp:featuredmedia":[{"embeddable":true,"href":"https:\/\/mamazino.eu\/en\/wp-json\/wp\/v2\/media\/7266"}],"wp:attachment":[{"href":"https:\/\/mamazino.eu\/en\/wp-json\/wp\/v2\/media?parent=7443"}],"wp:term":[{"taxonomy":"product_brand","embeddable":true,"href":"https:\/\/mamazino.eu\/en\/wp-json\/wp\/v2\/product_brand?post=7443"},{"taxonomy":"product_cat","embeddable":true,"href":"https:\/\/mamazino.eu\/en\/wp-json\/wp\/v2\/product_cat?post=7443"},{"taxonomy":"product_tag","embeddable":true,"href":"https:\/\/mamazino.eu\/en\/wp-json\/wp\/v2\/product_tag?post=7443"}],"curies":[{"name":"wp","href":"https:\/\/api.w.org\/{rel}","templated":true}]}}