{"id":7442,"date":"2024-11-18T21:55:51","date_gmt":"2024-11-18T19:55:51","guid":{"rendered":"https:\/\/mamazino.eu\/preke\/pure-kindness-atkuriamasis-speneliu-balzamas\/"},"modified":"2024-11-18T21:55:51","modified_gmt":"2024-11-18T19:55:51","slug":"pure-kindness-atkuriamasis-speneliu-balzamas","status":"publish","type":"product","link":"https:\/\/mamazino.eu\/en\/product\/pure-kindness-atkuriamasis-speneliu-balzamas\/","title":{"rendered":"PURE KINDNESS atkuriamasis speneli\u0173 balzamas"},"content":{"rendered":"<p data-pm-slice=\"1 1 []\"><strong>Tai pirmoji pagalba naujoms mamyt\u0117ms!\u00a0<\/strong><\/p>\n<p data-pm-slice=\"1 1 []\">\u0160io balzamo i\u0161skirtinumas &#8211; tai sud\u0117tyje esanti\u00a0<strong>\u0161iaurieti\u0161ka druska<\/strong>, kuri turi dr\u0117gm\u0119 sugerian\u010di\u0173 savybi\u0173, geb\u0117jimo sukurti apsaugin\u012f barjer\u0105, suma\u017einti paraudim\u0105 ir sudirginim\u0105, subalansuoja nat\u016bral\u0173 odos pH, kartu turi prie\u0161u\u017edegimini\u0173 savybi\u0173.<\/p>\n<p data-pm-slice=\"1 1 []\">Nat\u016bralus, prevencinis ir dr\u0117kinantis daugiafunkcis produktas, kuris apsaugo, gydo, ramina ir atkuria suskilin\u0117jusius, \u012ftr\u016bkusius, i\u0161saus\u0117jusius spenelius ar od\u0105, bet kurioje j\u016bs\u0173 ar k\u016bdikio k\u016bno vietoje.<\/p>\n<p>D\u0117ka sud\u0117tyje\u00a0 esan\u010di\u0173\u00a0 migdol\u0173 ir avokad\u0173 aliej\u0173, kurie skatina nat\u016bral\u0173 odos kolageno gamyb\u0105 ir saugo bei atkuria od\u0105.<\/p>\n<p>Pure kindness specialiai sukurtas naudoti maitinant kr\u016btimi kaip prevencinis ir atstatantis spenelius balzamas, kurio nereikia nuplauti prie\u0161 \u017eindant k\u016bdik\u012f. Ta\u010diau taip pat gali b\u016bti naudojamas tiek mamos, tiek k\u016bdiki\u0173 pa\u017eeistai, i\u0161saus\u0117jusiai, suskilusiai od\u0105 nuraminti.<\/p>\n<p>Sukurtas ir saugus naudoti tiek n\u0117\u0161tumo, tiek \u017eindymo laikotarpiu.<\/p>\n<p>Be da\u017eikli\u0173, be alkoholio, be prid\u0117tini\u0173 kvap\u0173, be ftalat\u0173, nebandytas su gyv\u016bnais, vegani\u0161kas.<\/p>\n<p>Talpa: 30 ml.<\/p>\n<p data-pm-slice=\"1 1 []\">\n<p data-pm-slice=\"1 1 []\">Kaip naudoti:<\/p>\n<p data-pm-slice=\"1 1 []\">Tepkite ant i\u0161saus\u0117jusios, pa\u017eeistos odos kaskart kuomet jau\u010diate poreik\u012f.<\/p>\n<p>Po kiekvieno \u017eindymo ar kuomet jau\u010diate sausum\u0105 jautrum\u0105 aplink spenelius tepkite nedideliu kiekiu, kad padengt\u0173 spenel\u012f ir areol\u0119, \u0161velniai \u012fmasa\u017euoti. Prie\u0161 \u017eindym\u0105 nuplauti nereikia. Po atidarymo sunaudoti per 12 m\u0117n.<\/p>\n<p data-pm-slice=\"1 1 []\">\n<p data-pm-slice=\"1 1 []\">Sud\u0117tis:<\/p>\n<p data-pm-slice=\"1 1 []\">Aqua, Glycerin*, Pentylene Glycol, Lactobacillus Ferment, Lactobacillus, Cocos Nucifera Fruit Extract, Aloe Barbadensis Leaf Juice Powder*, Aloe Barbadensis Leaf Water, Cucumis Sativus Fruit, Sorbitol, Caprylyl Glycol, Xanthan Gum, Sodium Gluconate, Citric Acid, Potassium Sorbate, Sodium Benzoate<br \/>\n*organic ingredient<\/p>\n","protected":false},"excerpt":{"rendered":"<p>Tai pirmoji pagalba naujoms mamyt\u0117ms!\u00a0 \u0160io balzamo i\u0161skirtinumas &#8211; tai sud\u0117tyje esanti\u00a0\u0161iaurieti\u0161ka druska, kuri turi dr\u0117gm\u0119 sugerian\u010di\u0173 savybi\u0173, geb\u0117jimo sukurti apsaugin\u012f barjer\u0105, suma\u017einti paraudim\u0105 ir sudirginim\u0105, subalansuoja nat\u016bral\u0173 odos pH, kartu turi prie\u0161u\u017edegimini\u0173 savybi\u0173. Nat\u016bralus, prevencinis ir dr\u0117kinantis daugiafunkcis produktas, kuris apsaugo, gydo, ramina ir atkuria suskilin\u0117jusius, \u012ftr\u016bkusius, i\u0161saus\u0117jusius spenelius ar od\u0105, bet kurioje j\u016bs\u0173 [&hellip;]<\/p>\n","protected":false},"featured_media":7271,"comment_status":"open","ping_status":"closed","template":"","meta":{"_monsterinsights_skip_tracking":false,"_monsterinsights_sitenote_active":false,"_monsterinsights_sitenote_note":"","_monsterinsights_sitenote_category":0},"product_brand":[],"product_cat":[109],"product_tag":[],"class_list":{"0":"post-7442","1":"product","2":"type-product","3":"status-publish","4":"has-post-thumbnail","6":"product_cat-for-mum","7":"pa_prekes-zenklas-sokind-en","9":"first","10":"instock","11":"taxable","12":"shipping-taxable","13":"product-type-simple"},"aioseo_notices":[],"_links":{"self":[{"href":"https:\/\/mamazino.eu\/en\/wp-json\/wp\/v2\/product\/7442","targetHints":{"allow":["GET"]}}],"collection":[{"href":"https:\/\/mamazino.eu\/en\/wp-json\/wp\/v2\/product"}],"about":[{"href":"https:\/\/mamazino.eu\/en\/wp-json\/wp\/v2\/types\/product"}],"replies":[{"embeddable":true,"href":"https:\/\/mamazino.eu\/en\/wp-json\/wp\/v2\/comments?post=7442"}],"wp:featuredmedia":[{"embeddable":true,"href":"https:\/\/mamazino.eu\/en\/wp-json\/wp\/v2\/media\/7271"}],"wp:attachment":[{"href":"https:\/\/mamazino.eu\/en\/wp-json\/wp\/v2\/media?parent=7442"}],"wp:term":[{"taxonomy":"product_brand","embeddable":true,"href":"https:\/\/mamazino.eu\/en\/wp-json\/wp\/v2\/product_brand?post=7442"},{"taxonomy":"product_cat","embeddable":true,"href":"https:\/\/mamazino.eu\/en\/wp-json\/wp\/v2\/product_cat?post=7442"},{"taxonomy":"product_tag","embeddable":true,"href":"https:\/\/mamazino.eu\/en\/wp-json\/wp\/v2\/product_tag?post=7442"}],"curies":[{"name":"wp","href":"https:\/\/api.w.org\/{rel}","templated":true}]}}