{"id":7441,"date":"2024-11-18T22:03:04","date_gmt":"2024-11-18T20:03:04","guid":{"rendered":"https:\/\/mamazino.eu\/preke\/pure-growth-serum-plauku-augima-skatinantis-serumas\/"},"modified":"2024-11-18T22:03:04","modified_gmt":"2024-11-18T20:03:04","slug":"pure-growth-serum-plauku-augima-skatinantis-serumas","status":"publish","type":"product","link":"https:\/\/mamazino.eu\/en\/product\/pure-growth-serum-plauku-augima-skatinantis-serumas\/","title":{"rendered":"PURE GROWTH SERUM plauk\u0173 augim\u0105 skatinantis serumas"},"content":{"rendered":"<p data-pm-slice=\"1 1 []\">Visi\u0161kai\u00a0<strong>saugiai\u00a0<\/strong>be jokio \u0161alutinio poveikio net\u00a0<strong>n\u0117\u0161tumo ar \u017eindymo metu<\/strong>\u00a0<strong>sustiprinkite savo plaukus, suteikite jiems gyvybingumo ir tankumo<\/strong>.<\/p>\n<p data-pm-slice=\"1 1 []\">Net penkerius metus Sokind k\u016br\u0117 saugi\u0105 priemon\u0119 &#8211; kasdien\u012f\u00a0<strong>plauk\u0173 augim\u0105<\/strong>\u00a0<strong>skatinant\u012f<\/strong>\u00a0serum\u0105 moterims! Apjungiantis mokslinius tyrimus su\u00a0<strong>nat\u016braliais ingredientais<\/strong>, kad veiksmingai paskatint\u0173 plauk\u0173 augim\u0105 ir\u00a0<strong>u\u017ekirst\u0173 keli\u0105 plauk\u0173 slinkimui.<\/strong><\/p>\n<p data-pm-slice=\"1 1 []\">Veiksmingos sudedamosios dalys, \u0161velnios j\u016bs\u0173 galvos odai! Pakeiskite savo plauk\u0173 prie\u017ei\u016bros rutin\u0105 su Sokind AllergyCertified, nat\u016braliu Pure Growth serumu.<br \/>\n\u0160is neriebus serumas, sudarytas i\u0161 Capilia Longa\u2122 ir Elaya Renova\u2122, skirtas suaktyvinti plauk\u0173 folikulus, skatinti augim\u0105 ir suma\u017einti plauk\u0173 slinkim\u0105. Jis nepastebimai \u012fsilieja \u012f j\u016bs\u0173 plaukus, tod\u0117l gal\u0117site d\u017eiaugtis tankesniais, sveikesniais plaukais d\u0117l nat\u016brali\u0173 aktyvi\u0173 ingredient\u0173 be joki\u0173 liku\u010di\u0173.<\/p>\n<p>\u012erodyta mokslo &#8211; 150 dien\u0173 trukusio klinikinio tyrimo metu buvo kruop\u0161\u010diai i\u0161tirtas ingredientas Capilia Longa\u2122, ar jis gali atkurti plaukus. Rezultatai buvo \u012fsp\u016bdingi: Capilia Longa\u2122 efektyviai suaktyvino nauj\u0173 plauk\u0173 augim\u0105 ir u\u017ekirto keli\u0105 tolesniam plauk\u0173 slinkimui. Tyrimas baigtas \u0161iais vidutiniais rezultatais: 17% padidino plauk\u0173 tankum\u0105, 57% suma\u017eino plauk\u0173 slinkim\u0105.<\/p>\n<p>Efektas<br \/>\n\u2713 Suaktyvina plauk\u0173 folikulus, kad paskatint\u0173 augim\u0105<br \/>\n\u2713 Ma\u017eina plauk\u0173 slinkim\u0105<br \/>\n\u2713 Padidina plauk\u0173 tankum\u0105 ir apimt\u012f<\/p>\n<p>\u2713 Sukurta ir pagaminta Danijoje \ud83c\udde9\ud83c\uddf0<br \/>\n\u2713 Sertifikuota alergijai<br \/>\n\u2713 Pristatoma FSC patvirtintoje pakuot\u0117je<br \/>\n\u2713 Be da\u017eikli\u0173<br \/>\n\u2713 Be ftalat\u0173<br \/>\n\u2713 Be alkoholio<br \/>\n\u2713 Veganas<br \/>\n\u2713 Be kvap\u0173<br \/>\n\u2713 Cruelty Free<\/p>\n<p>Serumas\u00a0tinkamas ir saugus naudoti n\u0117\u0161\u010diosioms bei \u017eindan\u010dioms moterims.<\/p>\n<p>Talpa: 100 ml<\/p>\n<p data-pm-slice=\"1 1 []\">\n<p data-pm-slice=\"1 1 []\">Kaip naudoti:<\/p>\n<p data-pm-slice=\"1 1 []\">Padalinkite plaukus \u012f penkias dalis, ypa\u010d sutelkdami d\u0117mes\u012f \u012f sritis, kuriose plaukai slenka.<br \/>\nTepkite Pure Growth serum\u0105 tiesiai ant galvos odos, lengvai paspausdami buteliuk\u0105, kad jis tolygiai pasiskirstyt\u0173.<br \/>\nPalikite serum\u0105 &#8211; jo nenuplaunama formul\u0117 skirta nuolat maitinti plaukus.<br \/>\nEfektui padidinti naudokite ir galvos odos masa\u017euokl\u012f Pure Flow.<\/p>\n<p data-pm-slice=\"1 1 []\">Sud\u0117tis:<\/p>\n<p data-pm-slice=\"1 1 []\">Aqua, Pentylene Glycol, Lactobacillus Ferment, Curcuma Longa Callus Conditioned Media, Olea Europaea Callus Culture Lysate, Glycerin, Polyglyceryl-3 Betainate Acetate, Glyceryl Caprylate, Saccharide Isomerate, Sodium PCA, Sclerotium Gum, Sodium Lactate, Lactobacillus, Sodium Gluconate, Arginin, asparaginsyre, PCA, Cocos Nucifera frugtekstrakt, glycin, alanin, cyclodextrin, serin, valin, citronsyre, prolin, treonin, isoleucin, gluconolacton, histidin, phenylalanin, natriumcitrat, guargummi, xanthangummi, natriumbenzoat, tocopherol, fytinsyre, calciumgluconat.<\/p>\n","protected":false},"excerpt":{"rendered":"<p>Visi\u0161kai\u00a0saugiai\u00a0be jokio \u0161alutinio poveikio net\u00a0n\u0117\u0161tumo ar \u017eindymo metu\u00a0sustiprinkite savo plaukus, suteikite jiems gyvybingumo ir tankumo. Net penkerius metus Sokind k\u016br\u0117 saugi\u0105 priemon\u0119 &#8211; kasdien\u012f\u00a0plauk\u0173 augim\u0105\u00a0skatinant\u012f\u00a0serum\u0105 moterims! Apjungiantis mokslinius tyrimus su\u00a0nat\u016braliais ingredientais, kad veiksmingai paskatint\u0173 plauk\u0173 augim\u0105 ir\u00a0u\u017ekirst\u0173 keli\u0105 plauk\u0173 slinkimui. Veiksmingos sudedamosios dalys, \u0161velnios j\u016bs\u0173 galvos odai! Pakeiskite savo plauk\u0173 prie\u017ei\u016bros rutin\u0105 su Sokind AllergyCertified, [&hellip;]<\/p>\n","protected":false},"featured_media":7272,"comment_status":"open","ping_status":"closed","template":"","meta":{"_monsterinsights_skip_tracking":false,"_monsterinsights_sitenote_active":false,"_monsterinsights_sitenote_note":"","_monsterinsights_sitenote_category":0},"product_brand":[],"product_cat":[109],"product_tag":[],"class_list":{"0":"post-7441","1":"product","2":"type-product","3":"status-publish","4":"has-post-thumbnail","6":"product_cat-for-mum","7":"pa_prekes-zenklas-sokind-en","9":"first","10":"instock","11":"taxable","12":"shipping-taxable","13":"product-type-simple"},"aioseo_notices":[],"_links":{"self":[{"href":"https:\/\/mamazino.eu\/en\/wp-json\/wp\/v2\/product\/7441","targetHints":{"allow":["GET"]}}],"collection":[{"href":"https:\/\/mamazino.eu\/en\/wp-json\/wp\/v2\/product"}],"about":[{"href":"https:\/\/mamazino.eu\/en\/wp-json\/wp\/v2\/types\/product"}],"replies":[{"embeddable":true,"href":"https:\/\/mamazino.eu\/en\/wp-json\/wp\/v2\/comments?post=7441"}],"wp:featuredmedia":[{"embeddable":true,"href":"https:\/\/mamazino.eu\/en\/wp-json\/wp\/v2\/media\/7272"}],"wp:attachment":[{"href":"https:\/\/mamazino.eu\/en\/wp-json\/wp\/v2\/media?parent=7441"}],"wp:term":[{"taxonomy":"product_brand","embeddable":true,"href":"https:\/\/mamazino.eu\/en\/wp-json\/wp\/v2\/product_brand?post=7441"},{"taxonomy":"product_cat","embeddable":true,"href":"https:\/\/mamazino.eu\/en\/wp-json\/wp\/v2\/product_cat?post=7441"},{"taxonomy":"product_tag","embeddable":true,"href":"https:\/\/mamazino.eu\/en\/wp-json\/wp\/v2\/product_tag?post=7441"}],"curies":[{"name":"wp","href":"https:\/\/api.w.org\/{rel}","templated":true}]}}