{"id":7440,"date":"2024-11-18T22:09:56","date_gmt":"2024-11-18T20:09:56","guid":{"rendered":"https:\/\/mamazino.eu\/preke\/pure-flow-galvos-masazuoklis\/"},"modified":"2024-11-18T22:09:56","modified_gmt":"2024-11-18T20:09:56","slug":"pure-flow-galvos-masazuoklis","status":"publish","type":"product","link":"https:\/\/mamazino.eu\/en\/product\/pure-flow-galvos-masazuoklis\/","title":{"rendered":"PURE FLOW galvos masa\u017euoklis"},"content":{"rendered":"<p data-pm-slice=\"1 1 []\">Pakeiskite savo plauk\u0173 prie\u017ei\u016bros rutin\u0105 naudodami Pure Flow masa\u017euokl\u012f ir d\u017eiaugsit\u0117s sveikesniais, stipresniais ir \u017evilgan\u010diais plaukais net ir n\u0117\u0161tumo ar \u017eindymo metu!<\/p>\n<p data-pm-slice=\"1 1 []\">Pure Flow skirtas visoms moterims, \u012fskaitant besilaukian\u010dias ir naujas mamas, kurios susiduria su poky\u010diais, kurie gali tur\u0117ti \u012ftakos plauk\u0173 b\u016bklei. Sokind tikslas saugiai be \u0161alutinio poveikio n\u0117\u0161tumo ar \u017eindymo metu sustiprinti nat\u016bral\u0173 plauk\u0173 gyvybingum\u0105 ir tankum\u0105.<\/p>\n<p data-pm-slice=\"1 1 []\">Rekomenduojame naudoti kartu su Pure Growth serumu norint pasiekti maksimal\u0173 efekt\u0105.<\/p>\n<p data-pm-slice=\"1 1 []\">Pure Flow galvos odos masa\u017euoklis sukurtas palaikyti Pure Growth rutin\u0105 naudojant kartu su Sokind serumu, yra universali priemon\u0117, tinkanti vis\u0173 tip\u0173 plaukams.<\/p>\n<p>\u0160is galvos masa\u017euoklis skirtas \u0161velniai nu\u0161veisti galvos od\u0105, pa\u0161alinti susikaupusias pleiskanas ir skatinti kraujotak\u0105. Pure Flow ir Pure Growth derinimas sukuria optimalias s\u0105lygas produktui \u012fsisavinti ir pagerinti plauk\u0173 augim\u0105.<\/p>\n<p>Pagamintas i\u0161 kokybi\u0161ko maistinio silikono, turin\u010dio REACH, FDA ir ROHS sertifikatus. Sukurtas naudoti kartu su Pure Growth serumu, jis \u0161velniai stimuliuoja galvos od\u0105, kad pagerint\u0173 maistini\u0173 med\u017eiag\u0173 \u012fsisavinim\u0105 ir skatint\u0173 sveikesnius, storesnius plaukus.<\/p>\n<p>Efektas<br \/>\n\u2713 Stiprina serumo \u012fsisavinim\u0105 ir veiksmingum\u0105 \u0161velniai stimuliuojant galvos od\u0105<br \/>\n\u2713 Palaiko nat\u016bral\u0173 plauk\u0173 augimo cikl\u0105<br \/>\n\u2713 Gerina galvos odos sveikat\u0105 ir kraujotak\u0105<br \/>\n\u2713 Skatina stipresni\u0173, sveikesni\u0173 ir storesni\u0173 plauk\u0173 augim\u0105<br \/>\n\u2713 Ma\u017eina plauk\u0173 slinkim\u0105, valo od\u0105<br \/>\n\u2713 Ma\u017eina pleiskanojim\u0105 ir pleiskan\u0173 atsiradim\u0105<\/p>\n<p>\u2713 Sukurta ir pagaminta Danijoje \ud83c\udde9\ud83c\uddf0<br \/>\n\u2013 REACH sertifikuota<br \/>\n&#8211; FDA sertifikuota<br \/>\n&#8211; ROHS sertifikuota<br \/>\n&#8211; Pristatoma FSC patvirtintoje pakuot\u0117je<\/p>\n<p data-pm-slice=\"1 1 []\">\n<p data-pm-slice=\"1 1 []\">Kaip naudoti:<\/p>\n<p data-pm-slice=\"1 1 []\">Masa\u017euokl\u012f naudokite kartu su Pure Growth serumu arba \u012fprastu \u0161amp\u016bnu du\u0161e. U\u017etepkite serum\u0105 arba \u0161amp\u016bn\u0105 ant galvos odos, tada masa\u017euokliu \u0161velniai sukamaisiais judesiais masa\u017euokite galvos od\u0105.<\/p>\n<p>M\u016bs\u0173 patarimas &#8211; nesvarbu, ar tiesiog prausiat\u0117s po du\u0161u, Pure Flow masa\u017euokl\u012f naudokite bent 2 minutes kasdien, l\u0117tai jud\u0117dami skirtingose \u200b\u200bgalvos odos vietose.<\/p>\n<p>Galvos masa\u017e\u0105 su Pure Flow masa\u017euokliu \u012ftraukite \u012f savo kasdien\u0119 rutin\u0105.<\/p>\n","protected":false},"excerpt":{"rendered":"<p>Pakeiskite savo plauk\u0173 prie\u017ei\u016bros rutin\u0105 naudodami Pure Flow masa\u017euokl\u012f ir d\u017eiaugsit\u0117s sveikesniais, stipresniais ir \u017evilgan\u010diais plaukais net ir n\u0117\u0161tumo ar \u017eindymo metu! Pure Flow skirtas visoms moterims, \u012fskaitant besilaukian\u010dias ir naujas mamas, kurios susiduria su poky\u010diais, kurie gali tur\u0117ti \u012ftakos plauk\u0173 b\u016bklei. Sokind tikslas saugiai be \u0161alutinio poveikio n\u0117\u0161tumo ar \u017eindymo metu sustiprinti nat\u016bral\u0173 plauk\u0173 [&hellip;]<\/p>\n","protected":false},"featured_media":7279,"comment_status":"open","ping_status":"closed","template":"","meta":{"_monsterinsights_skip_tracking":false,"_monsterinsights_sitenote_active":false,"_monsterinsights_sitenote_note":"","_monsterinsights_sitenote_category":0},"product_brand":[],"product_cat":[109],"product_tag":[],"class_list":{"0":"post-7440","1":"product","2":"type-product","3":"status-publish","4":"has-post-thumbnail","6":"product_cat-for-mum","7":"pa_prekes-zenklas-sokind-en","9":"first","10":"instock","11":"taxable","12":"shipping-taxable","13":"product-type-simple"},"aioseo_notices":[],"_links":{"self":[{"href":"https:\/\/mamazino.eu\/en\/wp-json\/wp\/v2\/product\/7440","targetHints":{"allow":["GET"]}}],"collection":[{"href":"https:\/\/mamazino.eu\/en\/wp-json\/wp\/v2\/product"}],"about":[{"href":"https:\/\/mamazino.eu\/en\/wp-json\/wp\/v2\/types\/product"}],"replies":[{"embeddable":true,"href":"https:\/\/mamazino.eu\/en\/wp-json\/wp\/v2\/comments?post=7440"}],"wp:featuredmedia":[{"embeddable":true,"href":"https:\/\/mamazino.eu\/en\/wp-json\/wp\/v2\/media\/7279"}],"wp:attachment":[{"href":"https:\/\/mamazino.eu\/en\/wp-json\/wp\/v2\/media?parent=7440"}],"wp:term":[{"taxonomy":"product_brand","embeddable":true,"href":"https:\/\/mamazino.eu\/en\/wp-json\/wp\/v2\/product_brand?post=7440"},{"taxonomy":"product_cat","embeddable":true,"href":"https:\/\/mamazino.eu\/en\/wp-json\/wp\/v2\/product_cat?post=7440"},{"taxonomy":"product_tag","embeddable":true,"href":"https:\/\/mamazino.eu\/en\/wp-json\/wp\/v2\/product_tag?post=7440"}],"curies":[{"name":"wp","href":"https:\/\/api.w.org\/{rel}","templated":true}]}}