{"id":7439,"date":"2024-11-18T22:19:36","date_gmt":"2024-11-18T20:19:36","guid":{"rendered":"https:\/\/mamazino.eu\/preke\/hair-growth-set-rinkinys-skatinantis-plauku-augima-3-men-kursas\/"},"modified":"2024-11-18T22:19:36","modified_gmt":"2024-11-18T20:19:36","slug":"hair-growth-set-rinkinys-skatinantis-plauku-augima-3-men-kursas","status":"publish","type":"product","link":"https:\/\/mamazino.eu\/en\/product\/hair-growth-set-rinkinys-skatinantis-plauku-augima-3-men-kursas\/","title":{"rendered":"HAIR GROWTH SET rinkinys skatinantis plauk\u0173 augim\u0105 (3 m\u0117n. kursas)"},"content":{"rendered":"<p data-pm-slice=\"1 1 []\">Visi\u0161kai\u00a0<strong>saugiai\u00a0<\/strong>be jokio \u0161alutinio poveikio net\u00a0<strong>n\u0117\u0161tumo ar \u017eindymo metu<\/strong>\u00a0<strong>sustiprinkite savo plaukus, suteikite jiems gyvybingumo ir tankumo<\/strong>.<\/p>\n<p data-pm-slice=\"1 1 []\">Net penkerius metus Sokind k\u016br\u0117 saugias priemones &#8211; PURE GROWTH kasdien\u012f\u00a0<strong>plauk\u0173 augim\u0105<\/strong>\u00a0<strong>skatinant\u012f<\/strong>\u00a0serum\u0105 ir PURE FLOW galvos masa\u017euokl\u012f.<\/p>\n<p data-pm-slice=\"1 1 []\">Apjungiantis mokslinius tyrimus su\u00a0<strong>nat\u016braliais ingredientais<\/strong>, kad veiksmingai paskatint\u0173 plauk\u0173 augim\u0105 ir\u00a0<strong>u\u017ekirst\u0173 keli\u0105 plauk\u0173 slinkimui.<\/strong><\/p>\n<p data-pm-slice=\"1 1 []\"><strong>Rinkin\u012f sudaro: 3 vnt. PURE GROWTH serumas ir PURE FLOW masa\u017euoklis.<\/strong><\/p>\n<p data-pm-slice=\"1 1 []\">Pakeiskite savo plauk\u0173 prie\u017ei\u016bros rutin\u0105 su \u0161iuo nat\u016braliu plauk\u0173 augimo rinkiniu, kuris yra sertifikuotas alergolog\u0173 ir visi\u0161kai saugus naudoti n\u0117\u0161tumo ir \u017eindymo metu.<\/p>\n<p>\u0160is neriebus serumas, praturtintas Capilia Longa\u2122 ir Elaya Renova\u2122, aktyvina plauk\u0173 folikulus ir skatina augim\u0105. Pure Flow masa\u017euoklis pagerina maistini\u0173 med\u017eiag\u0173 \u012fsisavinim\u0105 ir skatina tankesnius bei sveikesnius plaukus.<\/p>\n<p>\u012erodyta mokslo &#8211; 150 dien\u0173 trukusio klinikinio tyrimo metu buvo kruop\u0161\u010diai i\u0161tirtas ingredientas Capilia Longa\u2122, ar jis gali atkurti plaukus. Rezultatai buvo \u012fsp\u016bdingi: Capilia Longa\u2122 efektyviai suaktyvino nauj\u0173 plauk\u0173 augim\u0105 ir u\u017ekirto keli\u0105 tolesniam plauk\u0173 slinkimui. Tyrimas baigtas \u0161iais vidutiniais rezultatais: 17% padidino plauk\u0173 tankum\u0105, 57% suma\u017eino plauk\u0173 slinkim\u0105.<\/p>\n<p>Efektas<br \/>\n\u2713 Suaktyvina plauk\u0173 folikulus, kad paskatint\u0173 augim\u0105<br \/>\n\u2713 Ma\u017eina plauk\u0173 slinkim\u0105<br \/>\n\u2713 Padidina plauk\u0173 tankum\u0105 ir apimt\u012f<br \/>\n\u2713 Palaiko nat\u016bral\u0173 plauk\u0173 augimo cikl\u0105<br \/>\n\u2713 Gerina galvos odos sveikat\u0105 ir kraujotak\u0105<br \/>\n\u2713 Skatina stipresni\u0173, sveikesni\u0173 ir storesni\u0173 plauk\u0173 augim\u0105<br \/>\n\u2713 Ma\u017eina pleiskanojim\u0105 ir pleiskan\u0173 atsiradim\u0105<\/p>\n<p>\u2713 Sukurta ir pagaminta Danijoje \ud83c\udde9\ud83c\uddf0<br \/>\n\u2713 Sertifikuota alergijai<br \/>\n\u2713 Pristatoma FSC patvirtintoje pakuot\u0117je<br \/>\n\u2713 Be da\u017eikli\u0173<br \/>\n\u2713 Be ftalat\u0173<br \/>\n\u2713 Be alkoholio<br \/>\n\u2713 Veganas<br \/>\n\u2713 Be kvap\u0173<br \/>\n\u2713 Cruelty Free<\/p>\n<p>Rinkinys\u00a0tinkamas ir saugus naudoti n\u0117\u0161\u010diosioms bei \u017eindan\u010dioms moterims.<\/p>\n<p data-pm-slice=\"1 1 []\">Talpa: 3 x 100 ml<\/p>\n<p data-pm-slice=\"1 1 []\">\n<p data-pm-slice=\"1 1 []\">Kaip naudoti:<\/p>\n<p data-pm-slice=\"1 1 []\">Padalinkite plaukus \u012f penkias dalis, ypa\u010d sutelkdami d\u0117mes\u012f \u012f sritis, kuriose plaukai slenka.<br \/>\nTepkite Pure Growth serum\u0105 tiesiai ant galvos odos, lengvai paspausdami buteliuk\u0105, kad jis tolygiai pasiskirstyt\u0173. Serum\u0105 \u012fmasa\u017euokite \u012f galvos od\u0105 su galvos masa\u017euokliu Pure Flow.<br \/>\nPalikite serum\u0105 &#8211; jo nenuplaunama formul\u0117 skirta nuolat maitinti plaukus.<br \/>\nPadarykite tai kasdieniu ritualu ryte arba vakare kaip savo prie\u017ei\u016bros rutinos dal\u012f. Kasdienis plauk\u0173 augimo rinkinio naudojimas padeda pasiekti stipresnius, gyvybingesnius plaukus ir suma\u017einti j\u0173 slinkim\u0105.<\/p>\n<p data-pm-slice=\"1 1 []\">\n<p data-pm-slice=\"1 1 []\">Sud\u0117tis:<\/p>\n<p data-pm-slice=\"1 1 []\">Serumo sud\u0117tis: Aqua, Pentylene Glycol, Lactobacillus Ferment, Curcuma Longa Callus Conditioned Media, Olea Europaea Callus Culture Lysate, Glycerin, Polyglyceryl-3 Betainate Acetate, Glyceryl Caprylate, Saccharide Isomerate, Sodium PCA, Sclerotium Gum, Sodium Lactate, Lactobacillus, Sodium Gluconate, Arginin, asparaginsyre, PCA, Cocos Nucifera frugtekstrakt, glycin, alanin, cyclodextrin, serin, valin, citronsyre, prolin, treonin, isoleucin, gluconolacton, histidin, phenylalanin, natriumcitrat, guargummi, xanthangummi, natriumbenzoat, tocopherol, fytinsyre, calciumgluconat.<\/p>\n","protected":false},"excerpt":{"rendered":"<p>Visi\u0161kai\u00a0saugiai\u00a0be jokio \u0161alutinio poveikio net\u00a0n\u0117\u0161tumo ar \u017eindymo metu\u00a0sustiprinkite savo plaukus, suteikite jiems gyvybingumo ir tankumo. Net penkerius metus Sokind k\u016br\u0117 saugias priemones &#8211; PURE GROWTH kasdien\u012f\u00a0plauk\u0173 augim\u0105\u00a0skatinant\u012f\u00a0serum\u0105 ir PURE FLOW galvos masa\u017euokl\u012f. Apjungiantis mokslinius tyrimus su\u00a0nat\u016braliais ingredientais, kad veiksmingai paskatint\u0173 plauk\u0173 augim\u0105 ir\u00a0u\u017ekirst\u0173 keli\u0105 plauk\u0173 slinkimui. Rinkin\u012f sudaro: 3 vnt. PURE GROWTH serumas ir PURE [&hellip;]<\/p>\n","protected":false},"featured_media":7285,"comment_status":"open","ping_status":"closed","template":"","meta":{"_monsterinsights_skip_tracking":false,"_monsterinsights_sitenote_active":false,"_monsterinsights_sitenote_note":"","_monsterinsights_sitenote_category":0},"product_brand":[],"product_cat":[109],"product_tag":[],"class_list":{"0":"post-7439","1":"product","2":"type-product","3":"status-publish","4":"has-post-thumbnail","6":"product_cat-for-mum","7":"pa_prekes-zenklas-sokind-en","9":"first","10":"instock","11":"taxable","12":"shipping-taxable","13":"product-type-simple"},"aioseo_notices":[],"_links":{"self":[{"href":"https:\/\/mamazino.eu\/en\/wp-json\/wp\/v2\/product\/7439","targetHints":{"allow":["GET"]}}],"collection":[{"href":"https:\/\/mamazino.eu\/en\/wp-json\/wp\/v2\/product"}],"about":[{"href":"https:\/\/mamazino.eu\/en\/wp-json\/wp\/v2\/types\/product"}],"replies":[{"embeddable":true,"href":"https:\/\/mamazino.eu\/en\/wp-json\/wp\/v2\/comments?post=7439"}],"wp:featuredmedia":[{"embeddable":true,"href":"https:\/\/mamazino.eu\/en\/wp-json\/wp\/v2\/media\/7285"}],"wp:attachment":[{"href":"https:\/\/mamazino.eu\/en\/wp-json\/wp\/v2\/media?parent=7439"}],"wp:term":[{"taxonomy":"product_brand","embeddable":true,"href":"https:\/\/mamazino.eu\/en\/wp-json\/wp\/v2\/product_brand?post=7439"},{"taxonomy":"product_cat","embeddable":true,"href":"https:\/\/mamazino.eu\/en\/wp-json\/wp\/v2\/product_cat?post=7439"},{"taxonomy":"product_tag","embeddable":true,"href":"https:\/\/mamazino.eu\/en\/wp-json\/wp\/v2\/product_tag?post=7439"}],"curies":[{"name":"wp","href":"https:\/\/api.w.org\/{rel}","templated":true}]}}