{"id":7438,"date":"2024-11-18T22:27:13","date_gmt":"2024-11-18T20:27:13","guid":{"rendered":"https:\/\/mamazino.eu\/preke\/sokind-rinkinys-busimai-mamai\/"},"modified":"2024-11-18T22:27:13","modified_gmt":"2024-11-18T20:27:13","slug":"sokind-rinkinys-busimai-mamai","status":"publish","type":"product","link":"https:\/\/mamazino.eu\/en\/product\/sokind-rinkinys-busimai-mamai\/","title":{"rendered":"SOKIND rinkinys b\u016bsimai mamai"},"content":{"rendered":"<p data-pm-slice=\"1 1 []\"><strong>SoKind n\u0117\u0161tumo odos prie\u017ei\u016bros rinkinys yra kruop\u0161\u010diai sudarytas, daugiausia d\u0117mesio skiriant 4 b\u016btiniems n\u0117\u0161tumo ir pogimdyvinio periodo produktams.<\/strong><\/p>\n<p data-pm-slice=\"1 1 []\">Rinkinyje rasite:<\/p>\n<ul>\n<li>BLISSFUL MOMENTS Maitinamoji lak\u0161tin\u0117 pilvo odos kauk\u0117, 4 x 35 ml<\/li>\n<li>LOVE LINES Balzamas strijoms, 200ml<\/li>\n<li>PURE KINDNESS Atkuriamasis speneli\u0173 balzamas, 30 ml<\/li>\n<li>SILKY ESSENTIAL\u00a0\u0160ilkinis maitinamasis\u00a0k\u016bno losjonas, 200 ml<\/li>\n<\/ul>\n<p><strong>\u00a0Tai gali b\u016bti puiki dovana besilaukian\u010diai draugei ar kolegei.<\/strong><\/p>\n<p>Produktai, visi be kvepal\u0173 ar kit\u0173 kvapi\u0173j\u0173 med\u017eiag\u0173, gali b\u016bti naudojami norint suteikti odai reikiamos prie\u017ei\u016bros n\u0117\u0161tumo metu ir po gimdymo.<\/p>\n<p>SoKind suk\u016br\u0117 produktus, ypating\u0105 d\u0117mes\u012f skirdami nat\u016braliems ir puosel\u0117jantiems aliejams i\u0161, be kita ko, simondsij\u0173, migdol\u0173, avokad\u0173 ir taukmed\u017eio sviesto, kartu su rezultatais sukurian\u010diais ingredientais, tokiais kaip j\u016bros dumbli\u0173 ekstraktas, lima pupel\u0117s ir peptidai. Aktyv\u016bs ir nat\u016bral\u016bs ingredientai suteikia odai prie\u017ei\u016br\u0105 ir maitina, bet taip pat turi \u012ftakos odos i\u0161\u0161\u016bkiams n\u0117\u0161tumo metu ir po jo.<\/p>\n<p>4 gaminiai gaunami gra\u017eioje ir prabangioje FSC patvirtintoje d\u0117\u017eut\u0117je, kuri\u0105 v\u0117liau galima naudoti saugojimui.<\/p>\n<p>&#8220;Blissful Moment&#8221; kauk\u0117se yra specialiai parinktas ypa\u010d efektyvus alavijo, kokoso ekstrakto ir agurk\u0173 derinys, kuris kartu suteikia odai maksimali\u0105 prie\u017ei\u016br\u0105, dr\u0117kina, v\u0117sina, ma\u017eina nie\u017e\u0117jimo poj\u016bt\u012f, juntam\u0105 tempiantis odai. B\u016btent tai, ko reikia \u012ftemptai ir nie\u017etin\u010diajai pilvuko odai.<\/p>\n<p>Prabangus ir efektyvus strij\u0173 kremas &#8220;Love Lines&#8221;, kurio sud\u0117tyje yra veikli\u0173j\u0173 med\u017eiag\u0173 Regestril\u2122, ne tik u\u017ekirs keli\u0105 strijoms ir jas gydys, bet ir intensyviai dr\u0117kins bei pamaitins od\u0105.<\/p>\n<p>&#8220;Silky Essential&#8221; tai tobulas k\u016bno losjonas, kurio d\u0117ka oda bus \u0161ilko \u0161velnumo! Su aktyviais ir nat\u016braliais alavijo, j\u016bros dumbli\u0173 ir taukmed\u017eio sviesto ekstraktais, kurie\u00a0 intensyviai dr\u0117kina ir maitina od\u0105.<\/p>\n<p>&#8220;Pure Kindness&#8221; balzamo i\u0161skirtinumas &#8211; tai sud\u0117tyje esanti \u0161iaurieti\u0161ka druska, kuri turi dr\u0117gm\u0119 sugerian\u010di\u0173 savybi\u0173, geb\u0117jimo sukurti apsaugin\u012f barjer\u0105, suma\u017einti paraudim\u0105 ir sudirginim\u0105, subalansuoja nat\u016bral\u0173 odos pH, kartu turi prie\u0161u\u017edegimini\u0173 savybi\u0173.<\/p>\n<p>Sertifikuota alergolog\u0173 asociacijos,\u00a0be da\u017eikli\u0173, be alkoholio, be prid\u0117tini\u0173 kvap\u0173, be ftalat\u0173, nebandytas su gyv\u016bnais, tinka veganams.<\/p>\n<p>&nbsp;<\/p>\n<p>Sud\u0117t\u012f \u017ei\u016br\u0117kite atskir\u0173 produkt\u0173 apra\u0161ymuose.<\/p>\n<p>&nbsp;<\/p>\n","protected":false},"excerpt":{"rendered":"<p>SoKind n\u0117\u0161tumo odos prie\u017ei\u016bros rinkinys yra kruop\u0161\u010diai sudarytas, daugiausia d\u0117mesio skiriant 4 b\u016btiniems n\u0117\u0161tumo ir pogimdyvinio periodo produktams. Rinkinyje rasite: BLISSFUL MOMENTS Maitinamoji lak\u0161tin\u0117 pilvo odos kauk\u0117, 4 x 35 ml LOVE LINES Balzamas strijoms, 200ml PURE KINDNESS Atkuriamasis speneli\u0173 balzamas, 30 ml SILKY ESSENTIAL\u00a0\u0160ilkinis maitinamasis\u00a0k\u016bno losjonas, 200 ml \u00a0Tai gali b\u016bti puiki dovana besilaukian\u010diai [&hellip;]<\/p>\n","protected":false},"featured_media":7299,"comment_status":"open","ping_status":"closed","template":"","meta":{"_monsterinsights_skip_tracking":false,"_monsterinsights_sitenote_active":false,"_monsterinsights_sitenote_note":"","_monsterinsights_sitenote_category":0},"product_brand":[],"product_cat":[109],"product_tag":[],"class_list":{"0":"post-7438","1":"product","2":"type-product","3":"status-publish","4":"has-post-thumbnail","6":"product_cat-for-mum","7":"pa_prekes-zenklas-sokind-en","9":"first","10":"instock","11":"taxable","12":"shipping-taxable","13":"product-type-simple"},"aioseo_notices":[],"_links":{"self":[{"href":"https:\/\/mamazino.eu\/en\/wp-json\/wp\/v2\/product\/7438","targetHints":{"allow":["GET"]}}],"collection":[{"href":"https:\/\/mamazino.eu\/en\/wp-json\/wp\/v2\/product"}],"about":[{"href":"https:\/\/mamazino.eu\/en\/wp-json\/wp\/v2\/types\/product"}],"replies":[{"embeddable":true,"href":"https:\/\/mamazino.eu\/en\/wp-json\/wp\/v2\/comments?post=7438"}],"wp:featuredmedia":[{"embeddable":true,"href":"https:\/\/mamazino.eu\/en\/wp-json\/wp\/v2\/media\/7299"}],"wp:attachment":[{"href":"https:\/\/mamazino.eu\/en\/wp-json\/wp\/v2\/media?parent=7438"}],"wp:term":[{"taxonomy":"product_brand","embeddable":true,"href":"https:\/\/mamazino.eu\/en\/wp-json\/wp\/v2\/product_brand?post=7438"},{"taxonomy":"product_cat","embeddable":true,"href":"https:\/\/mamazino.eu\/en\/wp-json\/wp\/v2\/product_cat?post=7438"},{"taxonomy":"product_tag","embeddable":true,"href":"https:\/\/mamazino.eu\/en\/wp-json\/wp\/v2\/product_tag?post=7438"}],"curies":[{"name":"wp","href":"https:\/\/api.w.org\/{rel}","templated":true}]}}