{"id":7437,"date":"2024-11-18T22:42:54","date_gmt":"2024-11-18T20:42:54","guid":{"rendered":"https:\/\/mamazino.eu\/preke\/velvet-droplets-maitinamasis-aliejus-kudikiams\/"},"modified":"2024-11-18T22:42:54","modified_gmt":"2024-11-18T20:42:54","slug":"velvet-droplets-maitinamasis-aliejus-kudikiams","status":"publish","type":"product","link":"https:\/\/mamazino.eu\/en\/product\/velvet-droplets-maitinamasis-aliejus-kudikiams\/","title":{"rendered":"VELVET DROPLETS maitinamasis aliejus k\u016bdikiams"},"content":{"rendered":"<p>Raminantis od\u0105 k\u016bdiki\u0173 aliejus su\u00a0<strong>maitinamaisiais avi\u017e\u0173 ir simondsij\u0173 aliejais<\/strong>, sukurtas\u00a0<strong>apsaugoti<\/strong>\u00a0ir\u00a0<strong>maitinti<\/strong>\u00a0jautri\u0105 j\u016bs\u0173 k\u016bdikio od\u0105. Ekologi\u0161ki ir nat\u016bral\u016bs aliejai atkuria nat\u016bral\u0173 odos barjer\u0105 ir suteikia odai nauj\u0105 ir \u0161velni\u0105 poj\u016bt\u012f. Aliejus naudojamas k\u016bdiki\u0173 masa\u017eui ir\/ar vonioje, po naudojimo jo nuskalauti nereikia.<strong><\/p>\n<p><\/strong>Unikalios avi\u017e\u0173 ir simondsij\u0173 sud\u0117ties aliejus puikiai tinka nuimti galvos odos luobel\u0119.<\/p>\n<p>Produktas, kaip ir visi kiti SoKind gaminiai, yra sertifikuota Allergy Certified ir be kvepal\u0173 ir kvapi\u0173j\u0173 med\u017eiag\u0173.<\/p>\n<p>Nauda:<br \/>\n\u2713 Neleid\u017eia odai i\u0161saus\u0117ti<br \/>\n\u2713 Ramina paraudusi\u0105 ir sudirgusi\u0105 od\u0105<br \/>\n\u2713 I\u0161laiko nat\u016bral\u0173 k\u016bdikio odos \u0161velnum\u0105<\/p>\n<p>Sukurtas ir pagamintas Danijoje.<\/p>\n<p>Talpa: 75 ml.<\/p>\n<p>Kaip naudoti:<\/p>\n<p>\u0160velniai \u012fmasa\u017euokite losjon\u0105 \u012f k\u016bdikio od\u0105, kad apsaugotum\u0117te j\u0105 nuo sausumo ir sudirgimo.<br \/>\nGalima naudoti ir k\u016bdikio vonel\u0117je, \u012fpilant \u0161lakel\u012f aliejaus \u012f vanden\u012f.<br \/>\nRekomanduojame naudoti i\u0161kart po maudyni\u0173 per pirm\u0105sias kelias minutes.<\/p>\n<p>Sud\u0117tis:<\/p>\n<p>Olus Oil, Simmondsia Chinensis Seed Oil, Polyglyceryl-4 Caprate, Glyceryl Oleate, Sorbitan Caprylate, Avena Sativa Kernel Oil, Aqua<\/p>\n<p>*Organic ingredient<\/p>\n<p>&nbsp;<\/p>\n","protected":false},"excerpt":{"rendered":"<p>Raminantis od\u0105 k\u016bdiki\u0173 aliejus su\u00a0maitinamaisiais avi\u017e\u0173 ir simondsij\u0173 aliejais, sukurtas\u00a0apsaugoti\u00a0ir\u00a0maitinti\u00a0jautri\u0105 j\u016bs\u0173 k\u016bdikio od\u0105. Ekologi\u0161ki ir nat\u016bral\u016bs aliejai atkuria nat\u016bral\u0173 odos barjer\u0105 ir suteikia odai nauj\u0105 ir \u0161velni\u0105 poj\u016bt\u012f. Aliejus naudojamas k\u016bdiki\u0173 masa\u017eui ir\/ar vonioje, po naudojimo jo nuskalauti nereikia. Unikalios avi\u017e\u0173 ir simondsij\u0173 sud\u0117ties aliejus puikiai tinka nuimti galvos odos luobel\u0119. Produktas, kaip ir visi [&hellip;]<\/p>\n","protected":false},"featured_media":7303,"comment_status":"open","ping_status":"closed","template":"","meta":{"_monsterinsights_skip_tracking":false,"_monsterinsights_sitenote_active":false,"_monsterinsights_sitenote_note":"","_monsterinsights_sitenote_category":0},"product_brand":[],"product_cat":[106],"product_tag":[],"class_list":{"0":"post-7437","1":"product","2":"type-product","3":"status-publish","4":"has-post-thumbnail","6":"product_cat-baby-bath","7":"pa_prekes-zenklas-sokind-en","9":"first","10":"instock","11":"taxable","12":"shipping-taxable","13":"product-type-simple"},"aioseo_notices":[],"_links":{"self":[{"href":"https:\/\/mamazino.eu\/en\/wp-json\/wp\/v2\/product\/7437","targetHints":{"allow":["GET"]}}],"collection":[{"href":"https:\/\/mamazino.eu\/en\/wp-json\/wp\/v2\/product"}],"about":[{"href":"https:\/\/mamazino.eu\/en\/wp-json\/wp\/v2\/types\/product"}],"replies":[{"embeddable":true,"href":"https:\/\/mamazino.eu\/en\/wp-json\/wp\/v2\/comments?post=7437"}],"wp:featuredmedia":[{"embeddable":true,"href":"https:\/\/mamazino.eu\/en\/wp-json\/wp\/v2\/media\/7303"}],"wp:attachment":[{"href":"https:\/\/mamazino.eu\/en\/wp-json\/wp\/v2\/media?parent=7437"}],"wp:term":[{"taxonomy":"product_brand","embeddable":true,"href":"https:\/\/mamazino.eu\/en\/wp-json\/wp\/v2\/product_brand?post=7437"},{"taxonomy":"product_cat","embeddable":true,"href":"https:\/\/mamazino.eu\/en\/wp-json\/wp\/v2\/product_cat?post=7437"},{"taxonomy":"product_tag","embeddable":true,"href":"https:\/\/mamazino.eu\/en\/wp-json\/wp\/v2\/product_tag?post=7437"}],"curies":[{"name":"wp","href":"https:\/\/api.w.org\/{rel}","templated":true}]}}