{"id":7436,"date":"2024-11-18T22:47:17","date_gmt":"2024-11-18T20:47:17","guid":{"rendered":"https:\/\/mamazino.eu\/preke\/tiny-softness-drekinantis-kuno-losjonas-kudikiams\/"},"modified":"2024-11-18T22:47:17","modified_gmt":"2024-11-18T20:47:17","slug":"tiny-softness-drekinantis-kuno-losjonas-kudikiams","status":"publish","type":"product","link":"https:\/\/mamazino.eu\/en\/product\/tiny-softness-drekinantis-kuno-losjonas-kudikiams\/","title":{"rendered":"TINY SOFTNESS dr\u0117kinantis k\u016bno losjonas k\u016bdikiams"},"content":{"rendered":"<p>Maitinamasis k\u016bdiki\u0173 losjonas, kuris su\u00a0<strong>nat\u016braliais maitinamaisiais migdol\u0173, alyvuogi\u0173 ir taukmed\u017eio sviesto aliejais\u00a0<\/strong>padeda i\u0161laikyti nat\u016bral\u0173 odos barjer\u0105. Sud\u0117tyje yra<strong>\u00a0vitamino E ir jojobos ekstrakto,<\/strong>\u00a0kuris ramina ir gydo sudirgusi\u0105 od\u0105, tod\u0117l gali b\u016bti naudojamas tiek k\u016bnui, tiek veidui.<\/p>\n<p>Produktas, kaip ir visi kiti m\u016bs\u0173 gaminiai, yra sertifikuota Allergy Certified ir be kvepal\u0173 ir kvapi\u0173j\u0173 med\u017eiag\u0173.<\/p>\n<p>Nauda:<br \/>\n\u2713 Ramina sudirgusi\u0105, jautri\u0105 ir paraudusi\u0105 od\u0105<br \/>\n\u2713 Dr\u0117kinantis ir lengvas<br \/>\n\u2713 Saugus jautriai k\u016bdikio odai<\/p>\n<p>Talpa: 125 ml.<\/p>\n<p>Sukurtas ir pagamintas Danijoje.<\/p>\n<p>&nbsp;<\/p>\n<p>Kaip naudoti:<\/p>\n<p>\u0160velniai \u012fmasa\u017euokite losjon\u0105 \u012f k\u016bdikio od\u0105, kad apsaugotum\u0117te j\u0105 nuo sausumo ir sudirgimo.<br \/>\nRekomanduojame naudoti i\u0161kart po maudyni\u0173 per pirm\u0105sias kelias minutes.<\/p>\n<p>&nbsp;<\/p>\n<p>Sud\u0117tis:<\/p>\n<p>Aqua, Glycerin*, Pentylene Glycol, Coco-Caprylate\/Caprate, Glyceryl Stearate, Butyrospermum Parkii Butter*, Cetearyl Alcohol, Glyceryl Stearate Citrate, Hydrogenated Vegetable Oil, Cetearyl Olivate, Sorbitan Olivate, Lactobacillus Ferment, Lactobacillus, Gluconolactone, Aloe Barbadensis Leaf Juice Powder*, Cocos Nucifera Fruit Extract, Glyceryl Caprylate, Prunus Amygdalus Dulcis Oil*, Tocopherol, Hydrolyzed Jojoba Esters, Jojoba Esters, Xanthan Gum, Sodium Gluconate<\/p>\n<p>*Organic ingredient<\/p>\n","protected":false},"excerpt":{"rendered":"<p>Maitinamasis k\u016bdiki\u0173 losjonas, kuris su\u00a0nat\u016braliais maitinamaisiais migdol\u0173, alyvuogi\u0173 ir taukmed\u017eio sviesto aliejais\u00a0padeda i\u0161laikyti nat\u016bral\u0173 odos barjer\u0105. Sud\u0117tyje yra\u00a0vitamino E ir jojobos ekstrakto,\u00a0kuris ramina ir gydo sudirgusi\u0105 od\u0105, tod\u0117l gali b\u016bti naudojamas tiek k\u016bnui, tiek veidui. Produktas, kaip ir visi kiti m\u016bs\u0173 gaminiai, yra sertifikuota Allergy Certified ir be kvepal\u0173 ir kvapi\u0173j\u0173 med\u017eiag\u0173. Nauda: \u2713 Ramina [&hellip;]<\/p>\n","protected":false},"featured_media":7309,"comment_status":"open","ping_status":"closed","template":"","meta":{"_monsterinsights_skip_tracking":false,"_monsterinsights_sitenote_active":false,"_monsterinsights_sitenote_note":"","_monsterinsights_sitenote_category":0},"product_brand":[],"product_cat":[106],"product_tag":[],"class_list":{"0":"post-7436","1":"product","2":"type-product","3":"status-publish","4":"has-post-thumbnail","6":"product_cat-baby-bath","7":"pa_prekes-zenklas-sokind-en","9":"first","10":"instock","11":"taxable","12":"shipping-taxable","13":"product-type-simple"},"aioseo_notices":[],"_links":{"self":[{"href":"https:\/\/mamazino.eu\/en\/wp-json\/wp\/v2\/product\/7436","targetHints":{"allow":["GET"]}}],"collection":[{"href":"https:\/\/mamazino.eu\/en\/wp-json\/wp\/v2\/product"}],"about":[{"href":"https:\/\/mamazino.eu\/en\/wp-json\/wp\/v2\/types\/product"}],"replies":[{"embeddable":true,"href":"https:\/\/mamazino.eu\/en\/wp-json\/wp\/v2\/comments?post=7436"}],"wp:featuredmedia":[{"embeddable":true,"href":"https:\/\/mamazino.eu\/en\/wp-json\/wp\/v2\/media\/7309"}],"wp:attachment":[{"href":"https:\/\/mamazino.eu\/en\/wp-json\/wp\/v2\/media?parent=7436"}],"wp:term":[{"taxonomy":"product_brand","embeddable":true,"href":"https:\/\/mamazino.eu\/en\/wp-json\/wp\/v2\/product_brand?post=7436"},{"taxonomy":"product_cat","embeddable":true,"href":"https:\/\/mamazino.eu\/en\/wp-json\/wp\/v2\/product_cat?post=7436"},{"taxonomy":"product_tag","embeddable":true,"href":"https:\/\/mamazino.eu\/en\/wp-json\/wp\/v2\/product_tag?post=7436"}],"curies":[{"name":"wp","href":"https:\/\/api.w.org\/{rel}","templated":true}]}}