{"id":7435,"date":"2024-11-18T22:52:40","date_gmt":"2024-11-18T20:52:40","guid":{"rendered":"https:\/\/mamazino.eu\/preke\/little-miracle-raminamasis-sauskelniu-balzamas-kudikiams\/"},"modified":"2024-11-18T22:52:40","modified_gmt":"2024-11-18T20:52:40","slug":"little-miracle-raminamasis-sauskelniu-balzamas-kudikiams","status":"publish","type":"product","link":"https:\/\/mamazino.eu\/en\/product\/little-miracle-raminamasis-sauskelniu-balzamas-kudikiams\/","title":{"rendered":"LITTLE MIRACLE raminamasis sauskelni\u0173 balzamas k\u016bdikiams"},"content":{"rendered":"<p data-pm-slice=\"1 1 []\">Od\u0105 maitinantis balzamas sauskelni\u0173 keitimui, kuriame gausu<strong>\u00a0nat\u016brali\u0173 ir r\u016bpesting\u0173 ingredient\u0173<\/strong>, kad k\u016bdikio u\u017epakaliukas b\u016bt\u0173 \u0161velnus, nuramintas ir be sudirgim\u0173.<\/p>\n<p data-pm-slice=\"1 1 []\">Balzamo sud\u0117tyje yra\u00a0<strong>avi\u017e\u0173 aliejaus,\u00a0<\/strong>kuris u\u017etikrina sveik\u0105 odos barjer\u0105 ir turi\u00a0<strong>prie\u0161u\u017edegimin\u012f poveik\u012f<\/strong>, o nat\u016bral\u016bs ingredientai i\u0161 jojobos, migdol\u0173 aliejaus ir taukmed\u017eio sviesto r\u016bpinasi pa\u017eeista ir sausa oda.<\/p>\n<p data-pm-slice=\"1 1 []\">Produktas, kaip ir visi kiti m\u016bs\u0173 gaminiai, yra sertifikuota Allergy Certified ir be kvepal\u0173 ir kvapi\u0173j\u0173 med\u017eiag\u0173.<\/p>\n<p>Nauda:<br \/>\n\u2713 Pa\u0161alina paraudim\u0105 ir sudirginim\u0105<br \/>\n\u2713 Raminantys ir diskomfort\u0105 ma\u017einantys nat\u016bral\u016bs ingredientai<br \/>\n\u2713 Sukuria atsparum\u0105 dr\u0117gmei ir b\u0117rimams<\/p>\n<p>Talpa: 50 ml.<\/p>\n<p>Sukurtas ir pagamintas Danijoje.<\/p>\n<p data-pm-slice=\"1 1 []\">\n<p data-pm-slice=\"1 1 []\">Kaip naudoti:<\/p>\n<p data-pm-slice=\"1 1 []\">\u0160velniai \u012fmasa\u017euokite losjon\u0105 \u012f k\u016bdikio od\u0105, kad apsaugotum\u0117te j\u0105 nuo sausumo ir sudirgimo.<br \/>\nRekomanduojame naudoti i\u0161kart po maudyni\u0173 per pirm\u0105sias kelias minutes.<\/p>\n<p data-pm-slice=\"1 1 []\">\n<p data-pm-slice=\"1 1 []\">Sud\u0117tis:<\/p>\n<p data-pm-slice=\"1 1 []\">Helianthus Annuus Hybrid Oil*, Zinc Oxide, Tribehenin, Simmondsia Chinensis Seed Oil*, Hydrogenated Vegetable Oil, Prunus Amygdalus Dulcis Oil*, Butyrospermum Parkii Butter*, Avena Sativa Kernel Oil, Citric Acid<\/p>\n<p>*organic ingredient.<\/p>\n<p data-pm-slice=\"1 1 []\">\n","protected":false},"excerpt":{"rendered":"<p>Od\u0105 maitinantis balzamas sauskelni\u0173 keitimui, kuriame gausu\u00a0nat\u016brali\u0173 ir r\u016bpesting\u0173 ingredient\u0173, kad k\u016bdikio u\u017epakaliukas b\u016bt\u0173 \u0161velnus, nuramintas ir be sudirgim\u0173. Balzamo sud\u0117tyje yra\u00a0avi\u017e\u0173 aliejaus,\u00a0kuris u\u017etikrina sveik\u0105 odos barjer\u0105 ir turi\u00a0prie\u0161u\u017edegimin\u012f poveik\u012f, o nat\u016bral\u016bs ingredientai i\u0161 jojobos, migdol\u0173 aliejaus ir taukmed\u017eio sviesto r\u016bpinasi pa\u017eeista ir sausa oda. Produktas, kaip ir visi kiti m\u016bs\u0173 gaminiai, yra sertifikuota Allergy [&hellip;]<\/p>\n","protected":false},"featured_media":7322,"comment_status":"open","ping_status":"closed","template":"","meta":{"_monsterinsights_skip_tracking":false,"_monsterinsights_sitenote_active":false,"_monsterinsights_sitenote_note":"","_monsterinsights_sitenote_category":0},"product_brand":[],"product_cat":[106],"product_tag":[],"class_list":{"0":"post-7435","1":"product","2":"type-product","3":"status-publish","4":"has-post-thumbnail","6":"product_cat-baby-bath","7":"pa_prekes-zenklas-sokind-en","9":"first","10":"instock","11":"taxable","12":"shipping-taxable","13":"product-type-simple"},"aioseo_notices":[],"_links":{"self":[{"href":"https:\/\/mamazino.eu\/en\/wp-json\/wp\/v2\/product\/7435","targetHints":{"allow":["GET"]}}],"collection":[{"href":"https:\/\/mamazino.eu\/en\/wp-json\/wp\/v2\/product"}],"about":[{"href":"https:\/\/mamazino.eu\/en\/wp-json\/wp\/v2\/types\/product"}],"replies":[{"embeddable":true,"href":"https:\/\/mamazino.eu\/en\/wp-json\/wp\/v2\/comments?post=7435"}],"wp:featuredmedia":[{"embeddable":true,"href":"https:\/\/mamazino.eu\/en\/wp-json\/wp\/v2\/media\/7322"}],"wp:attachment":[{"href":"https:\/\/mamazino.eu\/en\/wp-json\/wp\/v2\/media?parent=7435"}],"wp:term":[{"taxonomy":"product_brand","embeddable":true,"href":"https:\/\/mamazino.eu\/en\/wp-json\/wp\/v2\/product_brand?post=7435"},{"taxonomy":"product_cat","embeddable":true,"href":"https:\/\/mamazino.eu\/en\/wp-json\/wp\/v2\/product_cat?post=7435"},{"taxonomy":"product_tag","embeddable":true,"href":"https:\/\/mamazino.eu\/en\/wp-json\/wp\/v2\/product_tag?post=7435"}],"curies":[{"name":"wp","href":"https:\/\/api.w.org\/{rel}","templated":true}]}}