{"id":7434,"date":"2024-11-18T22:58:24","date_gmt":"2024-11-18T20:58:24","guid":{"rendered":"https:\/\/mamazino.eu\/preke\/sokind-mazylio-odos-prieziuros-rinkinys\/"},"modified":"2024-11-18T22:58:24","modified_gmt":"2024-11-18T20:58:24","slug":"sokind-mazylio-odos-prieziuros-rinkinys","status":"publish","type":"product","link":"https:\/\/mamazino.eu\/en\/product\/sokind-mazylio-odos-prieziuros-rinkinys\/","title":{"rendered":"SOKIND ma\u017eylio odos prie\u017ei\u016bros rinkinys"},"content":{"rendered":"<p data-pm-slice=\"1 1 []\"><strong>Tai puiki dovana gimus ma\u017eyliui! 4 svarbiausi\u0173 produkt\u0173 rinkinys ma\u017eylio prie\u017ei\u016brai, sukurtas gle\u017enai k\u016bdikio odai:<\/strong><\/p>\n<ul>\n<li>BUBBLE TIME K\u016bdiki\u0173 \u0161amp\u016bnas ir k\u016bno prausiklis, 150 ml<\/li>\n<li>LITTLE MIRACLE Raminamasis sauskelni\u0173 srities balzamas, 50 ml<\/li>\n<li>TINY SOFTNESS Dr\u0117kinamasis odos losjonas k\u016bdikiams, 125 ml<\/li>\n<li>VELVET DROPLETS Puosel\u0117jamasis vonios aliejus k\u016bdikiams, 75 ml<\/li>\n<\/ul>\n<p data-pm-slice=\"1 1 []\">\nVisi 4 produktai yra pagaminti i\u0161 kruop\u0161\u010diai atrinkt\u0173 nat\u016brali\u0173 ingredient\u0173, kurie \u0161velniai maitina, apsaugo ir i\u0161laiko od\u0105 hidratuot\u0105 bei \u0161velni\u0105.<strong>\u00a0<\/strong>Produkt\u0173 pagrind\u0105 sudaro nat\u016bral\u016bs ingredientai, tokie kaip avokad\u0173, migdol\u0173, kvie\u010di\u0173 ir simondsij\u0173 aliejus, vis\u0173 geriausi\u0173 nat\u016brali\u0173 aliej\u0173 pasirinkimas, kad j\u016bs\u0173 k\u016bdikio oda b\u016bt\u0173 lygi ir sveika.<\/p>\n<p data-pm-slice=\"1 1 []\"><strong>\u0160is k\u016bdikio odos prie\u017ei\u016bros rinkinys parduodamas lagamino formos pakuot\u0117je.<\/strong>\u00a0J\u012f galima laikyti ant vystymo stalo, v\u0117liau jame laikyti \u017eaislus arba naudoti kaip lagamin\u0105 prisiminimams apie k\u016bdik\u012f.<\/p>\n<p data-pm-slice=\"1 1 []\">\u2713 Ramina i\u0161saus\u0117jusi\u0105 ir sudirgusi\u0105 od\u0105.<br \/>\n\u2713 I\u0161laiko nat\u016bral\u0173 odos \u0161velnum\u0105.<br \/>\n\u2713 Saugus jautriai k\u016bdikio odai.<\/p>\n<p>&#8211; Sukurta ir pagaminta Danijoje \ud83c\udde9\ud83c\uddf0<br \/>\n&#8211; Sertifikuota alergijai<br \/>\n&#8211; Pristatoma FSC patvirtintoje pakuot\u0117je<br \/>\n&#8211; U\u017etikrina laim\u0117s garantijos \u2661<\/p>\n<p>Tiny Softness: Maitinamasis k\u016bdiki\u0173 losjonas, kuris su nat\u016braliais maitinamaisiais migdol\u0173, alyvuogi\u0173 ir taukmed\u017eio sviesto aliejais padeda i\u0161laikyti nat\u016bral\u0173 odos barjer\u0105. Sud\u0117tyje yra vitamino E ir jojobos ekstrakto, kuris ramina ir gydo sudirgusi\u0105 od\u0105, tod\u0117l gali b\u016bti naudojamas tiek k\u016bnui, tiek veidui.<\/p>\n<p>Little Miracle: Ypa\u010d dr\u0117kinamasis kremas vystykl\u0173 keitimui, kuriame gausu nat\u016brali\u0173 ir r\u016bpesting\u0173 ingredient\u0173, kad visi vystykl\u0173 keitimai b\u016bt\u0173 \u0161veln\u016bs jautriai k\u016bdikio odai. Kremo sud\u0117tyje yra avi\u017e\u0173 aliejaus, kuris u\u017etikrina sveik\u0105 barjer\u0105 ir turi prie\u0161u\u017edegimin\u012f poveik\u012f, o nat\u016bral\u016bs mink\u0161tinamieji ingredientai i\u0161 jojobos, migdol\u0173 aliejaus ir taukmed\u017eio sviesto r\u016bpinasi pa\u017eeista ir sausa oda. Galima naudoti kiekvien\u0105 kart\u0105 kei\u010diant vystyklus arba esant poreikiui.<\/p>\n<p>Velvet Droplets: Raminantis k\u016bdiki\u0173 aliejus su maitinamaisiais avi\u017e\u0173 ir simondsij\u0173 aliejais, sukurtas apsaugoti ir maitinti jautri\u0105 j\u016bs\u0173 k\u016bdikio od\u0105. Ekologi\u0161ki ir nat\u016bral\u016bs aliejai atkuria nat\u016bral\u0173 odos barjer\u0105 ir suteikia odai nauj\u0105 ir \u0161velni\u0105 poj\u016bt\u012f. Aliejus naudojamas k\u016bdiki\u0173 masa\u017eui ir\/ar vonioje, po naudojimo jo nuskalauti nereikia.<\/p>\n<p>Bubble Time: Mink\u0161tas, putojantis \u0161amp\u016bnas ir k\u016bno muilas, kurio sud\u0117tyje yra maitinam\u0173j\u0173 avi\u017e\u0173 ir simondsij\u0173 aliej\u0173. \u0160velni formul\u0117 su aliejais ir alavijais u\u017etikrina \u0161veln\u0173 odos ir plauk\u0173 valym\u0105, nesukeldama sausinimo efekto. Bubble Time sukurtas naudojant nat\u016bral\u0173 plovikl\u012f, i\u0161gaut\u0105 i\u0161 kokoso, kad negrau\u017et\u0173 j\u016bs\u0173 k\u016bdikio aki\u0173.<\/p>\n<p>Produktai, kaip ir visi kiti m\u016bs\u0173 gaminiai, yra sertifikuoti alergi\u0161kai, be kvepal\u0173 ir kvapi\u0173j\u0173 med\u017eiag\u0173.<\/p>\n<p data-pm-slice=\"1 1 []\">\n<p data-pm-slice=\"1 1 []\">Sud\u0117tis:<\/p>\n<p data-pm-slice=\"1 1 []\">Velvet Droplets<br \/>\nOlus Oil, Simmondsia Chinensis Seed Oil*, PEG-20 Glyceryl Triisostearate, Avena Sativa Kernel Oil, Citric Acid<\/p>\n<p>Little Miracle<br \/>\nHelianthus Annuus Hybrid Oil*, Zinc Oxide, Tribehenin, Simmondsia Chinensis Seed Oil*, Hydrogenated Vegetable Oil, Prunus Amygdalus Dulcis Oil*, Butyrospermum Parkii Butter*, Avena Sativa Kernel Oil, Citric Acid<\/p>\n<p>Bubble Time<br \/>\nAqua, Coco-Glucoside, Glycerin*, Xanthan Gum, Aloe Barbadensis Leaf Juice Powder*, Avena Sativa Kernel Extract*, Gluconolactone, Glyceryl Caprylate, Prunus Amygdalus Dulcis Oil*, Disodium Cocoyl Glutamate, Sodium Cocoyl Glutamate, Sodium Gluconate, Lactic Acid, Potassium Sorbate, Sorbic Acid, Sodium Benzoate<\/p>\n<p>Tiny Softness<br \/>\nAqua, Glycerin*, Pentylene Glycol, Coco-Caprylate\/Caprate, Glyceryl Stearate, Butyrospermum Parkii Butter*, Cetearyl Alcohol, Glyceryl Stearate Citrate, Hydrogenated Vegetable Oil, Cetearyl Olivate, Sorbitan Olivate, Lactobacillus Ferment, Lactobacillus, Gluconolactone, Aloe Barbadensis Leaf Juice Powder*, Cocos Nucifera Fruit Extract, Glyceryl Caprylate, Prunus Amygdalus Dulcis Oil*, Tocopherol, Hydrolyzed Jojoba Esters, Jojoba Esters, Xanthan Gum, Sodium Gluconate<\/p>\n<p>*organic ingredient<\/p>\n<p data-pm-slice=\"1 1 []\">\n","protected":false},"excerpt":{"rendered":"<p>Tai puiki dovana gimus ma\u017eyliui! 4 svarbiausi\u0173 produkt\u0173 rinkinys ma\u017eylio prie\u017ei\u016brai, sukurtas gle\u017enai k\u016bdikio odai: BUBBLE TIME K\u016bdiki\u0173 \u0161amp\u016bnas ir k\u016bno prausiklis, 150 ml LITTLE MIRACLE Raminamasis sauskelni\u0173 srities balzamas, 50 ml TINY SOFTNESS Dr\u0117kinamasis odos losjonas k\u016bdikiams, 125 ml VELVET DROPLETS Puosel\u0117jamasis vonios aliejus k\u016bdikiams, 75 ml Visi 4 produktai yra pagaminti i\u0161 kruop\u0161\u010diai [&hellip;]<\/p>\n","protected":false},"featured_media":7323,"comment_status":"open","ping_status":"closed","template":"","meta":{"_monsterinsights_skip_tracking":false,"_monsterinsights_sitenote_active":false,"_monsterinsights_sitenote_note":"","_monsterinsights_sitenote_category":0},"product_brand":[],"product_cat":[106],"product_tag":[],"class_list":{"0":"post-7434","1":"product","2":"type-product","3":"status-publish","4":"has-post-thumbnail","6":"product_cat-baby-bath","7":"pa_prekes-zenklas-sokind-en","9":"first","10":"instock","11":"taxable","12":"shipping-taxable","13":"product-type-simple"},"aioseo_notices":[],"_links":{"self":[{"href":"https:\/\/mamazino.eu\/en\/wp-json\/wp\/v2\/product\/7434","targetHints":{"allow":["GET"]}}],"collection":[{"href":"https:\/\/mamazino.eu\/en\/wp-json\/wp\/v2\/product"}],"about":[{"href":"https:\/\/mamazino.eu\/en\/wp-json\/wp\/v2\/types\/product"}],"replies":[{"embeddable":true,"href":"https:\/\/mamazino.eu\/en\/wp-json\/wp\/v2\/comments?post=7434"}],"wp:featuredmedia":[{"embeddable":true,"href":"https:\/\/mamazino.eu\/en\/wp-json\/wp\/v2\/media\/7323"}],"wp:attachment":[{"href":"https:\/\/mamazino.eu\/en\/wp-json\/wp\/v2\/media?parent=7434"}],"wp:term":[{"taxonomy":"product_brand","embeddable":true,"href":"https:\/\/mamazino.eu\/en\/wp-json\/wp\/v2\/product_brand?post=7434"},{"taxonomy":"product_cat","embeddable":true,"href":"https:\/\/mamazino.eu\/en\/wp-json\/wp\/v2\/product_cat?post=7434"},{"taxonomy":"product_tag","embeddable":true,"href":"https:\/\/mamazino.eu\/en\/wp-json\/wp\/v2\/product_tag?post=7434"}],"curies":[{"name":"wp","href":"https:\/\/api.w.org\/{rel}","templated":true}]}}