{"id":7433,"date":"2024-11-18T23:04:18","date_gmt":"2024-11-18T21:04:18","guid":{"rendered":"https:\/\/mamazino.eu\/preke\/bubble-time-sampunas-ir-kuno-prausiklis-kudikiams\/"},"modified":"2024-11-18T23:04:18","modified_gmt":"2024-11-18T21:04:18","slug":"bubble-time-sampunas-ir-kuno-prausiklis-kudikiams","status":"publish","type":"product","link":"https:\/\/mamazino.eu\/en\/product\/bubble-time-sampunas-ir-kuno-prausiklis-kudikiams\/","title":{"rendered":"BUBBLE TIME \u0161amp\u016bnas ir k\u016bno prausiklis k\u016bdikiams"},"content":{"rendered":"<p data-pm-slice=\"1 1 []\">\u0160velnus, putojantis \u0161amp\u016bnas ir k\u016bno prausiklis, kurio sud\u0117tyje yra od\u0105 maitinan\u010di\u0173\u00a0<strong>nat\u016brali\u0173 avi\u017e\u0173 ir simondsij\u0173 aliej\u0173<\/strong>.<\/p>\n<p data-pm-slice=\"1 1 []\">Ypa\u010d \u0161velni formul\u0117 su nat\u016braliais aliejais ir alavijais u\u017etikrina \u0161veln\u0173 odos ir plauk\u0173 valym\u0105, nesukeldama odos sausinimo efekto. &#8220;Bubble Time&#8221; sukurtas naudojant nat\u016bral\u0173 plovikl\u012f, i\u0161gaut\u0105 i\u0161 kokoso, kad negrau\u017et\u0173 j\u016bs\u0173 k\u016bdikio aki\u0173.<\/p>\n<p data-pm-slice=\"1 1 []\">Produktas, kaip ir visi kiti m\u016bs\u0173 gaminiai, yra sertifikuota Allergy Certified ir be kvepal\u0173 ir kvapi\u0173j\u0173 med\u017eiag\u0173.<\/p>\n<p>Nauda:<br \/>\n\u2713 Ramina od\u0105 ir sudirginim\u0105<br \/>\n\u2713 Atkuria ir palaiko sveik\u0105 odos barjer\u0105<br \/>\n\u2713 Maitina jautri\u0105 k\u016bdikio od\u0105<\/p>\n<p>Talpa: 150 ml.<\/p>\n<p>Sukurtas ir pagamintas Danijoje.<\/p>\n<p data-pm-slice=\"1 1 []\">\n<p data-pm-slice=\"1 1 []\">Kaip naudoti:<\/p>\n<p data-pm-slice=\"1 1 []\">Nedidel\u012f kiekio prausiklio patrinkite tarp deln\u0173, kad susidaryt\u0173 putos. \u012emasa\u017euokite \u012f k\u016bn\u0105 ir plaukus, \u0161velniai i\u0161plaukite.<br \/>\nPo maudyni\u0173 rekomenduojame naudoti dr\u0117kinant\u012f k\u016bno losjon\u0105 TINY SOFTNESS.<\/p>\n<p data-pm-slice=\"1 1 []\">\n<p data-pm-slice=\"1 1 []\">Sud\u0117tis:<\/p>\n<p data-pm-slice=\"1 1 []\">Aqua, Coco-Glucoside, Glycerin*, Xanthan Gum, Aloe Barbadensis Leaf Juice Powder*, Avena Sativa Kernel Extract*, Gluconolactone, Glyceryl Caprylate, Prunus Amygdalus Dulcis Oil*, Disodium Cocoyl Glutamate, Sodium Cocoyl Glutamate, Sodium Gluconate, Lactic Acid, Potassium Sorbate, Sorbic Acid, Sodium Benzoate<\/p>\n<p>*organic ingredient<\/p>\n","protected":false},"excerpt":{"rendered":"<p>\u0160velnus, putojantis \u0161amp\u016bnas ir k\u016bno prausiklis, kurio sud\u0117tyje yra od\u0105 maitinan\u010di\u0173\u00a0nat\u016brali\u0173 avi\u017e\u0173 ir simondsij\u0173 aliej\u0173. Ypa\u010d \u0161velni formul\u0117 su nat\u016braliais aliejais ir alavijais u\u017etikrina \u0161veln\u0173 odos ir plauk\u0173 valym\u0105, nesukeldama odos sausinimo efekto. &#8220;Bubble Time&#8221; sukurtas naudojant nat\u016bral\u0173 plovikl\u012f, i\u0161gaut\u0105 i\u0161 kokoso, kad negrau\u017et\u0173 j\u016bs\u0173 k\u016bdikio aki\u0173. Produktas, kaip ir visi kiti m\u016bs\u0173 gaminiai, yra [&hellip;]<\/p>\n","protected":false},"featured_media":7332,"comment_status":"open","ping_status":"closed","template":"","meta":{"_monsterinsights_skip_tracking":false,"_monsterinsights_sitenote_active":false,"_monsterinsights_sitenote_note":"","_monsterinsights_sitenote_category":0},"product_brand":[],"product_cat":[106],"product_tag":[],"class_list":{"0":"post-7433","1":"product","2":"type-product","3":"status-publish","4":"has-post-thumbnail","6":"product_cat-baby-bath","7":"pa_prekes-zenklas-sokind-en","9":"first","10":"instock","11":"taxable","12":"shipping-taxable","13":"product-type-simple"},"aioseo_notices":[],"_links":{"self":[{"href":"https:\/\/mamazino.eu\/en\/wp-json\/wp\/v2\/product\/7433","targetHints":{"allow":["GET"]}}],"collection":[{"href":"https:\/\/mamazino.eu\/en\/wp-json\/wp\/v2\/product"}],"about":[{"href":"https:\/\/mamazino.eu\/en\/wp-json\/wp\/v2\/types\/product"}],"replies":[{"embeddable":true,"href":"https:\/\/mamazino.eu\/en\/wp-json\/wp\/v2\/comments?post=7433"}],"wp:featuredmedia":[{"embeddable":true,"href":"https:\/\/mamazino.eu\/en\/wp-json\/wp\/v2\/media\/7332"}],"wp:attachment":[{"href":"https:\/\/mamazino.eu\/en\/wp-json\/wp\/v2\/media?parent=7433"}],"wp:term":[{"taxonomy":"product_brand","embeddable":true,"href":"https:\/\/mamazino.eu\/en\/wp-json\/wp\/v2\/product_brand?post=7433"},{"taxonomy":"product_cat","embeddable":true,"href":"https:\/\/mamazino.eu\/en\/wp-json\/wp\/v2\/product_cat?post=7433"},{"taxonomy":"product_tag","embeddable":true,"href":"https:\/\/mamazino.eu\/en\/wp-json\/wp\/v2\/product_tag?post=7433"}],"curies":[{"name":"wp","href":"https:\/\/api.w.org\/{rel}","templated":true}]}}