{"id":7367,"date":"2024-10-21T21:28:22","date_gmt":"2024-10-21T18:28:22","guid":{"rendered":"https:\/\/mamazino.eu\/preke\/leo-et-lea-gummy-bear\/"},"modified":"2024-11-27T12:40:08","modified_gmt":"2024-11-27T10:40:08","slug":"leo-et-lea-kramtukas","status":"publish","type":"product","link":"https:\/\/mamazino.eu\/en\/product\/leo-et-lea-kramtukas\/","title":{"rendered":"Leo et lea kramtukas lokiukas"},"content":{"rendered":"<p>Kramtukas Big Bear Tether pagamintas i\u0161 maistinio silikono. I\u0161 abiej\u0173 pusi\u0173 yra mielos ir mink\u0161tos tekst\u016bros, skirtas saugiai kramtyti ir tyrin\u0117ti. Dant\u0173 dygimo skausmui mal\u0161inti, palikite kramtuk\u0105 lediniame vandenyje. Be BPA, PVC, ftalat\u0173, \u0161vino ir kadmio.<\/p>\n<p>Patikrinta CE. Sukurta Pranc\u016bzijoje. Originalus Leo et lea\u00ae dizainas (* Autori\u0173 teisi\u0173 saugomas dizainas)<br \/>\nLengvai valomas muiluotu vandeniu.<\/p>\n","protected":false},"excerpt":{"rendered":"<p>Kramtukas Big Bear Tether pagamintas i\u0161 maistinio silikono. I\u0161 abiej\u0173 pusi\u0173 yra mielos ir mink\u0161tos tekst\u016bros, skirtas saugiai kramtyti ir tyrin\u0117ti. Dant\u0173 dygimo skausmui mal\u0161inti, palikite kramtuk\u0105 lediniame vandenyje. Be BPA, PVC, ftalat\u0173, \u0161vino ir kadmio. Patikrinta CE. Sukurta Pranc\u016bzijoje. Originalus Leo et lea\u00ae dizainas (* Autori\u0173 teisi\u0173 saugomas dizainas) Lengvai valomas muiluotu vandeniu.<\/p>\n","protected":false},"featured_media":7210,"comment_status":"open","ping_status":"closed","template":"","meta":{"_monsterinsights_skip_tracking":false,"_monsterinsights_sitenote_active":false,"_monsterinsights_sitenote_note":"","_monsterinsights_sitenote_category":0},"product_brand":[],"product_cat":[103],"product_tag":[],"class_list":{"0":"post-7367","1":"product","2":"type-product","3":"status-publish","4":"has-post-thumbnail","6":"product_cat-teethers-soothers","7":"pa_prekes-zenklas-leo-et-lea-en","9":"first","10":"instock","11":"sale","12":"taxable","13":"shipping-taxable","14":"purchasable","15":"product-type-variable"},"aioseo_notices":[],"_links":{"self":[{"href":"https:\/\/mamazino.eu\/en\/wp-json\/wp\/v2\/product\/7367","targetHints":{"allow":["GET"]}}],"collection":[{"href":"https:\/\/mamazino.eu\/en\/wp-json\/wp\/v2\/product"}],"about":[{"href":"https:\/\/mamazino.eu\/en\/wp-json\/wp\/v2\/types\/product"}],"replies":[{"embeddable":true,"href":"https:\/\/mamazino.eu\/en\/wp-json\/wp\/v2\/comments?post=7367"}],"wp:featuredmedia":[{"embeddable":true,"href":"https:\/\/mamazino.eu\/en\/wp-json\/wp\/v2\/media\/7210"}],"wp:attachment":[{"href":"https:\/\/mamazino.eu\/en\/wp-json\/wp\/v2\/media?parent=7367"}],"wp:term":[{"taxonomy":"product_brand","embeddable":true,"href":"https:\/\/mamazino.eu\/en\/wp-json\/wp\/v2\/product_brand?post=7367"},{"taxonomy":"product_cat","embeddable":true,"href":"https:\/\/mamazino.eu\/en\/wp-json\/wp\/v2\/product_cat?post=7367"},{"taxonomy":"product_tag","embeddable":true,"href":"https:\/\/mamazino.eu\/en\/wp-json\/wp\/v2\/product_tag?post=7367"}],"curies":[{"name":"wp","href":"https:\/\/api.w.org\/{rel}","templated":true}]}}