{"id":7366,"date":"2024-10-21T21:51:58","date_gmt":"2024-10-21T18:51:58","guid":{"rendered":"https:\/\/mamazino.eu\/preke\/leo-et-lea-teether-kinrose\/"},"modified":"2024-11-27T12:39:40","modified_gmt":"2024-11-27T10:39:40","slug":"kramtukas-kinroze","status":"publish","type":"product","link":"https:\/\/mamazino.eu\/en\/product\/kramtukas-kinroze\/","title":{"rendered":"Leo et lea kramtukas Kinro\u017e\u0117"},"content":{"rendered":"<p>Kramtukas Kinro\u017e\u0117 \u201eLeo et lea\u201c pagamintas i\u0161 maistui tinkamo silikono, \u0161velni\u0173 spalv\u0173, dantuk\u0173 dygimo pagalbininkas.<\/p>\n<p>Nuostabaus, i\u0161skirtinio dizaino! (* Autori\u0173 teisi\u0173 saugomas dizainas)<\/p>\n","protected":false},"excerpt":{"rendered":"<p>Kramtukas Kinro\u017e\u0117 \u201eLeo et lea\u201c pagamintas i\u0161 maistui tinkamo silikono, \u0161velni\u0173 spalv\u0173, dantuk\u0173 dygimo pagalbininkas. Nuostabaus, i\u0161skirtinio dizaino! (* Autori\u0173 teisi\u0173 saugomas dizainas)<\/p>\n","protected":false},"featured_media":7215,"comment_status":"open","ping_status":"closed","template":"","meta":{"_monsterinsights_skip_tracking":false,"_monsterinsights_sitenote_active":false,"_monsterinsights_sitenote_note":"","_monsterinsights_sitenote_category":0},"product_brand":[],"product_cat":[103],"product_tag":[],"class_list":{"0":"post-7366","1":"product","2":"type-product","3":"status-publish","4":"has-post-thumbnail","6":"product_cat-teethers-soothers","7":"pa_prekes-zenklas-leo-et-lea-en","9":"first","10":"instock","11":"sale","12":"taxable","13":"shipping-taxable","14":"purchasable","15":"product-type-variable"},"aioseo_notices":[],"_links":{"self":[{"href":"https:\/\/mamazino.eu\/en\/wp-json\/wp\/v2\/product\/7366","targetHints":{"allow":["GET"]}}],"collection":[{"href":"https:\/\/mamazino.eu\/en\/wp-json\/wp\/v2\/product"}],"about":[{"href":"https:\/\/mamazino.eu\/en\/wp-json\/wp\/v2\/types\/product"}],"replies":[{"embeddable":true,"href":"https:\/\/mamazino.eu\/en\/wp-json\/wp\/v2\/comments?post=7366"}],"wp:featuredmedia":[{"embeddable":true,"href":"https:\/\/mamazino.eu\/en\/wp-json\/wp\/v2\/media\/7215"}],"wp:attachment":[{"href":"https:\/\/mamazino.eu\/en\/wp-json\/wp\/v2\/media?parent=7366"}],"wp:term":[{"taxonomy":"product_brand","embeddable":true,"href":"https:\/\/mamazino.eu\/en\/wp-json\/wp\/v2\/product_brand?post=7366"},{"taxonomy":"product_cat","embeddable":true,"href":"https:\/\/mamazino.eu\/en\/wp-json\/wp\/v2\/product_cat?post=7366"},{"taxonomy":"product_tag","embeddable":true,"href":"https:\/\/mamazino.eu\/en\/wp-json\/wp\/v2\/product_tag?post=7366"}],"curies":[{"name":"wp","href":"https:\/\/api.w.org\/{rel}","templated":true}]}}